{"id":553,"date":"2023-04-23T07:38:00","date_gmt":"2023-04-23T00:38:00","guid":{"rendered":"https:\/\/navascuba.com\/?post_type=product&#038;p=553"},"modified":"2026-04-05T15:20:06","modified_gmt":"2026-04-05T08:20:06","slug":"refresher","status":"publish","type":"product","link":"https:\/\/www.navascuba.com\/fr\/certified-diver\/refresher\/","title":{"rendered":"Remise \u00e0 niveau avec Fun Dive - reprenez confiance en vous"},"content":{"rendered":"<div><b>Nom du produit :<\/b> Remise \u00e0 niveau avec Fun Dive<\/div>\n<div><b>Nombre total de plong\u00e9es :<\/b> 2 plong\u00e9es par voyage<\/div>\n<div><b>Dur\u00e9e du cours :<\/b> 11.00 - 17.00<\/div>\n<div><b>Localisation :<\/b> Koh Tao, Tha\u00eflande<\/div>\n<div><b>Profondeur maximale :<\/b>\u00a0Commencez \u00e0 partir de 5 m\u00e8tres jusqu'\u00e0 votre limite de certification<\/div>\n<div><b>\u00c2ge minimum :<\/b> 10 ans<\/div>\n<div><b>Exp\u00e9rience :<\/b>\u00a0Un certificat de plong\u00e9e est requis<\/div>\n<h2>Dois-je suivre un cours de recyclage avant un voyage de plong\u00e9e ?<\/h2>\n<p>Un voyage de plong\u00e9e amusant est probablement ce que vous recherchez pour explorer le magnifique monde sous-marin de l'\u00eele. Il est important que vous vous souveniez de vos comp\u00e9tences en mati\u00e8re de plong\u00e9e et que vous soyez \u00e0 l'aise sous l'eau. Si vous n'avez pas plong\u00e9 depuis un certain temps (en r\u00e8gle g\u00e9n\u00e9rale, 6 mois), nous vous recommandons vivement d'effectuer une remise \u00e0 niveau avant votre voyage.<\/p>\n<p>Vous devrez vous munir d'un certificat de plong\u00e9e, qu'il s'agisse d'une version physique ou \u00e9lectronique. <strong>Le minimum requis pour Koh Tao est une certification Open Water.<\/strong>. Vous passerez en revue les principes fondamentaux de la plong\u00e9e avant de plonger jusqu'\u00e0 votre limite de profondeur possible, accompagn\u00e9 de notre guide de plong\u00e9e exp\u00e9riment\u00e9 qui vous montrera les lieux et s'assurera que vous \u00eates en s\u00e9curit\u00e9.<\/p>\n<p>Si vous souhaitez plonger mais que vous ne poss\u00e9dez pas encore de brevet, vous pouvez toujours explorer le site en effectuant une <strong><a href=\"https:\/\/www.navascuba.com\/fr\/diving-courses\/beginner\/discover-scuba-diving\/\" target=\"_blank\" rel=\"noopener\">D\u00e9couvrir la plong\u00e9e sous-marine<\/a><\/strong>. Notre instructeur tr\u00e8s exp\u00e9riment\u00e9 sera avec vous \u00e0 tout moment sous l'eau. Vous pouvez \u00e9galement choisir de commencer \u00e0 pratiquer dans la piscine pour gagner en confiance.<\/p>\n<p>Si vous \u00eates pr\u00eat \u00e0 relever un d\u00e9fi, vous pouvez \u00e9galement consulter notre site web. <a href=\"https:\/\/www.navascuba.com\/fr\/diving-courses\/cont-ed\/padi-advanced-open-water\/\" target=\"_blank\" rel=\"noopener\"><strong>PADI Advanced Open Water<\/strong><\/a> cours. C'est l'\u00e9tape suivante pour la plupart des plongeurs. Il vous permet d'augmenter votre limite de profondeur \u00e0 30 m\u00e8tres. Le cours comprend \u00e9galement d'autres aventures telles que la plong\u00e9e de nuit, la plong\u00e9e sur \u00e9pave, la navigation, le sauvetage et bien d'autres encore, qui vous permettront d'affiner vos comp\u00e9tences en mati\u00e8re de plong\u00e9e.<\/p>\n<h2>Qu'est-ce qui est inclus dans notre voyage de plong\u00e9e ?<\/h2>\n<ul>\n<li>Guide certifi\u00e9 PADI<\/li>\n<li>\u00c9quipement de plong\u00e9e sous-marine<\/li>\n<li>Assurance plong\u00e9e sous-marine<\/li>\n<li>D\u00e9jeuner<\/li>\n<li>Service de ramassage \u00e0 partir de la route principale (uniquement \u00e0 Koh Tao)<\/li>\n<li>Une heure de kayak ou de paddleboard gratuite \u00e0 partir de <a href=\"https:\/\/www.navascuba.com\/fr\/about-us\/\" target=\"_blank\" rel=\"noopener\">notre centre de plong\u00e9e<\/a><\/li>\n<\/ul>\n<h2>Notre programme de voyage<\/h2>\n<div><strong>10.15\u00a0<\/strong>R\u00e9vision de la th\u00e9orie et des comp\u00e9tences par notre divemaster<\/div>\n<div><strong>11.30<\/strong> D\u00e9jeuner avec vue dans notre centre de plong\u00e9e<\/div>\n<div><strong>12.45<\/strong>\u00a0Tous les plongeurs s'enregistrent sur notre bateau de plong\u00e9e \u00e0 l'embarcad\u00e8re.<\/div>\n<div><strong>13.00<\/strong> Le bateau quitte l'embarcad\u00e8re pour 2 sites de plong\u00e9e diff\u00e9rents<\/div>\n<div><strong>17.15<\/strong> Le bateau revient \u00e0 l'embarcad\u00e8re<\/div>\n<p><em>*Cet horaire peut \u00eatre modifi\u00e9 en fonction des conditions m\u00e9t\u00e9orologiques et d'autres facteurs.<\/em><\/p>\n<h2>Exigences pour le voyage<\/h2>\n<ul>\n<li>Le participant est \u00e2g\u00e9 d'au moins 10 ans au moment de l'exp\u00e9rience.<\/li>\n<li>Le participant est en bonne sant\u00e9 physique et mentale. Il\/elle peut vouloir consulter le formulaire m\u00e9dical PADI pour une meilleure compr\u00e9hension.<\/li>\n<li>Le participant est titulaire d'un certificat de plong\u00e9e \u00e9quivalant au moins \u00e0 un Open Water Diver PADI.<\/li>\n<\/ul>\n<p><em>*N'h\u00e9sitez pas \u00e0 <a href=\"https:\/\/www.navascuba.com\/fr\/contact-us\/\" target=\"_blank\" rel=\"noopener\">demandez \u00e0 nos professionnels de la plong\u00e9e<\/a> pour plus de d\u00e9tails.<\/em><\/p>\n<h2>Conditions g\u00e9n\u00e9rales d'utilisation<\/h2>\n<ul>\n<li>Nos sorties de plong\u00e9e peuvent \u00eatre programm\u00e9es tous les jours. Veuillez nous laisser 24 heures pour vous contacter afin de confirmer la date de plong\u00e9e que vous avez choisie apr\u00e8s le processus de paiement.<\/li>\n<li>Nos r\u00e9servations en ligne ne sont pas remboursables, sauf pour des raisons m\u00e9dicales. <span lang=\"EN-US\">s<\/span>\u00a0et dans le cas o\u00f9 nous ne parvenons pas \u00e0 r\u00e9server une date pour vous \u00e0 partir de la r\u00e9servation en ligne.<\/li>\n<\/ul>\n<p><em>*Veuillez consulter nos conditions g\u00e9n\u00e9rales d'utilisation <a href=\"https:\/\/www.navascuba.com\/fr\/terms-conditions\/\" target=\"_blank\" rel=\"noopener\">ici<\/a>.<\/em><\/p>","protected":false},"excerpt":{"rendered":"<p>Restez en s\u00e9curit\u00e9 en reprenant confiance en vous gr\u00e2ce \u00e0 notre cours de remise \u00e0 niveau avec plong\u00e9e ludique. R\u00e9visez les principes de base de la plong\u00e9e avant de vous lancer dans l'aventure !<\/p>","protected":false},"featured_media":2976,"template":"","meta":[],"product_brand":[],"product_cat":[25],"product_tag":[],"class_list":{"0":"post-553","1":"product","2":"type-product","3":"status-publish","4":"has-post-thumbnail","6":"product_cat-certified-diver","8":"first","9":"instock","10":"taxable","11":"shipping-taxable","12":"purchasable","13":"product-type-simple"},"_links":{"self":[{"href":"https:\/\/www.navascuba.com\/fr\/wp-json\/wp\/v2\/product\/553","targetHints":{"allow":["GET"]}}],"collection":[{"href":"https:\/\/www.navascuba.com\/fr\/wp-json\/wp\/v2\/product"}],"about":[{"href":"https:\/\/www.navascuba.com\/fr\/wp-json\/wp\/v2\/types\/product"}],"version-history":[{"count":0,"href":"https:\/\/www.navascuba.com\/fr\/wp-json\/wp\/v2\/product\/553\/revisions"}],"wp:featuredmedia":[{"embeddable":true,"href":"https:\/\/www.navascuba.com\/fr\/wp-json\/wp\/v2\/media\/2976"}],"wp:attachment":[{"href":"https:\/\/www.navascuba.com\/fr\/wp-json\/wp\/v2\/media?parent=553"}],"wp:term":[{"taxonomy":"product_brand","embeddable":true,"href":"https:\/\/www.navascuba.com\/fr\/wp-json\/wp\/v2\/product_brand?post=553"},{"taxonomy":"product_cat","embeddable":true,"href":"https:\/\/www.navascuba.com\/fr\/wp-json\/wp\/v2\/product_cat?post=553"},{"taxonomy":"product_tag","embeddable":true,"href":"https:\/\/www.navascuba.com\/fr\/wp-json\/wp\/v2\/product_tag?post=553"}],"curies":[{"name":"wp","href":"https:\/\/api.w.org\/{rel}","templated":true}]}}