{"id":432,"date":"2023-04-22T07:06:31","date_gmt":"2023-04-22T07:06:31","guid":{"rendered":"https:\/\/navascuba.com\/?post_type=product&#038;p=432"},"modified":"2026-01-20T12:15:05","modified_gmt":"2026-01-20T05:15:05","slug":"padi-divemaster","status":"publish","type":"product","link":"https:\/\/www.navascuba.com\/fr\/cont-ed\/padi-divemaster\/","title":{"rendered":"Stage PADI Divemaster - devenez un professionnel de la plong\u00e9e d\u00e8s aujourd'hui"},"content":{"rendered":"<div data-elementor-type=\"product-post\" data-elementor-id=\"432\" class=\"elementor elementor-432\" data-elementor-post-type=\"product\">\n\t\t\t\t<div class=\"elementor-element elementor-element-1ee3ec6 e-flex e-con-boxed e-con e-parent\" data-id=\"1ee3ec6\" data-element_type=\"container\" data-e-type=\"container\">\n\t\t\t\t\t<div class=\"e-con-inner\">\n\t\t\t\t<div class=\"elementor-element elementor-element-48e713e0 elementor-widget elementor-widget-text-editor\" data-id=\"48e713e0\" data-element_type=\"widget\" data-e-type=\"widget\" data-widget_type=\"text-editor.default\">\n\t\t\t\t\t\t\t\t\t<div><b>Nom du produit :<\/b> Stage PADI Divemaster<\/div>\n<div><b>Nombre total de plong\u00e9es :<\/b>\u00a040 &#8211; 100<\/div>\n<div><b>Dur\u00e9e du cours :<\/b> 45 - 90 jours<\/div>\n<div><b>Localisation :<\/b> Koh Tao, Tha\u00eflande<\/div>\n<div><b>Profondeur maximale :<\/b> 30 m\u00e8tres<\/div>\n<div><b>\u00c2ge minimum :<\/b> 12 ans<\/div>\n<div><b>Exp\u00e9rience :<\/b> Certification de plongeur sauveteur avec une EFR valide dans les 24 mois.<\/div>\n&nbsp;\n<h2>Pourquoi obtenir la licence de Divemaster PADI ?<\/h2>\nEmbark on an exciting new adventure and turn your passion for diving into a rewarding career with the PADI Divemaster course. As the first step into professional-level scuba diving, the Divemaster internship equips you with the skills, knowledge, and confidence to supervise and assist with dive activities, lead certified divers, and serve as an essential guide to those exploring the underwater world.\n\nUnder the guidance of our experienced PADI instructor, you&#8217;ll develop your diving expertise and leadership abilities through a combination of theory, practical exercises, and hands-on experience. With a focus on dive planning, risk management, and problem-solving, the PADI Divemaster course prepares you to become a respected leader and role model within the diving community.\n\nPADI Divemaster course is your gateway to a fulfilling career in the scuba diving industry, providing you with the professional-level skills and knowledge needed to excel as a dive leader and mentor. By undertaking this comprehensive and rewarding program, you&#8217;ll not only enhance your own diving experience but also have a lasting impact on the lives of countless divers as you share your passion for the underwater world.\n<h2>Que comprend notre stage ?<\/h2>\n<ul>\n \t<li>Instructeur certifi\u00e9 PADI et mat\u00e9riel d'apprentissage (plusieurs langues)<\/li>\n \t<li>Certification PADI Divemaster (carte \u00e9lectronique)<\/li>\n \t<li>1st time PADI Renewal Fee<\/li>\n \t<li>\u00c9quipement de plong\u00e9e sous-marine<\/li>\n \t<li>Assurance plong\u00e9e sous-marine<\/li>\n<\/ul>\n<h2>Notre calendrier de stage<\/h2>\n<div>\n<div><strong>Avant votre 40\u00e8me plong\u00e9e<\/strong><\/div>\n<ul>\n \t<li>Rassembler les plong\u00e9es et suivre un groupe de plong\u00e9e amusant<\/li>\n \t<li>Commencez votre th\u00e9orie en ligne avec notre e-learning PADI<\/li>\n<\/ul>\n<\/div>\n<div>\n<div><strong>Apr\u00e8s votre 40\u00e8me plong\u00e9e<\/strong><\/div>\n<div>\n<ul>\n \t<li>Commencez votre formation de divemaster + sc\u00e9nario<\/li>\n \t<li>Assister \u00e0 divers cours de plong\u00e9e, par exemple Open Water, Advanced, etc.<\/li>\n \t<li>Passer l'examen th\u00e9orique et l'examen de divemaster (parties 1 et 2)<\/li>\n<\/ul>\n<\/div>\n<\/div>\n<em>*Cet horaire peut \u00eatre modifi\u00e9 en fonction des conditions m\u00e9t\u00e9orologiques et d'autres facteurs.<\/em>\n<h2>Conditions pour le stage PADI Divemaster<\/h2>\n<ul>\n \t<li>Vous avez au moins 12 ans au moment de l'exp\u00e9rience et vous \u00eates titulaire d'un brevet PADI Rescue Diver et d'un Emergency First Response valide depuis moins de 24 mois.<\/li>\n \t<li>Le participant est en bonne sant\u00e9 physique et mentale. Il\/elle peut vouloir consulter le formulaire m\u00e9dical PADI pour une meilleure compr\u00e9hension.<\/li>\n<\/ul>\n<em>*N'h\u00e9sitez pas \u00e0 <a href=\"https:\/\/www.navascuba.com\/fr\/contact-us\/\" target=\"_blank\" rel=\"noopener\">demandez \u00e0 nos professionnels de la plong\u00e9e<\/a> pour plus de d\u00e9tails.<\/em>\n<h2>Conditions g\u00e9n\u00e9rales d'utilisation<\/h2>\n<ul>\n \t<li>Nos cours peuvent \u00eatre programm\u00e9s tous les jours. Veuillez nous laisser 24 heures pour vous contacter afin de confirmer la date de plong\u00e9e que vous avez choisie apr\u00e8s le processus d'inscription.<\/li>\n \t<li>Nos r\u00e9servations en ligne ne sont pas remboursables, sauf pour des raisons m\u00e9dicales et dans le cas o\u00f9 nous ne parvenons pas \u00e0 r\u00e9server une date pour vous \u00e0 partir de la r\u00e9servation en ligne.<\/li>\n<\/ul>\n<em>*Veuillez consulter nos conditions g\u00e9n\u00e9rales d'utilisation <a href=\"https:\/\/www.navascuba.com\/fr\/terms-conditions\/\" target=\"_blank\" rel=\"noopener\">ici<\/a>.<\/em>\t\t\t\t\t\t\t\t<\/div>\n\t\t\t\t\t<\/div>\n\t\t\t\t<\/div>\n\t\t\t\t<\/div>","protected":false},"excerpt":{"rendered":"<p>Le stage PADI Divemaster est votre premi\u00e8re \u00e9tape pour devenir un professionnel de la plong\u00e9e. Koh Tao peut \u00eatre votre maison. L'oc\u00e9an peut \u00eatre votre bureau !<\/p>","protected":false},"featured_media":2683,"template":"","meta":[],"product_brand":[],"product_cat":[24],"product_tag":[],"class_list":{"0":"post-432","1":"product","2":"type-product","3":"status-publish","4":"has-post-thumbnail","6":"product_cat-cont-ed","8":"first","9":"instock","10":"taxable","11":"shipping-taxable","12":"purchasable","13":"product-type-variable"},"_links":{"self":[{"href":"https:\/\/www.navascuba.com\/fr\/wp-json\/wp\/v2\/product\/432","targetHints":{"allow":["GET"]}}],"collection":[{"href":"https:\/\/www.navascuba.com\/fr\/wp-json\/wp\/v2\/product"}],"about":[{"href":"https:\/\/www.navascuba.com\/fr\/wp-json\/wp\/v2\/types\/product"}],"version-history":[{"count":0,"href":"https:\/\/www.navascuba.com\/fr\/wp-json\/wp\/v2\/product\/432\/revisions"}],"wp:featuredmedia":[{"embeddable":true,"href":"https:\/\/www.navascuba.com\/fr\/wp-json\/wp\/v2\/media\/2683"}],"wp:attachment":[{"href":"https:\/\/www.navascuba.com\/fr\/wp-json\/wp\/v2\/media?parent=432"}],"wp:term":[{"taxonomy":"product_brand","embeddable":true,"href":"https:\/\/www.navascuba.com\/fr\/wp-json\/wp\/v2\/product_brand?post=432"},{"taxonomy":"product_cat","embeddable":true,"href":"https:\/\/www.navascuba.com\/fr\/wp-json\/wp\/v2\/product_cat?post=432"},{"taxonomy":"product_tag","embeddable":true,"href":"https:\/\/www.navascuba.com\/fr\/wp-json\/wp\/v2\/product_tag?post=432"}],"curies":[{"name":"wp","href":"https:\/\/api.w.org\/{rel}","templated":true}]}}