{"id":431,"date":"2023-04-21T11:47:12","date_gmt":"2023-04-21T04:47:12","guid":{"rendered":"https:\/\/navascuba.com\/?post_type=product&#038;p=431"},"modified":"2025-12-26T12:27:16","modified_gmt":"2025-12-26T05:27:16","slug":"padi-rescue-diver","status":"publish","type":"product","link":"https:\/\/www.navascuba.com\/fr\/cont-ed\/padi-rescue-diver\/","title":{"rendered":"PADI Rescue Diver - Relevez le d\u00e9fi"},"content":{"rendered":"<div data-elementor-type=\"product-post\" data-elementor-id=\"431\" class=\"elementor elementor-431\" data-elementor-post-type=\"product\">\n\t\t\t\t<div class=\"elementor-element elementor-element-48cc3a54 e-flex e-con-boxed e-con e-parent\" data-id=\"48cc3a54\" data-element_type=\"container\" data-e-type=\"container\">\n\t\t\t\t\t<div class=\"e-con-inner\">\n\t\t\t\t<div class=\"elementor-element elementor-element-7be4fc1c elementor-widget elementor-widget-text-editor\" data-id=\"7be4fc1c\" data-element_type=\"widget\" data-e-type=\"widget\" data-widget_type=\"text-editor.default\">\n\t\t\t\t\t\t\t\t\t<div><b>Nom du produit :<\/b> PADI Rescue Diver<\/div><div><b>Nombre total de plong\u00e9es :\u00a0<\/b>4 plong\u00e9es<\/div><div><b>Dur\u00e9e du cours :<\/b>\u00a02 jours<\/div><div><b>Localisation :<\/b> Koh Tao, Tha\u00eflande<\/div><div><b>Profondeur maximale :<\/b> -<\/div><div><b>\u00c2ge minimum :<\/b> 12 ans<\/div><div><b>Exp\u00e9rience :<\/b> Certification PADI (Junior) Aventure avec une certification EFR valide<\/div><h2>Plonger au-del\u00e0 de soi-m\u00eame avec PADI Rescue Diver<\/h2><p>Jusqu'\u00e0 pr\u00e9sent, votre formation en plong\u00e9e s'est concentr\u00e9e \u00e0 juste titre sur vous : votre flottabilit\u00e9, votre consommation de gaz et votre plaisir du monde sous-marin. Le cours PADI Rescue Diver vous permet de ne plus vous focaliser sur votre propre profil de plong\u00e9e, mais sur l'ensemble de votre environnement et sur le bien-\u00eatre de tous les plongeurs de votre \u00e9quipe.<\/p><p>Ce cours vous permettra d'affiner vos capacit\u00e9s d'observation, en vous apprenant \u00e0 reconna\u00eetre les signes subtils, souvent n\u00e9glig\u00e9s, de stress ou d'inconfort chez un autre plongeur. Vous apprendrez \u00e0 rep\u00e9rer un petit probl\u00e8me d'\u00e9quipement ou un moment d'anxi\u00e9t\u00e9 et \u00e0 proposer une solution simple et rassurante avant qu'il ne se transforme en probl\u00e8me grave.<\/p><p>La raison pour laquelle un plongeur de sauvetage certifi\u00e9 peut rester calme est qu'il dispose d'une bo\u00eete \u00e0 outils mentale contenant des solutions pour presque toutes les situations. Vous apprendrez \u00e0 penser comme un sauveteur, ce qui fera de vous le plongeur que tout le monde veut suivre et le compagnon de plong\u00e9e auquel tout le monde fait implicitement confiance.<\/p><h2>Pr\u00e9parez votre prochaine \u00e9tape en tant que PADI Divemaster<\/h2><p>Avec la certification PADI Rescue Diver \u00e0 Koh Tao, vous avez obtenu la certification la plus \u00e9lev\u00e9e et la plus respect\u00e9e dans le domaine de la plong\u00e9e r\u00e9cr\u00e9ative. Vous vous trouvez maintenant \u00e0 un carrefour passionnant o\u00f9 vous pouvez \u00e9voluer vers quelque chose de plus en tant que Professionnel PADI.<\/p><p>La prochaine \u00e9tape de ce voyage est le cours PADI Divemaster. C'est le premier niveau professionnel du syst\u00e8me PADI. En tant que Divemaster, vous apprendrez \u00e0 guider les plongeurs certifi\u00e9s, \u00e0 assister les instructeurs dans leurs cours et \u00e0 partager votre amour du monde sous-marin avec des personnes du monde entier.<\/p><p>Les comp\u00e9tences et l'\u00e9tat d'esprit que vous avez acquis lors du cours de Rescue Diver constituent la base absolue de cette nouvelle \u00e9tape. Si vous \u00eates pr\u00eat \u00e0 passer au niveau sup\u00e9rieur, nous vous invitons \u00e0 d\u00e9couvrir ce qui vous attend dans notre centre de plong\u00e9e Rescue Diver. <a href=\"https:\/\/www.navascuba.com\/fr\/cont-ed\/padi-divemaster\/\">Programme PADI Divemaster<\/a> ici \u00e0 Koh Tao.<\/p><h2>Qu'est-ce qui est inclus dans notre cours PADI Rescue Diver ?<\/h2><ul><li>Instructeur certifi\u00e9 PADI et mat\u00e9riel d'apprentissage en ligne<\/li><li>Certification PADI Rescue Diver (e-card)<\/li><li>\u00c9quipement de plong\u00e9e sous-marine<\/li><li>Assurance plong\u00e9e sous-marine<\/li><li>D\u00e9jeuners<\/li><li>Service de ramassage \u00e0 partir de la route principale (uniquement \u00e0 Koh Tao)<\/li><\/ul><h2>Notre calendrier<\/h2><div><div><strong>Jour 1<\/strong><\/div><div><strong>09.30<\/strong> Th\u00e9orie en classe avec notre instructeur<\/div><div><strong>11.30<\/strong> Pause d\u00e9jeuner avec vue dans notre centre de plong\u00e9e<\/div><div><strong>12.30<\/strong> Vos 1\u00e8re et 2\u00e8me plong\u00e9es<\/div><div><strong>16.30<\/strong> Revenir au centre de plong\u00e9e<\/div><\/div><div><div><strong>Jour 2<\/strong><\/div><div><strong>09.30<\/strong> Th\u00e9orie en classe avec notre instructeur<\/div><div><strong>11.30<\/strong> Pause d\u00e9jeuner avec vue dans notre centre de plong\u00e9e<\/div><div><strong>12.30 <\/strong>Vos 3\u00e8me et 4\u00e8me plong\u00e9es<\/div><div><strong>16.30<\/strong> Revenir au centre de plong\u00e9e<\/div><\/div><p><em>*Cet horaire peut \u00eatre modifi\u00e9 en fonction des conditions m\u00e9t\u00e9orologiques et d'autres facteurs.<\/em><\/p><h2>Informations sur le cours PADI Rescue Diver<\/h2><p>Le cours PADI Rescue Diver est un programme intensif et pratique con\u00e7u pour d\u00e9velopper une v\u00e9ritable comp\u00e9tence. A travers une s\u00e9rie d'exercices en milieu confin\u00e9 et de sc\u00e9narios en milieu naturel, vous ma\u00eetriserez les comp\u00e9tences n\u00e9cessaires pour pr\u00e9venir et g\u00e9rer les situations d'urgence en plong\u00e9e :<\/p><ul><li><strong>Autosauvetage et gestion du stress des plongeurs :<\/strong> Vous apprendrez \u00e0 g\u00e9rer les dysfonctionnements courants de l'\u00e9quipement, \u00e0 surmonter les difficult\u00e9s physiques et, surtout, \u00e0 reconna\u00eetre et \u00e0 g\u00e9rer le stress chez vous et chez les autres plongeurs avant qu'il ne s'aggrave.<\/li><li><strong>Gestion et \u00e9quipement d'urgence :<\/strong> Vous apprendrez \u00e0 \u00e9laborer un plan d'action d'urgence pour n'importe quel site de plong\u00e9e, \u00e0 utiliser les \u00e9quipements d'urgence tels que les trousses de premiers secours et d'oxyg\u00e8ne, et \u00e0 informer efficacement les autres plongeurs disponibles et \u00e0 leur d\u00e9l\u00e9guer des t\u00e2ches.<\/li><li><strong>R\u00e9agir face \u00e0 un plongeur paniqu\u00e9 :<\/strong> Un plongeur paniqu\u00e9 pr\u00e9sente l'un des risques les plus importants. Vous ma\u00eetriserez des techniques sp\u00e9cifiques pour approcher et assister un plongeur paniqu\u00e9, \u00e0 la fois en surface et sous l'eau.<\/li><li><strong>Localisation et remont\u00e9e \u00e0 la surface d'un plongeur qui ne r\u00e9agit pas :<\/strong> Dans le pire des cas, chaque seconde compte. Vous apprendrez des sch\u00e9mas de recherche sous-marine efficaces pour localiser un plongeur disparu et vous pratiquerez les techniques correctes et contr\u00f4l\u00e9es pour ramener \u00e0 la surface un plongeur qui ne r\u00e9agit pas et qui ne respire pas.<\/li><li><strong>Respiration de sauvetage dans l'eau :<\/strong> Vous pratiquerez la comp\u00e9tence difficile mais salvatrice d'administrer des respirations de sauvetage dans l'eau tout en remorquant le plongeur en lieu s\u00fbr et en retirant son \u00e9quipement.<\/li><li><strong>Sortie d'un plongeur qui ne r\u00e9agit pas :<\/strong> Vous apprendrez plusieurs m\u00e9thodes pour sortir en toute s\u00e9curit\u00e9 un plongeur inconscient de l'eau et le ramener sur un bateau ou sur le rivage, ce qui est souvent l'une des parties les plus exigeantes physiquement d'un sauvetage.<\/li><li><strong>Sc\u00e9narios d'accidents int\u00e9gr\u00e9s :<\/strong> Enfin, vous assemblerez le tout. Le cours s'ach\u00e8ve par des sc\u00e9narios r\u00e9alistes, en grandeur nature, au cours desquels vous g\u00e9rerez un accident de plong\u00e9e simul\u00e9.<\/li><\/ul><p>La ma\u00eetrise de ces comp\u00e9tences est ce qui vous changera fondamentalement en tant que plongeur. Vous quitterez ce cours avec un nouveau niveau de confiance qui vous permettra d'\u00eatre un v\u00e9ritable atout lors de n'importe quelle plong\u00e9e, n'importe o\u00f9 dans le monde.<\/p><h2>Conditions requises pour le cours PADI Rescue Diver<\/h2><ul><li>Le participant est \u00e2g\u00e9 d'au moins 12 ans au moment de l'exp\u00e9rience.<\/li><li>Vous \u00eates d\u00e9j\u00e0 titulaire d'un brevet PADI Adventure Diver ou \u00e9quivalent et votre derni\u00e8re plong\u00e9e remonte \u00e0 moins de 6 mois.<\/li><li>Vous avez suivi une formation EFR en soins primaires et secondaires au cours des 24 derniers mois.<\/li><li>Le participant est en bonne sant\u00e9 physique et mentale. Il\/elle peut vouloir consulter le formulaire m\u00e9dical PADI pour une meilleure compr\u00e9hension.<\/li><\/ul><p><em>*N'h\u00e9sitez pas \u00e0 <a href=\"https:\/\/www.navascuba.com\/fr\/contact-us\/\" target=\"_blank\" rel=\"noopener\">demandez \u00e0 nos professionnels de la plong\u00e9e<\/a> pour plus de d\u00e9tails.<\/em><\/p><h2>Conditions g\u00e9n\u00e9rales d'utilisation<\/h2><p>Toutes les r\u00e9servations ne peuvent \u00eatre annul\u00e9es. La totalit\u00e9 du paiement sera perdue, sauf en cas d'urgence m\u00e9dicale ou si la r\u00e9servation est assortie d'une garantie d'annulation gratuite. Pour plus d'informations, veuillez consulter nos conditions g\u00e9n\u00e9rales. <a href=\"https:\/\/www.navascuba.com\/fr\/terms-conditions\/\" target=\"_blank\" rel=\"noopener\">ici<\/a>.<\/p>\t\t\t\t\t\t\t\t<\/div>\n\t\t\t\t\t<\/div>\n\t\t\t\t<\/div>\n\t\t\t\t<\/div>","protected":false},"excerpt":{"rendered":"<p>Le cours PADI Rescue Diver est con\u00e7u pour vous permettre d'acqu\u00e9rir les connaissances n\u00e9cessaires pour aider les autres en cas de d\u00e9tresse ou d'urgence, tout en donnant la priorit\u00e9 \u00e0 votre s\u00e9curit\u00e9.<\/p>","protected":false},"featured_media":2682,"template":"","meta":[],"product_brand":[],"product_cat":[24],"product_tag":[],"class_list":{"0":"post-431","1":"product","2":"type-product","3":"status-publish","4":"has-post-thumbnail","6":"product_cat-cont-ed","8":"first","9":"instock","10":"taxable","11":"shipping-taxable","12":"purchasable","13":"product-type-variable"},"_links":{"self":[{"href":"https:\/\/www.navascuba.com\/fr\/wp-json\/wp\/v2\/product\/431","targetHints":{"allow":["GET"]}}],"collection":[{"href":"https:\/\/www.navascuba.com\/fr\/wp-json\/wp\/v2\/product"}],"about":[{"href":"https:\/\/www.navascuba.com\/fr\/wp-json\/wp\/v2\/types\/product"}],"version-history":[{"count":0,"href":"https:\/\/www.navascuba.com\/fr\/wp-json\/wp\/v2\/product\/431\/revisions"}],"wp:featuredmedia":[{"embeddable":true,"href":"https:\/\/www.navascuba.com\/fr\/wp-json\/wp\/v2\/media\/2682"}],"wp:attachment":[{"href":"https:\/\/www.navascuba.com\/fr\/wp-json\/wp\/v2\/media?parent=431"}],"wp:term":[{"taxonomy":"product_brand","embeddable":true,"href":"https:\/\/www.navascuba.com\/fr\/wp-json\/wp\/v2\/product_brand?post=431"},{"taxonomy":"product_cat","embeddable":true,"href":"https:\/\/www.navascuba.com\/fr\/wp-json\/wp\/v2\/product_cat?post=431"},{"taxonomy":"product_tag","embeddable":true,"href":"https:\/\/www.navascuba.com\/fr\/wp-json\/wp\/v2\/product_tag?post=431"}],"curies":[{"name":"wp","href":"https:\/\/api.w.org\/{rel}","templated":true}]}}