{"id":420,"date":"2023-04-21T05:41:09","date_gmt":"2023-04-20T22:41:09","guid":{"rendered":"https:\/\/navascuba.com\/?post_type=product&#038;p=420"},"modified":"2025-12-26T12:25:24","modified_gmt":"2025-12-26T05:25:24","slug":"padi-efr","status":"publish","type":"product","link":"https:\/\/www.navascuba.com\/fr\/cont-ed\/padi-efr\/","title":{"rendered":"EFR Soins primaires et secondaires - apprendre \u00e0 sauver des vies"},"content":{"rendered":"<div data-elementor-type=\"product-post\" data-elementor-id=\"420\" class=\"elementor elementor-420\" data-elementor-post-type=\"product\">\n\t\t\t\t<div class=\"elementor-element elementor-element-6cf2c4ab e-flex e-con-boxed e-con e-parent\" data-id=\"6cf2c4ab\" data-element_type=\"container\" data-e-type=\"container\">\n\t\t\t\t\t<div class=\"e-con-inner\">\n\t\t\t\t<div class=\"elementor-element elementor-element-57ec92a3 elementor-widget elementor-widget-text-editor\" data-id=\"57ec92a3\" data-element_type=\"widget\" data-e-type=\"widget\" data-widget_type=\"text-editor.default\">\n\t\t\t\t\t\t\t\t\t<div><b>Nom du produit :<\/b>\u00a0EFR (Emergency First Response)<\/div><div><b>Nombre total de plong\u00e9es :<\/b>\u00a00 (salle de classe uniquement)<\/div><div><b>Dur\u00e9e du cours :<\/b>\u00a01 jour<\/div><div><b>Localisation :<\/b> Koh Tao, Tha\u00eflande<\/div><div><b>Profondeur maximale :<\/b> -<\/div><div><b>\u00c2ge minimum :<\/b> -<\/div><div><b>Exp\u00e9rience :<\/b> Pas n\u00e9cessaire<\/div><h2>Pourquoi tout le monde devrait suivre un cours d'EFR \u00e0 Koh Tao<\/h2><p>Koh Tao est une \u00eele b\u00e2tie sur l'aventure, qu'il s'agisse de plong\u00e9e, de trekking ou d'exploration des \u00eeles en scooter. Chaque jour est l'occasion de vivre des exp\u00e9riences incroyables. Mais dans toute aventure, l'inattendu peut survenir.<\/p><p>Suivre un cours de premiers secours ici vous permet d'\u00eatre la personne qui sait ce qu'il faut faire quand c'est le plus important. Ce cours vous apporte la tranquillit\u00e9 d'esprit qui vous permet d'\u00eatre parfaitement pr\u00e9par\u00e9, que vous soyez sur un bateau de plong\u00e9e ou sur la plage.<\/p><p>La valeur de la certification EFR s'\u00e9tend bien au-del\u00e0 de l'eau. La formation est con\u00e7ue pour des sc\u00e9narios r\u00e9els, vous donnant l'exp\u00e9rience pratique dont vous avez besoin pour rester calme et prendre des mesures efficaces dans une situation de stress.<\/p><h2>Votre \u00e9tape parfaite vers le PADI Rescue Diver<\/h2><p>PADI rend obligatoire la possession d'un certificat valide de RCP et de premiers secours avant de pouvoir \u00eatre certifi\u00e9 en tant que plongeur de sauvetage. Votre certification Emergency First Response, valable 24 mois, r\u00e9pond parfaitement \u00e0 cette exigence.<\/p><p>En compl\u00e9tant votre cours EFR avec nous \u00e0 Nava Scuba Diving, vous cr\u00e9ez une exp\u00e9rience d'apprentissage sans faille. Les comp\u00e9tences que vous ma\u00eetrisez dans la salle de classe EFR sont directement appliqu\u00e9es et d\u00e9velopp\u00e9es pendant votre cours de Rescue Diver.<\/p><p>Jetez un coup d'\u0153il \u00e0 ce qui vous attend dans notre <a href=\"https:\/\/www.navascuba.com\/fr\/cont-ed\/padi-rescue-diver\/\">PADI Rescue Diver<\/a> et voyez comment ces deux programmes se combinent pour former les plongeurs les plus comp\u00e9tents et les plus conscients.<\/p><h2>Que comprend notre cours EFR ?<\/h2><ul><li>Instructeur certifi\u00e9 PADI et mat\u00e9riel d'apprentissage en ligne<\/li><li>Certification en premiers secours (e-card)<\/li><li>Mat\u00e9riel de premiers secours<\/li><li>Service de navette pendant les cours (uniquement \u00e0 Koh Tao)<\/li><\/ul><h2>Notre calendrier<\/h2><div><div><strong>Jour 1<\/strong><\/div><div><strong>10.30<\/strong> Th\u00e9orie en classe avec r\u00e9vision vid\u00e9o<\/div><div><strong>11.30<\/strong> Pause d\u00e9jeuner avec vue dans notre centre de plong\u00e9e<\/div><div><strong>13.00 <\/strong>Poursuivre la th\u00e9orie et terminer l'examen<\/div><\/div><p><em>*Cet horaire peut \u00eatre modifi\u00e9 en fonction des conditions m\u00e9t\u00e9orologiques et d'autres facteurs.<\/em><\/p><h2>Informations sur les soins primaires et secondaires de l'EFR<\/h2><p>Le cours Emergency First Response (EFR) est con\u00e7u pour renforcer la confiance en soi dans un environnement pratique et peu stressant. La formation est divis\u00e9e en deux parties principales :<\/p><ol><li>Soins primaires (CPR) : ils traitent les urgences imm\u00e9diates mettant en jeu le pronostic vital.<\/li><li>Soins secondaires (premiers secours) : pour les situations o\u00f9 l'aide m\u00e9dicale peut \u00eatre retard\u00e9e.<\/li><\/ol><p>Vous ne resterez pas assis dans une salle de classe ; vous pratiquerez activement ces comp\u00e9tences jusqu'\u00e0 ce qu'elles deviennent une seconde nature.<\/p><h3>1. Soins primaires (CPR)<\/h3><p>C'est le c\u0153ur du cours, o\u00f9 vous ma\u00eetriserez les actions prioritaires absolues \u00e0 prendre dans les premi\u00e8res minutes critiques d'une situation d'urgence. Gr\u00e2ce \u00e0 des exercices pratiques, vous apprendrez<\/p><ul><li><strong>\u00c9valuation de la s\u00e9curit\u00e9 des sc\u00e8nes :<\/strong> La premi\u00e8re \u00e9tape cruciale consiste \u00e0 assurer sa propre s\u00e9curit\u00e9 avant d'aider les autres.<\/li><li><strong>\u00c9valuation primaire :<\/strong> Comment v\u00e9rifier rapidement et efficacement si un patient est conscient et respire normalement.<\/li><li><strong>R\u00e9animation cardio-pulmonaire (RCP) :<\/strong> Apprenez les derni\u00e8res techniques pour effectuer des compressions thoraciques et des insufflations de sauvetage de haute qualit\u00e9 sur un adulte.<\/li><li><strong>Prise en charge des h\u00e9morragies graves et des chocs :<\/strong> Ma\u00eetriser les comp\u00e9tences pratiques pour contr\u00f4ler une h\u00e9morragie grave et traiter un patient en \u00e9tat de choc, deux conditions courantes qui mettent la vie en danger.<\/li><li><strong>Gestion des l\u00e9sions de la colonne vert\u00e9brale :<\/strong> Comprendre comment minimiser les risques et apporter un soutien en cas de suspicion de blessure \u00e0 la t\u00eate, au cou ou au dos.<\/li><li><strong>Gestion de l'\u00e9touffement :<\/strong> Apprenez \u00e0 aider un adulte conscient ou inconscient qui s'\u00e9touffe.<\/li><\/ul><h3>Soins secondaires (premiers secours)<\/h3><p>Une fois que les risques vitaux imm\u00e9diats sont ma\u00eetris\u00e9s, il se peut que vous deviez encore prodiguer des soins en attendant l'arriv\u00e9e des services m\u00e9dicaux professionnels. Cette partie du cours vous apprend \u00e0 prendre en charge un large \u00e9ventail de blessures et de maladies courantes, notamment :<\/p><ul><li><strong>\u00c9valuation des blessures :<\/strong> Une m\u00e9thode syst\u00e9matique, de la t\u00eate aux pieds, pour trouver et identifier les blessures.<\/li><li><strong>\u00c9valuation de la maladie :<\/strong> Comment recueillir des informations aupr\u00e8s d'un patient r\u00e9ceptif afin de comprendre son probl\u00e8me m\u00e9dical.<\/li><li><strong>Pansements et soins des plaies :<\/strong> Techniques pratiques pour nettoyer et panser divers types de coupures et d'\u00e9raflures.<\/li><li><strong>Attelles pour les fractures et les luxations :<\/strong> Apprenez \u00e0 immobiliser correctement les membres pour \u00e9viter d'autres blessures et r\u00e9duire la douleur.<\/li><\/ul><p>Ces comp\u00e9tences sont regroup\u00e9es dans des sc\u00e9narios r\u00e9alistes, de sorte que vous n'apprenez pas seulement ce qu'il faut faire, mais que vous vous entra\u00eenez \u00e9galement \u00e0 appliquer vos connaissances dans une situation d'urgence simul\u00e9e.<\/p><h2>Exigences pour le cours<\/h2><ul><li>Le participant a un fort d\u00e9sir d'aider les autres en cas de besoin.<\/li><li>Le participant est en bonne sant\u00e9 physique et mentale. Il\/elle peut vouloir consulter le formulaire m\u00e9dical PADI pour une meilleure compr\u00e9hension.<\/li><\/ul><p><em>*N'h\u00e9sitez pas \u00e0 <a href=\"https:\/\/www.navascuba.com\/fr\/contact-us\/\" target=\"_blank\" rel=\"noopener\">demandez \u00e0 nos professionnels de la plong\u00e9e<\/a> pour plus de d\u00e9tails.<\/em><\/p><h2>Conditions g\u00e9n\u00e9rales d'utilisation<\/h2><p>Toutes les r\u00e9servations ne peuvent \u00eatre annul\u00e9es. La totalit\u00e9 du paiement sera perdue, sauf en cas d'urgence m\u00e9dicale ou si la r\u00e9servation est assortie d'une garantie d'annulation gratuite. Pour plus d'informations, veuillez consulter nos conditions g\u00e9n\u00e9rales. <a href=\"https:\/\/www.navascuba.com\/fr\/terms-conditions\/\" target=\"_blank\" rel=\"noopener\">ici<\/a>.<\/p>\t\t\t\t\t\t\t\t<\/div>\n\t\t\t\t\t<\/div>\n\t\t\t\t<\/div>\n\t\t\t\t<\/div>","protected":false},"excerpt":{"rendered":"<p>Pr\u00e9parez-vous, r\u00e9agissez et sauvez des vies. Soyez pr\u00eat \u00e0 faire face \u00e0 n'importe quelle situation d'urgence en ayant les connaissances n\u00e9cessaires en mati\u00e8re de soins primaires et secondaires gr\u00e2ce au cours PADI EFR.<\/p>","protected":false},"featured_media":2975,"template":"","meta":[],"product_brand":[],"product_cat":[24],"product_tag":[],"class_list":{"0":"post-420","1":"product","2":"type-product","3":"status-publish","4":"has-post-thumbnail","6":"product_cat-cont-ed","8":"first","9":"instock","10":"taxable","11":"shipping-taxable","12":"purchasable","13":"product-type-variable"},"_links":{"self":[{"href":"https:\/\/www.navascuba.com\/fr\/wp-json\/wp\/v2\/product\/420","targetHints":{"allow":["GET"]}}],"collection":[{"href":"https:\/\/www.navascuba.com\/fr\/wp-json\/wp\/v2\/product"}],"about":[{"href":"https:\/\/www.navascuba.com\/fr\/wp-json\/wp\/v2\/types\/product"}],"version-history":[{"count":0,"href":"https:\/\/www.navascuba.com\/fr\/wp-json\/wp\/v2\/product\/420\/revisions"}],"wp:featuredmedia":[{"embeddable":true,"href":"https:\/\/www.navascuba.com\/fr\/wp-json\/wp\/v2\/media\/2975"}],"wp:attachment":[{"href":"https:\/\/www.navascuba.com\/fr\/wp-json\/wp\/v2\/media?parent=420"}],"wp:term":[{"taxonomy":"product_brand","embeddable":true,"href":"https:\/\/www.navascuba.com\/fr\/wp-json\/wp\/v2\/product_brand?post=420"},{"taxonomy":"product_cat","embeddable":true,"href":"https:\/\/www.navascuba.com\/fr\/wp-json\/wp\/v2\/product_cat?post=420"},{"taxonomy":"product_tag","embeddable":true,"href":"https:\/\/www.navascuba.com\/fr\/wp-json\/wp\/v2\/product_tag?post=420"}],"curies":[{"name":"wp","href":"https:\/\/api.w.org\/{rel}","templated":true}]}}