{"id":379,"date":"2023-04-20T13:20:36","date_gmt":"2023-04-20T06:20:36","guid":{"rendered":"https:\/\/navascuba.com\/?post_type=product&#038;p=379"},"modified":"2026-04-03T16:39:27","modified_gmt":"2026-04-03T09:39:27","slug":"fun-diving-trip","status":"publish","type":"product","link":"https:\/\/www.navascuba.com\/fr\/certified-diver\/fun-diving-trip\/","title":{"rendered":"Voyage de plong\u00e9e amusant - explorer les sites de plong\u00e9e de Koh Tao"},"content":{"rendered":"<div data-elementor-type=\"product-post\" data-elementor-id=\"379\" class=\"elementor elementor-379\" data-elementor-post-type=\"product\">\n\t\t\t\t<div class=\"elementor-element elementor-element-269ddf2e e-flex e-con-boxed e-con e-parent\" data-id=\"269ddf2e\" data-element_type=\"container\" data-e-type=\"container\">\n\t\t\t\t\t<div class=\"e-con-inner\">\n\t\t\t\t<div class=\"elementor-element elementor-element-3f0f155a elementor-widget elementor-widget-text-editor\" data-id=\"3f0f155a\" data-element_type=\"widget\" data-e-type=\"widget\" data-widget_type=\"text-editor.default\">\n\t\t\t\t\t\t\t\t\t<div><b>Nom du produit :<\/b> Voyage de plong\u00e9e amusant<\/div><div><b>Nombre total de plong\u00e9es :<\/b> 2 plong\u00e9es par voyage<\/div><div><b>Dur\u00e9e du cours :<\/b> Demi-journ\u00e9e<\/div><div><b>Localisation :<\/b> Koh Tao, Tha\u00eflande<\/div><div><b>Profondeur maximale :<\/b> D\u00e9pend de la certification<\/div><div><b>\u00c2ge minimum :<\/b> 10 ans<\/div><div><b>Exp\u00e9rience :<\/b>\u00a0Un certificat de plong\u00e9e est requis<\/div><p>\u00a0<\/p><h2>Puis-je participer \u00e0 l'excursion de plong\u00e9e \u00e0 Koh Tao ?<\/h2><p>Un voyage de plong\u00e9e amusant est le moyen id\u00e9al d'explorer le magnifique monde sous-marin de l'\u00eele et de faire l'exp\u00e9rience de la plong\u00e9e sous-marine. Avec Nava Scuba Diving, vous aurez l'occasion d'explorer les plus beaux sites de plong\u00e9e de l'\u00eele, entour\u00e9s d'une faune marine color\u00e9e et de r\u00e9cifs coralliens \u00e9clatants.<\/p><p>Vous devez apporter votre certificat de plong\u00e9e, qu'il s'agisse d'une version physique ou \u00e9lectronique. <strong>Le minimum requis pour Koh Tao est une certification Open Water.<\/strong>. Vous serez autoris\u00e9 \u00e0 plonger jusqu'\u00e0 votre limite de profondeur possible, accompagn\u00e9 de notre guide de plong\u00e9e exp\u00e9riment\u00e9 qui vous montrera les lieux et s'assurera que vous \u00eates en s\u00e9curit\u00e9.<\/p><p>Si vous souhaitez plonger mais que vous ne poss\u00e9dez pas encore de brevet, vous pouvez toujours explorer le site en effectuant une <strong><a href=\"https:\/\/www.navascuba.com\/fr\/diving-courses\/beginner\/discover-scuba-diving\/\" target=\"_blank\" rel=\"noopener\">D\u00e9couvrir la plong\u00e9e sous-marine<\/a><\/strong>. Notre instructeur tr\u00e8s exp\u00e9riment\u00e9 sera avec vous \u00e0 tout moment sous l'eau. Vous pouvez \u00e9galement choisir de commencer \u00e0 pratiquer dans la piscine pour gagner en confiance.<\/p><p>Si vous \u00eates pr\u00eat \u00e0 relever un d\u00e9fi, vous pouvez \u00e9galement consulter notre site web. <a href=\"https:\/\/www.navascuba.com\/fr\/diving-courses\/cont-ed\/padi-advanced-open-water\/\" target=\"_blank\" rel=\"noopener\"><strong>PADI Advanced Open Water<\/strong><\/a> cours. C'est l'\u00e9tape suivante pour la plupart des plongeurs. Il vous permet d'augmenter votre limite de profondeur \u00e0 30 m\u00e8tres. Le cours comprend \u00e9galement d'autres aventures telles que la plong\u00e9e de nuit, la plong\u00e9e sur \u00e9pave, la navigation, le sauvetage et bien d'autres encore, qui vous permettront d'affiner vos comp\u00e9tences en mati\u00e8re de plong\u00e9e.<\/p><h2>Qu'est-ce qui est inclus dans notre voyage de plong\u00e9e ?<\/h2><ul><li>Guide certifi\u00e9 PADI<\/li><li>\u00c9quipement de plong\u00e9e sous-marine<\/li><li>Assurance plong\u00e9e sous-marine<\/li><li>D\u00e9jeuner<\/li><li>Service de ramassage \u00e0 partir de la route principale (uniquement \u00e0 Koh Tao)<\/li><\/ul><h2>Notre programme de voyage<\/h2><p><img decoding=\"async\" class=\"aligncenter size-large wp-image-2007\" src=\"https:\/\/navascuba.com\/wp-content\/uploads\/2025\/02\/Nava-Divesite-Schedule.webp\" alt=\"Horaire du site de plong\u00e9e Nava Scuba Diving 2025\" width=\"800\" height=\"800\" \/><\/p><p>Nous avons deux bateaux quotidiens : Le matin et l'apr\u00e8s-midi.<\/p><div><strong>Bateau du matin (07.00 - 11.00 AM)<\/strong><\/div><div><strong>06.45<\/strong>\u00a0Tous les plongeurs s'enregistrent sur notre bateau de plong\u00e9e \u00e0 l'embarcad\u00e8re.<\/div><div><strong>07.00\u00a0<\/strong>Le bateau quitte l'embarcad\u00e8re pour 2 sites de plong\u00e9e diff\u00e9rents<\/div><div><strong>11.15 <\/strong>Le bateau revient \u00e0 l'embarcad\u00e8re<\/div><div><strong>11.30<\/strong> D\u00e9jeuner avec vue dans notre centre de plong\u00e9e<\/div><div>\u00a0<\/div><div><strong>Bateau de l'apr\u00e8s-midi (12h30 - 16h30)<\/strong><\/div><div><strong>11.00<\/strong> D\u00e9jeuner avec vue dans notre centre de plong\u00e9e<\/div><div><strong>12.15<\/strong>\u00a0Tous les plongeurs s'enregistrent sur notre bateau de plong\u00e9e \u00e0 l'embarcad\u00e8re.<\/div><div><strong>12.30<\/strong> Le bateau quitte l'embarcad\u00e8re pour 2 sites de plong\u00e9e diff\u00e9rents<\/div><div><strong>04.30<\/strong>\u00a0Le bateau revient \u00e0 l'embarcad\u00e8re<\/div><p><em>*Cet horaire peut \u00eatre modifi\u00e9 en fonction des conditions m\u00e9t\u00e9orologiques et d'autres facteurs.<\/em><\/p><h2>Exigences pour le voyage<\/h2><ul><li>Le participant est \u00e2g\u00e9 d'au moins 10 ans au moment de l'exp\u00e9rience.<\/li><li>Le participant est en bonne sant\u00e9 physique et mentale. Il peut vouloir consulter le formulaire m\u00e9dical PADI pour une meilleure compr\u00e9hension.<\/li><li>Le participant est titulaire d'un certificat de plong\u00e9e \u00e9quivalant au moins \u00e0 un brevet PADI Open Water Diver.<\/li><li>Votre derni\u00e8re plong\u00e9e remonte \u00e0 moins de 6 mois. (Ou vous avez plus de 40 plong\u00e9es et poss\u00e9dez au moins un brevet PADI Advanced ou \u00e9quivalent)<\/li><\/ul><p><em>*N'h\u00e9sitez pas \u00e0 <a href=\"https:\/\/www.navascuba.com\/fr\/contact-us\/\" target=\"_blank\" rel=\"noopener\">demandez \u00e0 nos professionnels de la plong\u00e9e<\/a> pour plus de d\u00e9tails.<\/em><\/p><h2>Conditions g\u00e9n\u00e9rales d'utilisation<\/h2><p>Toutes les r\u00e9servations ne peuvent \u00eatre annul\u00e9es. La totalit\u00e9 du paiement sera perdue, sauf en cas d'urgence m\u00e9dicale ou si la r\u00e9servation est assortie d'une garantie d'annulation gratuite. Pour plus d'informations, veuillez consulter nos conditions g\u00e9n\u00e9rales. <a href=\"https:\/\/www.navascuba.com\/fr\/terms-conditions\/\" target=\"_blank\" rel=\"noopener\">ici<\/a>.<\/p>\t\t\t\t\t\t\t\t<\/div>\n\t\t\t\t\t<\/div>\n\t\t\t\t<\/div>\n\t\t\t\t<\/div>","protected":false},"excerpt":{"rendered":"<p>Chez Nava Scuba Diving, nous proposons des sorties de plong\u00e9e amusantes qui partent deux fois par jour pour les plongeurs certifi\u00e9s qui souhaitent explorer les sites de plong\u00e9e de Koh Tao.<\/p>","protected":false},"featured_media":2952,"template":"","meta":[],"product_brand":[],"product_cat":[25],"product_tag":[],"class_list":{"0":"post-379","1":"product","2":"type-product","3":"status-publish","4":"has-post-thumbnail","6":"product_cat-certified-diver","8":"first","9":"instock","10":"sale","11":"taxable","12":"shipping-taxable","13":"purchasable","14":"product-type-variable"},"_links":{"self":[{"href":"https:\/\/www.navascuba.com\/fr\/wp-json\/wp\/v2\/product\/379","targetHints":{"allow":["GET"]}}],"collection":[{"href":"https:\/\/www.navascuba.com\/fr\/wp-json\/wp\/v2\/product"}],"about":[{"href":"https:\/\/www.navascuba.com\/fr\/wp-json\/wp\/v2\/types\/product"}],"version-history":[{"count":0,"href":"https:\/\/www.navascuba.com\/fr\/wp-json\/wp\/v2\/product\/379\/revisions"}],"wp:featuredmedia":[{"embeddable":true,"href":"https:\/\/www.navascuba.com\/fr\/wp-json\/wp\/v2\/media\/2952"}],"wp:attachment":[{"href":"https:\/\/www.navascuba.com\/fr\/wp-json\/wp\/v2\/media?parent=379"}],"wp:term":[{"taxonomy":"product_brand","embeddable":true,"href":"https:\/\/www.navascuba.com\/fr\/wp-json\/wp\/v2\/product_brand?post=379"},{"taxonomy":"product_cat","embeddable":true,"href":"https:\/\/www.navascuba.com\/fr\/wp-json\/wp\/v2\/product_cat?post=379"},{"taxonomy":"product_tag","embeddable":true,"href":"https:\/\/www.navascuba.com\/fr\/wp-json\/wp\/v2\/product_tag?post=379"}],"curies":[{"name":"wp","href":"https:\/\/api.w.org\/{rel}","templated":true}]}}