{"id":373,"date":"2023-04-20T13:06:59","date_gmt":"2023-04-20T06:06:59","guid":{"rendered":"https:\/\/navascuba.com\/?post_type=product&#038;p=373"},"modified":"2026-04-06T11:27:51","modified_gmt":"2026-04-06T04:27:51","slug":"padi-advanced-open-water","status":"publish","type":"product","link":"https:\/\/www.navascuba.com\/fr\/cont-ed\/padi-advanced-open-water\/","title":{"rendered":"PADI Advanced Open Water Course - \u00eatre meilleur et aller plus loin"},"content":{"rendered":"<div data-elementor-type=\"product-post\" data-elementor-id=\"373\" class=\"elementor elementor-373\" data-elementor-post-type=\"product\">\n\t\t\t\t<div class=\"elementor-element elementor-element-3b091db e-flex e-con-boxed e-con e-parent\" data-id=\"3b091db\" data-element_type=\"container\" data-e-type=\"container\">\n\t\t\t\t\t<div class=\"e-con-inner\">\n\t\t\t\t<div class=\"elementor-element elementor-element-17a9d7d8 elementor-widget elementor-widget-text-editor\" data-id=\"17a9d7d8\" data-element_type=\"widget\" data-e-type=\"widget\" data-widget_type=\"text-editor.default\">\n\t\t\t\t\t\t\t\t\t<div><b>Nom du produit :<\/b> Cours PADI Advanced Open Water<\/div><div><b>Nombre total de plong\u00e9es :<\/b> 5 plong\u00e9es<\/div><div><b>Dur\u00e9e du cours :<\/b> 2 jours<\/div><div><b>Localisation :<\/b> Koh Tao, Tha\u00eflande<\/div><div><b>Profondeur maximale :<\/b> 30 m\u00e8tres (21 m\u00e8tres pour les moins de 13 ans)<\/div><div><b>\u00c2ge minimum :<\/b> 10 ans<\/div><div><b>Exp\u00e9rience :<\/b> Certification en eau libre (junior)<\/div><h2>Pourquoi obtenir la certification PADI Advanced Open Water ?<\/h2><p>Obtenir la certification PADI Advanced Open Water Diver est un excellent moyen de passer au niveau sup\u00e9rieur en mati\u00e8re de plong\u00e9e. Ce cours vous permet d'\u00e9largir vos comp\u00e9tences en mati\u00e8re de plong\u00e9e, de gagner en confiance et d'accumuler de l'exp\u00e9rience en mati\u00e8re de plong\u00e9e. Il s'agit d'une combinaison de plong\u00e9es d'aventure qui \u00e9l\u00e8veront votre exp\u00e9rience de la plong\u00e9e. Cela inclut une plong\u00e9e de navigation sous-marine, une plong\u00e9e de flottabilit\u00e9 maximale, une plong\u00e9e profonde, une plong\u00e9e sur \u00e9pave, une plong\u00e9e d'identification des poissons, une plong\u00e9e \u00e0 l'air enrichi, une plong\u00e9e en bateau, une plong\u00e9e de nuit, et bien d'autres choses encore. Vous pouvez essayer nos diff\u00e9rents types de plong\u00e9e et d\u00e9couvrir ce qui vous pla\u00eet le plus.<\/p><p>L'une des principales raisons d'envisager le cours Advanced Open Water de PADI est d'\u00e9tendre votre profondeur maximale \u00e0 30 m\u00e8tres (100 pieds), ouvrant l'acc\u00e8s \u00e0 une nouvelle et plus grande vari\u00e9t\u00e9 de sites de plong\u00e9e, \u00e0 la fois ceux que vous avez d\u00e9j\u00e0 plong\u00e9s et ceux que vous n'avez jamais plong\u00e9s. Cela inclut l'exploration de l'\u00e9pave, qui \u00e9tait auparavant \u00e0 une profondeur interdite, des paysages \u00e9poustouflants en profondeur, et aussi la vie marine qui vit au-del\u00e0 des hauts-fonds.<\/p><p>Une autre raison de consid\u00e9rer ce cours PADI Advanced est la s\u00e9curit\u00e9. Au fur et \u00e0 mesure que vous acquerrez de l'exp\u00e9rience et que vous plongerez dans des conditions plus difficiles, vous apprendrez \u00e0 g\u00e9rer des d\u00e9fis tels que des plong\u00e9es plus profondes et une navigation complexe \u00e0 l'aide d'un compas de plong\u00e9e. Ces comp\u00e9tences ne font pas seulement de vous un plongeur plus s\u00fbr, mais aussi un plongeur confiant et ind\u00e9pendant.<\/p><h2>Quand devriez-vous faire le cours PADI Advanced Open Water Course Koh Tao ?<\/h2><p>Le cours PADI Advanced Open Water peut \u00eatre suivi d\u00e8s que vous avez obtenu votre certification PADI Open Water. Il n'y a pas d'exp\u00e9rience minimum requise, c'est donc id\u00e9al pour tous les plongeurs qui veulent am\u00e9liorer leurs comp\u00e9tences imm\u00e9diatement ou pour ceux qui cherchent \u00e0 relever de nouveaux d\u00e9fis dans leurs aventures de plong\u00e9e.<\/p><p>Voici quelques cas de figure qui pourraient constituer un bon moment pour envisager de suivre la formation :<\/p><ol><li><strong>Juste apr\u00e8s votre certification PADI Open Water<\/strong>: Si vous \u00eates d\u00e9j\u00e0 tr\u00e8s \u00e0 l'aise pendant votre cours Open Water, il est logique de passer directement au cours Advanced Open Water. Vous pourrez ainsi conserver une grande partie de ce que vous avez appris et acqu\u00e9rir imm\u00e9diatement des comp\u00e9tences et de l'exp\u00e9rience.<\/li><li><b>Lorsque vous souhaitez approfondir vos connaissances : <\/b>Alors que de nombreux sites de Koh Tao sont parfaits pour les plongeurs Open Water avec une profondeur maximale de 18 m\u00e8tres, de nombreux sites de plong\u00e9e dans le monde entier ont des exigences minimales pour les plongeurs Advanced Open Water. En effet, la profondeur minimale requise varie d'une r\u00e9gion du monde \u00e0 l'autre.<\/li><li><strong>Quand vous voulez \u00eatre plus confiant<\/strong>: Pour les nouveaux plongeurs, la certification PADI Advanced Open Water peut aider \u00e0 renforcer la confiance en soi en fournissant aux plongeurs un instructeur qui peut les guider et leur donner des conseils sur la fa\u00e7on de devenir un meilleur plongeur. Vous aurez l'occasion de revoir votre flottabilit\u00e9, votre navigation et d'autres comp\u00e9tences sous la direction d'un instructeur, ce qui peut vous donner une grande confiance en vous.<\/li><li><strong>Pendant un voyage de plong\u00e9e ou des vacances<\/strong>: De nombreux plongeurs choisissent de suivre leur cours Advanced Open Water pendant qu'ils voyagent, car c'est un excellent moyen de profiter au maximum des sites de plong\u00e9e uniques qui s'offrent \u00e0 eux. Par exemple, si vous visitez Koh Tao, vous pouvez explorer des sites de plong\u00e9e profonde, pratiquer la navigation sous-marine et essayer une plong\u00e9e de nuit, le tout dans un cours qui comprend d\u00e9j\u00e0 tout.<\/li><\/ol><p>Afin d'\u00e9largir vos comp\u00e9tences et votre exp\u00e9rience en mati\u00e8re de plong\u00e9e, ce cours offre un aper\u00e7u de la sp\u00e9cialit\u00e9 de plong\u00e9e, comme la navigation, la flottabilit\u00e9, les profondeurs, les \u00e9paves, la photo et la vid\u00e9o, et bien d'autres choses encore. En r\u00e8gle g\u00e9n\u00e9rale, une combinaison de nos programmes vous permettra d'am\u00e9liorer votre exp\u00e9rience de la plong\u00e9e. A la fin du cours, vous serez capable de plonger \u00e0 une nouvelle profondeur maximale de 30 m\u00e8tres, ce qui est plus que suffisant pour la plupart des sites dans le monde.<\/p><h2>Qu'est-ce qui est inclus dans notre cours PADI Advanced Open Water \u00e0 Koh Tao ?<\/h2><ul><li>Instructeur certifi\u00e9 PADI et mat\u00e9riel d'apprentissage en ligne (plusieurs langues)<\/li><li>Certifications PADI (e-card)<\/li><li>\u00c9quipement de plong\u00e9e sous-marine (y compris des torches pour les plong\u00e9es de nuit et un ordinateur de plong\u00e9e)<\/li><li>Assurance plong\u00e9e sous-marine<\/li><li>D\u00e9jeuners<\/li><li>Service de ramassage \u00e0 partir de la route principale (uniquement \u00e0 Koh Tao)<\/li><\/ul><h2>Horaire du cours PADI Advanced Open Water<\/h2><div><strong>Jour 1<\/strong><\/div><div><strong>10.30<\/strong> Th\u00e9orie en classe avec notre instructeur<\/div><div><strong>11.30<\/strong> Pause d\u00e9jeuner avec vue dans notre centre de plong\u00e9e<\/div><div><strong>12.30 <\/strong>Plong\u00e9e aventure de navigation sous-marine plus une plong\u00e9e aventure facultative<\/div><div><strong>17.00<\/strong> Revenir au centre de plong\u00e9e<\/div><div><strong>18.30<\/strong> Plong\u00e9e aventure de nuit (facultative ; si vous la refusez, vous ferez une autre plong\u00e9e aventure facultative dans l'apr\u00e8s-midi)<\/div><div><strong>Jour 2<\/strong><\/div><div><strong>07.00<\/strong> Plong\u00e9e aventure profonde plus une plong\u00e9e aventure facultative<\/div><div><strong>11.00<\/strong> Pause d\u00e9jeuner et d\u00e9briefing avec vue dans notre centre de plong\u00e9e<\/div><p><em>*Cet horaire peut \u00eatre modifi\u00e9 en fonction des conditions m\u00e9t\u00e9orologiques et d'autres facteurs.<\/em><\/p><h2>Informations sur le cours PADI Advanced Open Water<\/h2><p>Le cours PADI Advanced Open Water se compose de deux sections cl\u00e9s : le d\u00e9veloppement des connaissances et la plong\u00e9e aventure. Contrairement au cours PADI Open Water, il ne n\u00e9cessite pas d'\u00e9tudes approfondies avant l'arriv\u00e9e. La majeure partie du cours se fait au centre de plong\u00e9e et pendant la plong\u00e9e elle-m\u00eame.<\/p><h3>D\u00e9veloppement des connaissances sur l'apprentissage en ligne<\/h3><p>Le d\u00e9veloppement des connaissances est associ\u00e9 aux trois plong\u00e9es aventure choisies et aux deux plong\u00e9es obligatoires. Ils sont normalement effectu\u00e9s apr\u00e8s la plong\u00e9e elle-m\u00eame, \u00e0 l'exception de la section \u2018Penser comme un plongeur\u2019 qui peut \u00eatre effectu\u00e9e \u00e0 l'avance apr\u00e8s que vous ayez re\u00e7u l'e-learning sur notre site de r\u00e9servation en ligne.<\/p><h3>Plong\u00e9es d'aventure en milieu naturel<\/h3><p>Il y a deux plong\u00e9es aventure obligatoires : Plong\u00e9e aventure profonde et Plong\u00e9e aventure navigation sous-marine. Les trois autres plong\u00e9es aventure sont des aventures facultatives que vous pouvez choisir en fonction de vos pr\u00e9f\u00e9rences. Cependant, nos instructeurs peuvent vous sugg\u00e9rer ce qu'ils pensent \u00eatre le mieux pour le d\u00e9veloppement de vos comp\u00e9tences.<\/p><h4 style=\"padding-left: 40px;\">Plong\u00e9e d'aventure profonde<\/h4><p style=\"padding-left: 40px;\">Cette plong\u00e9e d'aventure profonde vous initie aux changements et \u00e0 la s\u00e9curit\u00e9 qu'implique une plong\u00e9e profonde de plus de 18 m\u00e8tres (60 pieds). Vous descendrez \u00e0 une profondeur sup\u00e9rieure \u00e0 18 m\u00e8tres mais ne d\u00e9passant pas 30 m\u00e8tres (100 pieds) sous la supervision directe d'un instructeur professionnel PADI. Vous aurez la chance d'exp\u00e9rimenter les changements de lumi\u00e8re, de pression, et de savoir comment planifier correctement votre future aventure de plong\u00e9e profonde.<\/p><h4 style=\"padding-left: 40px;\">Navigation sous-marine Plong\u00e9e aventure<\/h4><p style=\"padding-left: 40px;\">La plong\u00e9e aventure de navigation sous-marine a pour but de devenir un plongeur capable de trouver son chemin en toute confiance sous l'eau. Vous apprendrez \u00e0 vous orienter \u00e0 l'aide d'un compas, \u00e0 estimer la distance \u00e0 l'aide des battements de palmes et \u00e0 r\u00e9aliser un sch\u00e9ma carr\u00e9\/rectangle sous l'eau.<\/p><h4 style=\"padding-left: 40px;\">Plong\u00e9e aventure en flottabilit\u00e9 haute performance (PPB)<\/h4><p style=\"padding-left: 40px;\">La flottabilit\u00e9 de pointe se concentre sur la ma\u00eetrise de la flottabilit\u00e9 neutre sous l'eau. Cela rendra vos plong\u00e9es plus fluides et plus efficaces. Mais surtout, vous risquez moins de perturber le fragile \u00e9cosyst\u00e8me marin. Vous apprenez \u00e0 maintenir une assiette et une position parfaites pour atteindre une flottabilit\u00e9 neutre tout au long de la plong\u00e9e.<\/p><h4 style=\"padding-left: 40px;\">Plong\u00e9e aventure de nuit<\/h4><p style=\"padding-left: 40px;\">D\u00e9couvrez pour la premi\u00e8re fois le monde sous-marin apr\u00e8s la tomb\u00e9e de la nuit gr\u00e2ce \u00e0 une plong\u00e9e d'aventure nocturne. Vous aurez l'occasion de plonger avec une torche et de comprendre comment la plong\u00e9e change dans l'obscurit\u00e9. Vous apprendrez des comp\u00e9tences essentielles telles que la communication avec diff\u00e9rents signaux manuels, ainsi que la mani\u00e8re d'utiliser votre \u00e9quipement dans des situations de faible luminosit\u00e9.<\/p><h4 style=\"padding-left: 40px;\">Plong\u00e9e aventure sur \u00e9pave<\/h4><p style=\"padding-left: 40px;\">Wreck adventure dive est votre introduction \u00e0 une nouvelle exploration sous-marine. Les \u00e9paves comprennent les navires, les avions et d'autres structures immerg\u00e9es. \u00c0 Koh Tao, nous avons trois \u00e9paves autour de l'\u00eele que vous pouvez choisir d'explorer. Vous apprendrez \u00e0 naviguer en toute s\u00e9curit\u00e9 sur l'\u00e9pave. Bien que vous ne puissiez pas p\u00e9n\u00e9trer dans l'\u00e9pave lors de votre premi\u00e8re plong\u00e9e aventure. Cela sert de base pour la <a href=\"https:\/\/www.navascuba.com\/fr\/cont-ed\/padi-wreck-diver\/\" target=\"_blank\" rel=\"noopener\">Cours PADI de sp\u00e9cialit\u00e9 sur les \u00e9paves<\/a> dans l'apprentissage futur.<\/p><h4 style=\"padding-left: 40px;\">Plong\u00e9e aventure d'identification des poissons<\/h4><p style=\"padding-left: 40px;\">Une fa\u00e7on amusante de comprendre les diff\u00e9rentes esp\u00e8ces sous l'eau. Vous apprendrez les diff\u00e9rents comportements, formes et couleurs, y compris le signal de la main pour identifier chaque esp\u00e8ce distincte. Ces comp\u00e9tences peuvent sembler simples, mais elles ajoutent de la profondeur \u00e0 votre voyage de plong\u00e9e.<\/p><p>Il y a beaucoup d'autres aventures de plong\u00e9e \u00e0 option parmi lesquelles vous pouvez choisir. Notre instructeur peut \u00e9galement vous recommander ce qui semble le mieux adapt\u00e9 \u00e0 vos comp\u00e9tences et \u00e0 votre exp\u00e9rience afin de vous pr\u00e9parer \u00e0 une aventure plus difficile \u00e0 l'avenir !<\/p><h2>Conditions requises pour le cours PADI avanc\u00e9<\/h2><ul><li>Le participant est \u00e2g\u00e9 d'au moins 10 ans au moment de l'exp\u00e9rience.<\/li><li>Le participant a d\u00e9j\u00e0 obtenu la certification PADI (Junior) Open Water avant le cours.<\/li><li>La derni\u00e8re plong\u00e9e du participant doit remonter \u00e0 moins d'un an de la date \u00e0 laquelle il a commenc\u00e9 le cours. En cas d'inactivit\u00e9 prolong\u00e9e, il est recommand\u00e9 d'effectuer une plong\u00e9e de remise \u00e0 niveau en m\u00eame temps que le cours pour 1 000 THB ou 1 500 THB.<\/li><li>Le participant est en bonne sant\u00e9 physique et mentale. Il\/elle peut vouloir consulter le formulaire m\u00e9dical PADI pour une meilleure compr\u00e9hension.<\/li><\/ul><p><em>*N'h\u00e9sitez pas \u00e0 <a href=\"https:\/\/www.navascuba.com\/fr\/contact-us\/\" target=\"_blank\" rel=\"noopener\">demandez \u00e0 nos professionnels de la plong\u00e9e<\/a> pour plus de d\u00e9tails.<\/em><\/p><h2>Conditions g\u00e9n\u00e9rales d'utilisation<\/h2><p>Toutes les r\u00e9servations ne peuvent \u00eatre annul\u00e9es. La totalit\u00e9 du paiement sera perdue, sauf en cas d'urgence m\u00e9dicale ou si la r\u00e9servation est assortie d'une garantie d'annulation gratuite. Pour plus d'informations, veuillez consulter nos conditions g\u00e9n\u00e9rales. <a href=\"https:\/\/www.navascuba.com\/fr\/terms-conditions\/\" target=\"_blank\" rel=\"noopener\">ici<\/a>.<\/p>\t\t\t\t\t\t\t\t<\/div>\n\t\t\t\t\t<\/div>\n\t\t\t\t<\/div>\n\t\t\t\t<\/div>","protected":false},"excerpt":{"rendered":"<p>Repoussez vos limites de profondeur et am\u00e9liorez vos comp\u00e9tences en plong\u00e9e avec la certification PADI Advanced Open Water. Choisissez vos 5 plong\u00e9es d'aventure : profonde, \u00e9pave, navigation, flottabilit\u00e9, nuit, sauvetage, air enrichi nitrox et bien plus encore.<\/p>","protected":false},"featured_media":3014,"template":"","meta":[],"product_brand":[],"product_cat":[24],"product_tag":[],"class_list":{"0":"post-373","1":"product","2":"type-product","3":"status-publish","4":"has-post-thumbnail","6":"product_cat-cont-ed","8":"first","9":"instock","10":"featured","11":"taxable","12":"shipping-taxable","13":"purchasable","14":"product-type-variable"},"_links":{"self":[{"href":"https:\/\/www.navascuba.com\/fr\/wp-json\/wp\/v2\/product\/373","targetHints":{"allow":["GET"]}}],"collection":[{"href":"https:\/\/www.navascuba.com\/fr\/wp-json\/wp\/v2\/product"}],"about":[{"href":"https:\/\/www.navascuba.com\/fr\/wp-json\/wp\/v2\/types\/product"}],"version-history":[{"count":0,"href":"https:\/\/www.navascuba.com\/fr\/wp-json\/wp\/v2\/product\/373\/revisions"}],"wp:featuredmedia":[{"embeddable":true,"href":"https:\/\/www.navascuba.com\/fr\/wp-json\/wp\/v2\/media\/3014"}],"wp:attachment":[{"href":"https:\/\/www.navascuba.com\/fr\/wp-json\/wp\/v2\/media?parent=373"}],"wp:term":[{"taxonomy":"product_brand","embeddable":true,"href":"https:\/\/www.navascuba.com\/fr\/wp-json\/wp\/v2\/product_brand?post=373"},{"taxonomy":"product_cat","embeddable":true,"href":"https:\/\/www.navascuba.com\/fr\/wp-json\/wp\/v2\/product_cat?post=373"},{"taxonomy":"product_tag","embeddable":true,"href":"https:\/\/www.navascuba.com\/fr\/wp-json\/wp\/v2\/product_tag?post=373"}],"curies":[{"name":"wp","href":"https:\/\/api.w.org\/{rel}","templated":true}]}}