{"id":3726,"date":"2025-03-28T12:23:56","date_gmt":"2025-03-28T05:23:56","guid":{"rendered":"https:\/\/navascuba.com\/?post_type=product&#038;p=3726"},"modified":"2026-02-27T09:56:52","modified_gmt":"2026-02-27T02:56:52","slug":"padi-deep-diver","status":"publish","type":"product","link":"https:\/\/www.navascuba.com\/fr\/cont-ed\/padi-deep-diver\/","title":{"rendered":"Sp\u00e9cialit\u00e9 PADI Deep Diver - explorer les nouvelles profondeurs de 40m"},"content":{"rendered":"<div data-elementor-type=\"product-post\" data-elementor-id=\"3726\" class=\"elementor elementor-3726\" data-elementor-post-type=\"product\">\n\t\t\t\t<div class=\"elementor-element elementor-element-e41092d e-flex e-con-boxed e-con e-parent\" data-id=\"e41092d\" data-element_type=\"container\" data-e-type=\"container\">\n\t\t\t\t\t<div class=\"e-con-inner\">\n\t\t\t\t<div class=\"elementor-element elementor-element-65569fef elementor-widget elementor-widget-text-editor\" data-id=\"65569fef\" data-element_type=\"widget\" data-e-type=\"widget\" data-widget_type=\"text-editor.default\">\n\t\t\t\t\t\t\t\t\t<div><b>Nom du produit :<\/b> Sp\u00e9cialit\u00e9 PADI Deep Diver<\/div><div><b>Nombre total de plong\u00e9es :<\/b> 4 plong\u00e9es<\/div><div><b>Dur\u00e9e du cours :<\/b> 2 jours<\/div><div><b>Localisation :<\/b> Koh Tao, Tha\u00eflande<\/div><div><b>Profondeur maximale :<\/b> d\u00e9pend de votre certification<\/div><div><b>\u00c2ge minimum :<\/b> 15 ans<\/div><div><b>Exp\u00e9rience :<\/b> au moins la certification PADI Adventure Diver (ou \u00e9quivalent)<\/div><h2>De nouvelles profondeurs de plong\u00e9e \u00e0 Koh Tao<\/h2><p>En tant que plongeur certifi\u00e9, vous avez d\u00e9j\u00e0 fait l'exp\u00e9rience de la magie du monde sous-marin de Koh Tao. Cependant, la plupart des sites de plong\u00e9e de ce paradis pr\u00e9sentent une autre facette plus profonde qui n'est pas \u00e0 la port\u00e9e de n'importe qui.<\/p><p>La sp\u00e9cialit\u00e9 PADI Deep Diver est la cl\u00e9 qui ouvre ce monde exclusif. C'est votre ticket pour le monde de l'au-del\u00e0 o\u00f9 tout est moins perturb\u00e9 et expos\u00e9 aux plongeurs.<\/p><p>Une fois que vous aurez obtenu votre licence Deep Diver, voici les nouvelles fonctionnalit\u00e9s qui vous seront offertes \u00e0 Koh Tao.<\/p><ul><li><b>Pinacle de Chumphon :<\/b> C'est le joyau de la couronne de Koh Tao. Un immense pinacle enti\u00e8rement recouvert d'an\u00e9mones \u00e0 son sommet. La profondeur de toute la zone atteint et peut m\u00eame d\u00e9passer les 40 m\u00e8tres. Vous avez l'occasion de patrouiller dans les profondeurs, tout en ayant une chance de rencontrer un requin-baleine en remontant.<\/li><li><b>Le pinacle du sud-ouest :<\/b> Pour ceux qui aiment les vastes paysages sous-marins, Southwest Pinnacle est un site incontournable. Ces canyons et vall\u00e9es \u00e0 couper le souffle sont sauvages et magnifiques, et offrent un autre type de sensations en plong\u00e9e profonde, en particulier avec la superficie de ce site de plong\u00e9e.<\/li><\/ul><p>Ces sites sont plus que de simples plong\u00e9es profondes ; ce sont des exp\u00e9riences de classe mondiale qui offrent un profond sentiment de d\u00e9couverte. Obtenir votre certification PADI Deep Diver est une fa\u00e7on d'inscrire ces incroyables aventures sous-marines dans votre propre carnet de plong\u00e9e.<\/p><h2>Qu'est-ce que la sp\u00e9cialit\u00e9 PADI Deep Diver ?<\/h2><p><b>Sp\u00e9cialit\u00e9 PADI Deep Diver<\/b> est un cours con\u00e7u pour permettre aux plongeurs certifi\u00e9s d'acqu\u00e9rir les comp\u00e9tences et les connaissances n\u00e9cessaires pour explorer en toute s\u00e9curit\u00e9 des environnements sous-marins plus profonds, jusqu'\u00e0 40 m\u00e8tres (130 pieds). La plong\u00e9e en profondeur ouvre un tout nouveau monde d'exp\u00e9riences, allant de l'observation de fonds marins uniques \u00e0 l'exploration de sites inaccessibles aux plongeurs r\u00e9cr\u00e9atifs sans cette formation sp\u00e9cialis\u00e9e.<\/p><p>Pendant le cours, vous vous entra\u00eenerez \u00e0 planifier et \u00e0 ex\u00e9cuter des plong\u00e9es profondes sous la direction d'un instructeur professionnel. Vous apprendrez \u00e9galement \u00e0 g\u00e9rer plus efficacement votre r\u00e9serve d'air et \u00e0 faire face \u00e0 des d\u00e9fis potentiels tels que les limites de d\u00e9compression. Ce qui est particuli\u00e8rement int\u00e9ressant, c'est qu'il ne s'agit pas seulement d'un cours th\u00e9orique ; vous b\u00e9n\u00e9ficiez d'une exp\u00e9rience pratique en plongeant progressivement plus profond\u00e9ment dans des conditions s\u00fbres et contr\u00f4l\u00e9es.<\/p><h2>Les combinaisons parfaites : Plongeur profond et air enrichi (Nitrox)<\/h2><p>Pour les plongeurs s\u00e9rieux, la combinaison des sp\u00e9cialit\u00e9s PADI Deep Diver et Enriched Air (Nitrox) change fondamentalement la donne. La certification Deep Diver vous donne l'autorisation et les comp\u00e9tences n\u00e9cessaires pour visiter des sites plus profonds. La certification Air enrichi (Nitrox) vous donne beaucoup plus de temps pour les explorer. Ensemble, ils constituent le passeport ultime pour l'aventure sous-marine.<\/p><p>L'avantage principal r\u00e9side dans un facteur essentiel : l'allongement de votre temps de non-d\u00e9compression (NDL). Votre NDL est la dur\u00e9e maximale pendant laquelle vous pouvez rester \u00e0 une certaine profondeur sans avoir besoin de faire des arr\u00eats de d\u00e9compression obligatoires lors de votre remont\u00e9e. Cette limite est d\u00e9termin\u00e9e par la quantit\u00e9 d'azote que votre corps absorbe \u00e0 partir de l'air que vous respirez - plus vous descendez profond\u00e9ment et plus vous restez longtemps, plus vous absorbez d'azote.<\/p><p>Bien que vous ne puissiez pas utiliser de l'air enrichi (Nitrox) pendant votre plong\u00e9e profonde en raison du risque de toxicit\u00e9 de l'oxyg\u00e8ne d\u00fb \u00e0 la proportion de gaz dans la bouteille Nitrox, vous pouvez en b\u00e9n\u00e9ficier pendant la plong\u00e9e cons\u00e9cutive. Vous obtiendrez plus de temps de NDL et pourrez retourner dans l'eau plus rapidement qu'en utilisant une bouteille d'air standard apr\u00e8s votre plong\u00e9e profonde.<\/p><h2>Qu'est-ce qui est inclus dans notre cours de sp\u00e9cialit\u00e9 PADI Deep Diver ?<\/h2><ul><li>Instructeur certifi\u00e9 PADI et mat\u00e9riel d'apprentissage en ligne<\/li><li>Certification PADI Deep Diver (e-card)<\/li><li>\u00c9quipement de plong\u00e9e sous-marine<\/li><li>Assurance plong\u00e9e sous-marine<\/li><li>D\u00e9jeuners (option normale\/v\u00e9g\u00e9tarienne)<\/li><li>Service de navette pendant les cours (uniquement \u00e0 Koh Tao)<\/li><\/ul><h2>Notre programme PADI Deep Diver<\/h2><div><div><strong>Jour 1<\/strong><\/div><div><strong>09.30 <\/strong>Th\u00e9orie en classe avec notre instructeur<\/div><div><strong>13.00<\/strong> Votre 1\u00e8re et 2\u00e8me plong\u00e9e \u00e0 la d\u00e9couverte des sites de Koh Tao<\/div><div><strong>17.00<\/strong> Retour au centre de plong\u00e9e et cl\u00f4ture de la journ\u00e9e.<\/div><\/div><div><div><strong>Jour 2<\/strong><\/div><div><strong>07.00<\/strong> Vos 3\u00e8me et 4\u00e8me plong\u00e9es \u00e0 la d\u00e9couverte des sites de Koh Tao<\/div><div><strong>11.00<\/strong> Pause d\u00e9jeuner et d\u00e9briefing avec vue dans notre centre de plong\u00e9e<\/div><\/div><p><em>*Cet horaire peut \u00eatre modifi\u00e9 en fonction des conditions m\u00e9t\u00e9orologiques et d'autres facteurs.<\/em><\/p><h2>Conditions requises pour le cours de sp\u00e9cialit\u00e9 PADI Deep Diver<\/h2><ul><li>Le participant est \u00e2g\u00e9 d'au moins 15 ans au moment de l'exp\u00e9rience.<\/li><li>Le participant poss\u00e8de au moins la certification PADI Adventure Diver (ou \u00e9quivalent).<\/li><li>Le participant est en bonne sant\u00e9 physique et mentale. Il\/elle peut vouloir consulter le formulaire m\u00e9dical PADI pour une meilleure compr\u00e9hension.<\/li><\/ul><p><em>*N'h\u00e9sitez pas \u00e0 <a href=\"https:\/\/www.navascuba.com\/fr\/contact-us\/\" target=\"_blank\" rel=\"noopener\">demandez \u00e0 nos professionnels de la plong\u00e9e<\/a> pour plus de d\u00e9tails.<\/em><\/p><h2>Conditions g\u00e9n\u00e9rales d'utilisation<\/h2><p>Toutes les r\u00e9servations ne peuvent \u00eatre annul\u00e9es. La totalit\u00e9 du paiement sera perdue, sauf en cas d'urgence m\u00e9dicale ou si la r\u00e9servation est assortie d'une garantie d'annulation gratuite. Pour plus d'informations, veuillez consulter nos conditions g\u00e9n\u00e9rales. <a href=\"https:\/\/www.navascuba.com\/fr\/terms-conditions\/\" target=\"_blank\" rel=\"noopener\">ici<\/a>.<\/p>\t\t\t\t\t\t\t\t<\/div>\n\t\t\t\t\t<\/div>\n\t\t\t\t<\/div>\n\t\t\t\t<\/div>","protected":false},"excerpt":{"rendered":"<p>Il est temps d'aller plus loin ! Obtenez votre brevet PADI Deep Diver \u00e0 Koh Tao et d\u00e9couvrez de nouvelles profondeurs sur des sites embl\u00e9matiques tels que le Chumphon Pinnacle et les Sail Rocks.<\/p>","protected":false},"featured_media":4410,"template":"","meta":[],"product_brand":[],"product_cat":[24],"product_tag":[65,64],"class_list":{"0":"post-3726","1":"product","2":"type-product","3":"status-publish","4":"has-post-thumbnail","6":"product_cat-cont-ed","7":"product_tag-msd","8":"product_tag-specialty","10":"first","11":"instock","12":"taxable","13":"shipping-taxable","14":"purchasable","15":"product-type-variable"},"_links":{"self":[{"href":"https:\/\/www.navascuba.com\/fr\/wp-json\/wp\/v2\/product\/3726","targetHints":{"allow":["GET"]}}],"collection":[{"href":"https:\/\/www.navascuba.com\/fr\/wp-json\/wp\/v2\/product"}],"about":[{"href":"https:\/\/www.navascuba.com\/fr\/wp-json\/wp\/v2\/types\/product"}],"version-history":[{"count":0,"href":"https:\/\/www.navascuba.com\/fr\/wp-json\/wp\/v2\/product\/3726\/revisions"}],"wp:featuredmedia":[{"embeddable":true,"href":"https:\/\/www.navascuba.com\/fr\/wp-json\/wp\/v2\/media\/4410"}],"wp:attachment":[{"href":"https:\/\/www.navascuba.com\/fr\/wp-json\/wp\/v2\/media?parent=3726"}],"wp:term":[{"taxonomy":"product_brand","embeddable":true,"href":"https:\/\/www.navascuba.com\/fr\/wp-json\/wp\/v2\/product_brand?post=3726"},{"taxonomy":"product_cat","embeddable":true,"href":"https:\/\/www.navascuba.com\/fr\/wp-json\/wp\/v2\/product_cat?post=3726"},{"taxonomy":"product_tag","embeddable":true,"href":"https:\/\/www.navascuba.com\/fr\/wp-json\/wp\/v2\/product_tag?post=3726"}],"curies":[{"name":"wp","href":"https:\/\/api.w.org\/{rel}","templated":true}]}}