{"id":3712,"date":"2025-03-27T16:16:21","date_gmt":"2025-03-27T09:16:21","guid":{"rendered":"https:\/\/navascuba.com\/?post_type=product&#038;p=3712"},"modified":"2026-01-25T09:36:17","modified_gmt":"2026-01-25T02:36:17","slug":"padi-wreck-diver","status":"publish","type":"product","link":"https:\/\/www.navascuba.com\/fr\/cont-ed\/padi-wreck-diver\/","title":{"rendered":"Sp\u00e9cialit\u00e9 PADI Wreck Diver - explorer les myst\u00e8res engloutis"},"content":{"rendered":"<div><b>Nom du produit :<\/b> Sp\u00e9cialit\u00e9 PADI Wreck Diver<\/div>\n<div><b>Nombre total de plong\u00e9es :<\/b> 4 plong\u00e9es<\/div>\n<div><b>Dur\u00e9e du cours :<\/b> 2 jours<\/div>\n<div><b>Localisation :<\/b> Koh Tao, Tha\u00eflande<\/div>\n<div><b>Profondeur maximale :<\/b> d\u00e9pend de votre certification<\/div>\n<div><b>\u00c2ge minimum :<\/b> 15 ans<\/div>\n<div><b>Exp\u00e9rience :<\/b> au moins la certification PADI Adventure Diver (ou \u00e9quivalent)<\/div>\n<p>&nbsp;<\/p>\n<h2>Qu'est-ce que la sp\u00e9cialit\u00e9 PADI Wreck Diver ?<\/h2>\n<p>Les <b>Sp\u00e9cialit\u00e9 PADI Wreck Diver<\/b> est une plong\u00e9e dans le monde fascinant des \u00e9paves. Si vous avez toujours \u00e9t\u00e9 curieux d'explorer ces capsules temporelles sous-marines, ce cours est parfait pour vous. Vous apprendrez \u00e0 plonger en toute s\u00e9curit\u00e9 autour et \u00e0 l'int\u00e9rieur des \u00e9paves et \u00e0 planifier vos plong\u00e9es pour \u00e9viter tout danger potentiel. Le cours couvre 3 aspects de l'exploration des \u00e9paves :<\/p>\n<ol>\n<li><strong>Planifier vos plong\u00e9es sur \u00e9paves<\/strong> - Comment aborder en toute s\u00e9curit\u00e9 une plong\u00e9e sur \u00e9pave, en tenant compte de facteurs tels que la profondeur, le courant et la visibilit\u00e9.<\/li>\n<li><strong>Entrer dans une \u00e9pave et y naviguer en toute s\u00e9curit\u00e9<\/strong> - Apprenez les techniques d'entr\u00e9e et d'exploration en toute s\u00e9curit\u00e9, en particulier comment contr\u00f4ler votre flottabilit\u00e9 dans les espaces restreints et \u00e9viter de perturber les vases.<\/li>\n<li><strong>Reconna\u00eetre les dangers de la plong\u00e9e sur \u00e9pave<\/strong> - Les \u00e9paves peuvent \u00eatre des endroits d\u00e9licats avec des espaces \u00e9troits et des dangers cach\u00e9s. Nous verrons donc comment rep\u00e9rer les risques tels que les enchev\u00eatrements ou les objets tranchants et comment les g\u00e9rer.<\/li>\n<\/ol>\n<p>C'est une fa\u00e7on tr\u00e8s amusante d'approfondir vos connaissances en mati\u00e8re de plong\u00e9e et d'ajouter un peu d'aventure \u00e0 vos plong\u00e9es, tout en vous assurant que vous le faites en toute s\u00e9curit\u00e9 !<\/p>\n<h2>Pourquoi faire la sp\u00e9cialit\u00e9 PADI Wreck Diver \u00e0 Koh Tao ?<\/h2>\n<p>Koh Tao est un endroit absolument parfait pour suivre la sp\u00e9cialit\u00e9 PADI Wreck Diver. L'\u00eele abrite une vari\u00e9t\u00e9 de sites d'\u00e9paves fantastiques, dont le HTMS Sattakut, un navire militaire coul\u00e9 \u00e0 dessein, ainsi qu'une \u00e9pave r\u00e9cemment coul\u00e9e : HTMS Suphairin. Comme ces deux \u00e9paves ne sont pas tr\u00e8s \u00e9loign\u00e9es de la c\u00f4te, c'est un environnement id\u00e9al pour apprendre les comp\u00e9tences essentielles n\u00e9cessaires \u00e0 la plong\u00e9e sur \u00e9pave.<\/p>\n<p>Les eaux chaudes et claires autour de Koh Tao sont un grand avantage. Avec une excellente visibilit\u00e9, la navigation sur les \u00e9paves devient beaucoup plus facile, et les temp\u00e9ratures agr\u00e9ables de l'eau permettent des plong\u00e9es plus longues et plus agr\u00e9ables. Nava Scuba Diving est l'un des meilleurs centres de plong\u00e9e de Koh Tao sp\u00e9cialis\u00e9 dans la plong\u00e9e sur \u00e9pave. Nos instructeurs ont une connaissance approfondie des sites d'\u00e9paves locaux, ce qui vous permet de b\u00e9n\u00e9ficier d'une formation de premier ordre tout en restant en s\u00e9curit\u00e9 lors de vos plong\u00e9es.<\/p>\n<p>La vari\u00e9t\u00e9 des exp\u00e9riences de plong\u00e9e sur l'\u00eele est une autre raison pour laquelle Koh Tao est id\u00e9ale pour la plong\u00e9e sur \u00e9paves. Que vous soyez d\u00e9butant ou que vous souhaitiez explorer des \u00e9paves plus avanc\u00e9es, l'\u00eele propose des sites adapt\u00e9s \u00e0 tous les niveaux. Par exemple, vous pouvez explorer le HTMS Sattakut, qui est moins profond et plus adapt\u00e9 aux d\u00e9butants. Mais si vous voulez relever un d\u00e9fi et explorer une \u00e9pave plus profonde, vous pouvez toujours plonger sur l'\u00e9pave HTMS Suphairin.<\/p>\n<h2>Qu'est-ce qui est inclus dans notre cours PADI Wreck Diver Specialty ?<\/h2>\n<ul>\n<li>Instructeur certifi\u00e9 PADI et mat\u00e9riel d'apprentissage (plusieurs langues)<\/li>\n<li>Certification PADI Wreck Diver (e-card)<\/li>\n<li>\u00c9quipement de plong\u00e9e sous-marine<\/li>\n<li>Assurance plong\u00e9e sous-marine<\/li>\n<li>D\u00e9jeuners (le jour de la plong\u00e9e)<\/li>\n<li>Service de ramassage \u00e0 partir de la route principale (uniquement \u00e0 Koh Tao)<\/li>\n<li>Une heure de kayak ou de paddleboard gratuite \u00e0 partir de <a href=\"https:\/\/www.navascuba.com\/fr\/about-us\/\" target=\"_blank\" rel=\"noopener\">notre centre de plong\u00e9e<\/a><\/li>\n<\/ul>\n<p>&nbsp;<\/p>\n<h2>Notre programme PADI Wreck Diver<\/h2>\n<div>\n<div><strong>Jour 1<\/strong><\/div>\n<div><strong>09.30 <\/strong>Th\u00e9orie en classe avec notre instructeur<\/div>\n<div><strong>13.00<\/strong> Votre 1\u00e8re et 2\u00e8me plong\u00e9e \u00e0 la d\u00e9couverte des sites de Koh Tao<\/div>\n<div><strong>17.00<\/strong> Retour au centre de plong\u00e9e et cl\u00f4ture de la journ\u00e9e.<\/div>\n<\/div>\n<div>\n<div><strong>Jour 2<\/strong><\/div>\n<div><strong>07.00<\/strong> Vos 3\u00e8me et 4\u00e8me plong\u00e9es \u00e0 la d\u00e9couverte des sites de Koh Tao<\/div>\n<div><strong>11.00<\/strong> Pause d\u00e9jeuner et d\u00e9briefing avec vue dans notre centre de plong\u00e9e<\/div>\n<\/div>\n<p><em>*Cet horaire peut \u00eatre modifi\u00e9 en fonction des conditions m\u00e9t\u00e9orologiques et d'autres facteurs.<\/em><\/p>\n<h2>Conditions requises pour le cours de sp\u00e9cialit\u00e9 PADI Wreck Diver<\/h2>\n<ul>\n<li>Le participant est \u00e2g\u00e9 d'au moins 15 ans au moment de l'exp\u00e9rience.<\/li>\n<li>Le participant poss\u00e8de au moins la certification PADI Adventure Diver (ou \u00e9quivalent).<\/li>\n<li>Le participant est en bonne sant\u00e9 physique et mentale. Il\/elle peut vouloir consulter le formulaire m\u00e9dical PADI pour une meilleure compr\u00e9hension.<\/li>\n<\/ul>\n<p><em>*N'h\u00e9sitez pas \u00e0 <a href=\"https:\/\/www.navascuba.com\/fr\/contact-us\/\" target=\"_blank\" rel=\"noopener\">demandez \u00e0 nos professionnels de la plong\u00e9e<\/a> pour plus de d\u00e9tails.<\/em><\/p>\n<h2>Conditions g\u00e9n\u00e9rales d'utilisation<\/h2>\n<ul>\n<li>Notre cours de sp\u00e9cialit\u00e9 de plong\u00e9e sur \u00e9pave peut \u00eatre programm\u00e9 tous les jours. Veuillez nous laisser 24 heures pour vous contacter afin de confirmer la date de plong\u00e9e que vous pr\u00e9f\u00e9rez apr\u00e8s le processus de paiement.<\/li>\n<li>Nos r\u00e9servations en ligne ne sont pas remboursables, sauf pour des raisons m\u00e9dicales et dans le cas o\u00f9 nous ne parvenons pas \u00e0 r\u00e9server une date pour vous \u00e0 partir de la r\u00e9servation en ligne.<\/li>\n<\/ul>\n<p><em>*Veuillez consulter nos conditions g\u00e9n\u00e9rales d'utilisation <a href=\"https:\/\/www.navascuba.com\/fr\/terms-conditions\/\" target=\"_blank\" rel=\"noopener\">ici<\/a>.<\/em><\/p>","protected":false},"excerpt":{"rendered":"<p>Explorez et p\u00e9n\u00e9trez \u00e0 l'int\u00e9rieur de l'\u00e9pave avec la sp\u00e9cialit\u00e9 PADI Wreck Diver. D\u00e9couvrez les myst\u00e8res que rec\u00e8lent les navires militaires tels que le HTMS Sattakut \u00e0 Koh Tao.<\/p>","protected":false},"featured_media":3717,"template":"","meta":[],"product_brand":[],"product_cat":[24],"product_tag":[],"class_list":{"0":"post-3712","1":"product","2":"type-product","3":"status-publish","4":"has-post-thumbnail","6":"product_cat-cont-ed","8":"first","9":"instock","10":"taxable","11":"shipping-taxable","12":"purchasable","13":"product-type-variable"},"_links":{"self":[{"href":"https:\/\/www.navascuba.com\/fr\/wp-json\/wp\/v2\/product\/3712","targetHints":{"allow":["GET"]}}],"collection":[{"href":"https:\/\/www.navascuba.com\/fr\/wp-json\/wp\/v2\/product"}],"about":[{"href":"https:\/\/www.navascuba.com\/fr\/wp-json\/wp\/v2\/types\/product"}],"version-history":[{"count":0,"href":"https:\/\/www.navascuba.com\/fr\/wp-json\/wp\/v2\/product\/3712\/revisions"}],"wp:featuredmedia":[{"embeddable":true,"href":"https:\/\/www.navascuba.com\/fr\/wp-json\/wp\/v2\/media\/3717"}],"wp:attachment":[{"href":"https:\/\/www.navascuba.com\/fr\/wp-json\/wp\/v2\/media?parent=3712"}],"wp:term":[{"taxonomy":"product_brand","embeddable":true,"href":"https:\/\/www.navascuba.com\/fr\/wp-json\/wp\/v2\/product_brand?post=3712"},{"taxonomy":"product_cat","embeddable":true,"href":"https:\/\/www.navascuba.com\/fr\/wp-json\/wp\/v2\/product_cat?post=3712"},{"taxonomy":"product_tag","embeddable":true,"href":"https:\/\/www.navascuba.com\/fr\/wp-json\/wp\/v2\/product_tag?post=3712"}],"curies":[{"name":"wp","href":"https:\/\/api.w.org\/{rel}","templated":true}]}}