{"id":2098,"date":"2024-04-02T17:20:24","date_gmt":"2024-04-02T10:20:24","guid":{"rendered":"https:\/\/navascuba.com\/?post_type=product&#038;p=2098"},"modified":"2026-01-22T19:50:25","modified_gmt":"2026-01-22T12:50:25","slug":"referral-padi-open-water","status":"publish","type":"product","link":"https:\/\/www.navascuba.com\/fr\/beginner\/referral-padi-open-water\/","title":{"rendered":"Cours PADI Open Water de r\u00e9f\u00e9rence - compl\u00e9tez votre PADI \u00e0 Koh Tao"},"content":{"rendered":"<div><b>Nom du produit :<\/b> R\u00e9f\u00e9rence Cours PADI Open Water<\/div>\n<div><b>Nombre total de plong\u00e9es :<\/b> 2 \u00e0 4 plong\u00e9es en milieu naturel (peut inclure une session en milieu confin\u00e9)<\/div>\n<div><b>Dur\u00e9e du cours :<\/b> 2-3 jours<\/div>\n<div><b>Localisation :<\/b> Koh Tao, Tha\u00eflande<\/div>\n<div><b>Profondeur maximale :<\/b> 18 m\u00e8tres (12 m\u00e8tres pour les moins de 13 ans)<\/div>\n<div><b>\u00c2ge minimum :<\/b> 10 ans<\/div>\n<div><b>Exp\u00e9rience :<\/b> Le formulaire de r\u00e9f\u00e9rence et l'apprentissage en ligne PADI sont n\u00e9cessaires.<\/div>\n<p>&nbsp;<\/p>\n<h2>Puis-je poursuivre ma plong\u00e9e Open Water \u00e0 Koh Tao ?<\/h2>\n<p>Absolument ! Si vous avez suivi le cours ailleurs mais que vous n'avez pas rempli toutes les conditions, vous pouvez compl\u00e9ter le reste du cours dans notre centre de plong\u00e9e. Nous avons seulement besoin de votre code d'apprentissage en ligne PADI pour v\u00e9rifier vos progr\u00e8s th\u00e9oriques et du formulaire de r\u00e9f\u00e9rence PADI pour v\u00e9rifier vos comp\u00e9tences.<\/p>\n<p>Nous avons toutes les options possibles, que vous ayez besoin de faire deux ou quatre plong\u00e9es en milieu naturel et m\u00eame la partie en milieu prot\u00e9g\u00e9. Veillez \u00e0 ce que le formulaire de recommandation ne soit valable que 12 mois. N'attendez donc pas trop longtemps pour obtenir votre premi\u00e8re certification PADI.<\/p>\n<h2>Puis-je commencer les cours th\u00e9oriques et pratiques dans mon centre de plong\u00e9e local et les terminer \u00e0 Koh Tao ?<\/h2>\n<p>Si vous souhaitez r\u00e9duire le nombre de jours de cours \u00e0 Koh Tao, vous pouvez commencer le cours dans le centre de plong\u00e9e PADI le plus proche. Au moins, nous vous sugg\u00e9rons de compl\u00e9ter toutes les th\u00e9ories, les r\u00e9visions, les quiz et les examens. De cette fa\u00e7on, lorsque vous arriverez, nous pourrons nous concentrer enti\u00e8rement sur les techniques de plong\u00e9e.<\/p>\n<p>Cependant, dans l'id\u00e9al, nous vous recommandons d'effectuer \u00e9galement les comp\u00e9tences en milieu prot\u00e9g\u00e9 avec votre centre de plong\u00e9e local. Avec la th\u00e9orie et les comp\u00e9tences en milieu confin\u00e9 compl\u00e9t\u00e9es avant de venir \u00e0 Koh Tao, vous pouvez faire les 4 autres plong\u00e9es en milieu naturel sans soucis. De cette fa\u00e7on, vous n'aurez besoin que de deux jours avec nous pour obtenir la certification PADI Open Water.<\/p>\n<h2>Qu'est-ce qui est inclus dans notre cours PADI Open Water partiel ?<\/h2>\n<ul>\n<li>Instructeur certifi\u00e9 PADI<\/li>\n<li>\u00c9quipement de plong\u00e9e sous-marine<\/li>\n<li>Assurance plong\u00e9e sous-marine<\/li>\n<li>D\u00e9jeuners (option normale\/v\u00e9g\u00e9tarienne)<\/li>\n<li>Service de ramassage \u00e0 partir de la route principale (uniquement \u00e0 Koh Tao)<\/li>\n<li>Une heure de kayak ou de paddleboard gratuite \u00e0 partir de <a href=\"https:\/\/www.navascuba.com\/fr\/about-us\/\" target=\"_blank\" rel=\"noopener\">notre centre de plong\u00e9e<\/a><\/li>\n<\/ul>\n<p>&nbsp;<\/p>\n<h2>Notre programme partiel d'eau libre<\/h2>\n<div>\n<div><strong>Jour 1 (saut\u00e9 si les comp\u00e9tences en eau confin\u00e9e ont \u00e9t\u00e9 acquises)<\/strong><\/div>\n<div><strong>10.30<\/strong> Revue rapide de la th\u00e9orie<\/div>\n<div><strong>11.30<\/strong> Pause d\u00e9jeuner avec vue dans notre centre de plong\u00e9e<\/div>\n<div><strong>13.00<\/strong> Entra\u00eenement dans l'eau, en piscine ou dans l'oc\u00e9an<\/div>\n<div><strong>17.00<\/strong> Revenir au centre de plong\u00e9e<\/div>\n<\/div>\n<div>\n<div><strong>Jour 2<\/strong><\/div>\n<div><strong>10.30<\/strong> R\u00e9vision rapide de la th\u00e9orie (si elle n'a pas \u00e9t\u00e9 faite le 1er jour)<\/div>\n<div><strong>11.30<\/strong> Pause d\u00e9jeuner avec vue dans notre centre de plong\u00e9e<\/div>\n<div><strong>13.00\u00a0<\/strong>Vos 1\u00e8re et 2\u00e8me plong\u00e9es en milieu naturel sur les sites de Koh Tao<\/div>\n<div><strong>17.00<\/strong> Revenir au centre de plong\u00e9e<\/div>\n<\/div>\n<div>\n<div><strong>Jour 3 (ou 13.00-17.00 si vous n'avez que 2 plong\u00e9es restantes)<\/strong><\/div>\n<div><strong>07.00<\/strong> Vos 3\u00e8me et 4\u00e8me plong\u00e9es en milieu naturel sur les sites de Koh Tao<\/div>\n<div><strong>11.00<\/strong> Pause d\u00e9jeuner et d\u00e9briefing avec vue dans notre centre de plong\u00e9e<\/div>\n<\/div>\n<p><em>*Cet horaire peut \u00eatre modifi\u00e9 en fonction des conditions m\u00e9t\u00e9orologiques et d'autres facteurs.<\/em><\/p>\n<h2>Conditions de r\u00e9f\u00e9rence Cours PADI Open Water<\/h2>\n<ul>\n<li>Le participant est \u00e2g\u00e9 d'au moins 10 ans au moment de l'exp\u00e9rience.<\/li>\n<li>Le participant poss\u00e8de un formulaire de r\u00e9f\u00e9rence PADI valide qui a \u00e9t\u00e9 sign\u00e9 au cours des 12 derniers mois.<\/li>\n<li>Le participant a un code PADI e-learning valide assign\u00e9 \u00e0 son compte.<\/li>\n<li>Le participant est en bonne sant\u00e9 physique et mentale. Il\/elle peut vouloir consulter le formulaire m\u00e9dical PADI pour une meilleure compr\u00e9hension.<\/li>\n<\/ul>\n<p><em>*N'h\u00e9sitez pas \u00e0 <a href=\"https:\/\/www.navascuba.com\/fr\/contact-us\/\" target=\"_blank\" rel=\"noopener\">demandez \u00e0 nos professionnels de la plong\u00e9e<\/a> pour plus de d\u00e9tails.<\/em><\/p>\n<h2>Conditions g\u00e9n\u00e9rales d'utilisation<\/h2>\n<ul>\n<li>Notre cours d'Open Water partiel peut \u00eatre programm\u00e9 tous les jours. Veuillez nous laisser 24 heures pour vous contacter afin de confirmer la date de plong\u00e9e que vous pr\u00e9f\u00e9rez apr\u00e8s le processus de paiement.<\/li>\n<li>Nos r\u00e9servations en ligne ne sont pas remboursables, sauf pour des raisons m\u00e9dicales et dans le cas o\u00f9 nous ne parvenons pas \u00e0 r\u00e9server une date pour vous \u00e0 partir de la r\u00e9servation en ligne.<\/li>\n<\/ul>\n<p><em>*Veuillez consulter nos conditions g\u00e9n\u00e9rales d'utilisation <a href=\"https:\/\/www.navascuba.com\/fr\/terms-conditions\/\" target=\"_blank\" rel=\"noopener\">ici<\/a>.<\/em><\/p>","protected":false},"excerpt":{"rendered":"<p>Compl\u00e9tez votre cours PADI Open Water \u00e0 Koh Tao. Vous avez seulement besoin d'un formulaire de r\u00e9f\u00e9rence PADI valide et le reste est pour nous ! Profitez de vos plong\u00e9es dans l'eau tropicale et devenez certifi\u00e9 PADI.<\/p>","protected":false},"featured_media":2971,"template":"","meta":[],"product_brand":[],"product_cat":[22],"product_tag":[],"class_list":{"0":"post-2098","1":"product","2":"type-product","3":"status-publish","4":"has-post-thumbnail","6":"product_cat-beginner","8":"first","9":"instock","10":"taxable","11":"shipping-taxable","12":"purchasable","13":"product-type-variable"},"_links":{"self":[{"href":"https:\/\/www.navascuba.com\/fr\/wp-json\/wp\/v2\/product\/2098","targetHints":{"allow":["GET"]}}],"collection":[{"href":"https:\/\/www.navascuba.com\/fr\/wp-json\/wp\/v2\/product"}],"about":[{"href":"https:\/\/www.navascuba.com\/fr\/wp-json\/wp\/v2\/types\/product"}],"version-history":[{"count":0,"href":"https:\/\/www.navascuba.com\/fr\/wp-json\/wp\/v2\/product\/2098\/revisions"}],"wp:featuredmedia":[{"embeddable":true,"href":"https:\/\/www.navascuba.com\/fr\/wp-json\/wp\/v2\/media\/2971"}],"wp:attachment":[{"href":"https:\/\/www.navascuba.com\/fr\/wp-json\/wp\/v2\/media?parent=2098"}],"wp:term":[{"taxonomy":"product_brand","embeddable":true,"href":"https:\/\/www.navascuba.com\/fr\/wp-json\/wp\/v2\/product_brand?post=2098"},{"taxonomy":"product_cat","embeddable":true,"href":"https:\/\/www.navascuba.com\/fr\/wp-json\/wp\/v2\/product_cat?post=2098"},{"taxonomy":"product_tag","embeddable":true,"href":"https:\/\/www.navascuba.com\/fr\/wp-json\/wp\/v2\/product_tag?post=2098"}],"curies":[{"name":"wp","href":"https:\/\/api.w.org\/{rel}","templated":true}]}}