{"id":2084,"date":"2024-04-01T10:22:22","date_gmt":"2024-04-01T03:22:22","guid":{"rendered":"https:\/\/navascuba.com\/?post_type=product&#038;p=2084"},"modified":"2026-03-30T09:12:15","modified_gmt":"2026-03-30T02:12:15","slug":"fun-dive-bundle","status":"publish","type":"product","link":"https:\/\/www.navascuba.com\/fr\/special-promotion\/fun-dive-bundle\/","title":{"rendered":"Fun Dive Bundle - plongez ensemble et \u00e9conomisez davantage"},"content":{"rendered":"<div data-elementor-type=\"product-post\" data-elementor-id=\"2084\" class=\"elementor elementor-2084\" data-elementor-post-type=\"product\">\n\t\t\t\t<div class=\"elementor-element elementor-element-36dbcd47 e-flex e-con-boxed e-con e-parent\" data-id=\"36dbcd47\" data-element_type=\"container\" data-e-type=\"container\">\n\t\t\t\t\t<div class=\"e-con-inner\">\n\t\t\t\t<div class=\"elementor-element elementor-element-33994ba elementor-widget elementor-widget-text-editor\" data-id=\"33994ba\" data-element_type=\"widget\" data-e-type=\"widget\" data-widget_type=\"text-editor.default\">\n\t\t\t\t\t\t\t\t\t<div><b>Nom du produit :<\/b> Offre group\u00e9e de plong\u00e9e<\/div>\r\n<div><b>Nombre total de plong\u00e9es :<\/b> 8-16 plong\u00e9es<\/div>\r\n<div><b>Dur\u00e9e du cours :<\/b> Demi-journ\u00e9e<\/div>\r\n<div><b>Localisation :<\/b> Koh Tao, Tha\u00eflande<\/div>\r\n<div><b>Profondeur maximale :<\/b> D\u00e9pend de la certification<\/div>\r\n<div><b>\u00c2ge minimum :<\/b> 10 ans<\/div>\r\n<div><b>Exp\u00e9rience :<\/b>\u00a0Un certificat de plong\u00e9e est requis<\/div>\r\n&nbsp;\r\n<h2>Puis-je participer \u00e0 l'excursion de plong\u00e9e \u00e0 Koh Tao ?<\/h2>\r\nUn voyage de plong\u00e9e amusant est le moyen id\u00e9al d'explorer le magnifique monde sous-marin de l'\u00eele et de faire l'exp\u00e9rience de la plong\u00e9e sous-marine. Avec Nava Scuba Diving, vous aurez l'occasion d'explorer les plus beaux sites de plong\u00e9e de l'\u00eele, entour\u00e9s d'une faune marine color\u00e9e et de r\u00e9cifs coralliens \u00e9clatants.\r\n\r\nVous devez vous munir d'un certificat de plong\u00e9e, qu'il s'agisse d'une version physique ou \u00e9lectronique. <strong>Le minimum requis pour Koh Tao est une certification Open Water.<\/strong>. Vous serez autoris\u00e9 \u00e0 plonger jusqu'\u00e0 votre limite de profondeur possible, accompagn\u00e9 de notre guide de plong\u00e9e exp\u00e9riment\u00e9 qui vous montrera les lieux et s'assurera que vous \u00eates en s\u00e9curit\u00e9.\r\n\r\nSi vous souhaitez plonger mais que vous ne poss\u00e9dez pas encore de brevet, vous pouvez toujours explorer le site en effectuant une plong\u00e9e \u00e0 la demande. <strong><a href=\"https:\/\/www.navascuba.com\/fr\/diving-courses\/beginner\/discover-scuba-diving\/\" target=\"_blank\" rel=\"noopener\">D\u00e9couvrir la plong\u00e9e sous-marine<\/a><\/strong>. Notre instructeur tr\u00e8s exp\u00e9riment\u00e9 sera avec vous \u00e0 tout moment sous l'eau. Vous pouvez \u00e9galement choisir de commencer \u00e0 pratiquer dans la piscine pour gagner en confiance.\r\n\r\nSi vous \u00eates pr\u00eat \u00e0 relever un d\u00e9fi, vous pouvez \u00e9galement consulter notre site Web. <a href=\"https:\/\/www.navascuba.com\/fr\/diving-courses\/cont-ed\/padi-advanced-open-water\/\" target=\"_blank\" rel=\"noopener\"><strong>PADI Advanced Open Water<\/strong><\/a> cours. C'est l'\u00e9tape suivante pour la plupart des plongeurs. Il vous permet d'augmenter votre limite de profondeur \u00e0 30 m\u00e8tres. Le cours comprend \u00e9galement d'autres aventures telles que la plong\u00e9e de nuit, la plong\u00e9e sur \u00e9pave, la navigation, le sauvetage et bien d'autres encore, qui vous permettront d'affiner vos comp\u00e9tences en mati\u00e8re de plong\u00e9e.\r\n<h2>Puis-je partager les plong\u00e9es avec mes amis ?<\/h2>\r\nQuel que soit le forfait de plong\u00e9e que vous choisissez, vous pouvez partager les plong\u00e9es avec vos amis. Cependant, tout le monde doit plonger dans le m\u00eame groupe. Si votre groupe est compos\u00e9 de personnes de niveaux diff\u00e9rents, nous suivrons la norme du niveau le plus bas du groupe pour la s\u00e9curit\u00e9 de tous.\r\n<h2>Qu'est-ce qui est inclus dans notre voyage de plong\u00e9e ?<\/h2>\r\n<ul>\r\n \t<li>Guide certifi\u00e9 PADI<\/li>\r\n \t<li>\u00c9quipement de plong\u00e9e sous-marine<\/li>\r\n \t<li>Assurance plong\u00e9e sous-marine<\/li>\r\n \t<li>D\u00e9jeuner<\/li>\r\n \t<li>Service de ramassage \u00e0 partir de la route principale (uniquement \u00e0 Koh Tao)<\/li>\r\n \t<li>Une heure de kayak ou de paddleboard gratuite \u00e0 partir de <a href=\"https:\/\/www.navascuba.com\/fr\/about-us\/\" target=\"_blank\" rel=\"noopener\">notre centre de plong\u00e9e<\/a><\/li>\r\n<\/ul>\r\n&nbsp;\r\n<h2>Notre programme de voyage<\/h2>\r\n<img decoding=\"async\" class=\"aligncenter size-large wp-image-2007\" src=\"https:\/\/navascuba.com\/wp-content\/uploads\/2025\/02\/Nava-Divesite-Schedule.webp\" alt=\"Horaire du site de plong\u00e9e Nava Scuba Diving 2025\" width=\"800\" height=\"800\" \/>\r\n<div><\/div>\r\n<div>Nous avons deux bateaux quotidiens : Le matin et l'apr\u00e8s-midi.<\/div>\r\n<div><strong>Bateau du matin (07.00 - 11.00 AM)<\/strong><\/div>\r\n<div><strong>06.45<\/strong>\u00a0Tous les plongeurs s'enregistrent sur notre bateau de plong\u00e9e \u00e0 l'embarcad\u00e8re.<\/div>\r\n<div><strong>07.00\u00a0<\/strong>Le bateau quitte l'embarcad\u00e8re pour 2 sites de plong\u00e9e diff\u00e9rents<\/div>\r\n<div><strong>11.15 <\/strong>Le bateau revient \u00e0 l'embarcad\u00e8re<\/div>\r\n<div><strong>11.30<\/strong> D\u00e9jeuner avec vue dans notre centre de plong\u00e9e<\/div>\r\n<div><\/div>\r\n<div><strong>Bateau de l'apr\u00e8s-midi (01.00 - 05.00 PM)<\/strong><\/div>\r\n<div><strong>11.30<\/strong> D\u00e9jeuner avec vue dans notre centre de plong\u00e9e<\/div>\r\n<div><strong>12.45<\/strong>\u00a0Tous les plongeurs s'enregistrent sur notre bateau de plong\u00e9e \u00e0 l'embarcad\u00e8re.<\/div>\r\n<div><strong>13.00<\/strong> Le bateau quitte l'embarcad\u00e8re pour 2 sites de plong\u00e9e diff\u00e9rents<\/div>\r\n<div><strong>17.15<\/strong> Le bateau revient \u00e0 l'embarcad\u00e8re<\/div>\r\n<em>*Cet horaire peut \u00eatre modifi\u00e9 en fonction des conditions m\u00e9t\u00e9orologiques et d'autres facteurs.<\/em>\r\n<h2>Exigences pour le voyage<\/h2>\r\n<ul>\r\n \t<li>Le participant est \u00e2g\u00e9 d'au moins 10 ans au moment de l'exp\u00e9rience.<\/li>\r\n \t<li>Le participant est en bonne sant\u00e9 physique et mentale. Il\/elle peut vouloir consulter le formulaire m\u00e9dical PADI pour une meilleure compr\u00e9hension.<\/li>\r\n \t<li>Le participant est titulaire d'un certificat de plong\u00e9e \u00e9quivalant au moins \u00e0 un Open Water Diver PADI.<\/li>\r\n \t<li>Votre derni\u00e8re plong\u00e9e remonte \u00e0 moins de 6 mois. (Ou vous avez effectu\u00e9 plus de 40 plong\u00e9es et d\u00e9tenu au moins un brevet PADI Advanced ou \u00e9quivalent)<\/li>\r\n<\/ul>\r\n<em>*N'h\u00e9sitez pas \u00e0 <a href=\"https:\/\/www.navascuba.com\/fr\/contact-us\/\" target=\"_blank\" rel=\"noopener\">demandez \u00e0 nos professionnels de la plong\u00e9e<\/a> pour plus de d\u00e9tails.<\/em>\r\n<h2>Conditions g\u00e9n\u00e9rales d'utilisation<\/h2>\r\n<ul>\r\n \t<li>Nos sorties de plong\u00e9e peuvent \u00eatre programm\u00e9es tous les jours. Veuillez nous laisser 24 heures pour vous contacter afin de confirmer la date de plong\u00e9e que vous pr\u00e9f\u00e9rez apr\u00e8s le processus de paiement.<\/li>\r\n \t<li>Nos r\u00e9servations en ligne ne sont pas remboursables, sauf pour des raisons m\u00e9dicales et dans le cas o\u00f9 nous ne parvenons pas \u00e0 r\u00e9server une date pour vous \u00e0 partir de la r\u00e9servation en ligne.<\/li>\r\n<\/ul>\r\n<em>*Veuillez consulter nos conditions g\u00e9n\u00e9rales d'utilisation <a href=\"https:\/\/www.navascuba.com\/fr\/terms-conditions\/\" target=\"_blank\" rel=\"noopener\">ici<\/a>.<\/em>\t\t\t\t\t\t\t\t<\/div>\n\t\t\t\t\t<\/div>\n\t\t\t\t<\/div>\n\t\t\t\t<\/div>","protected":false},"excerpt":{"rendered":"<p>Obtenez un forfait de plong\u00e9e amusant pour plonger avec vos amis et \u00e9conomisez davantage chez Nava Scuba Diving. Vous pouvez explorer Koh Tao o\u00f9 et quand vous le souhaitez !<\/p>","protected":false},"featured_media":2955,"template":"","meta":[],"product_brand":[],"product_cat":[55],"product_tag":[],"class_list":{"0":"post-2084","1":"product","2":"type-product","3":"status-publish","4":"has-post-thumbnail","6":"product_cat-special-promotion","8":"first","9":"instock","10":"sale","11":"featured","12":"taxable","13":"shipping-taxable","14":"purchasable","15":"product-type-variable"},"_links":{"self":[{"href":"https:\/\/www.navascuba.com\/fr\/wp-json\/wp\/v2\/product\/2084","targetHints":{"allow":["GET"]}}],"collection":[{"href":"https:\/\/www.navascuba.com\/fr\/wp-json\/wp\/v2\/product"}],"about":[{"href":"https:\/\/www.navascuba.com\/fr\/wp-json\/wp\/v2\/types\/product"}],"version-history":[{"count":0,"href":"https:\/\/www.navascuba.com\/fr\/wp-json\/wp\/v2\/product\/2084\/revisions"}],"wp:featuredmedia":[{"embeddable":true,"href":"https:\/\/www.navascuba.com\/fr\/wp-json\/wp\/v2\/media\/2955"}],"wp:attachment":[{"href":"https:\/\/www.navascuba.com\/fr\/wp-json\/wp\/v2\/media?parent=2084"}],"wp:term":[{"taxonomy":"product_brand","embeddable":true,"href":"https:\/\/www.navascuba.com\/fr\/wp-json\/wp\/v2\/product_brand?post=2084"},{"taxonomy":"product_cat","embeddable":true,"href":"https:\/\/www.navascuba.com\/fr\/wp-json\/wp\/v2\/product_cat?post=2084"},{"taxonomy":"product_tag","embeddable":true,"href":"https:\/\/www.navascuba.com\/fr\/wp-json\/wp\/v2\/product_tag?post=2084"}],"curies":[{"name":"wp","href":"https:\/\/api.w.org\/{rel}","templated":true}]}}