{"id":1689,"date":"2023-11-29T13:58:57","date_gmt":"2023-11-29T06:58:57","guid":{"rendered":"https:\/\/navascuba.com\/?post_type=product&#038;p=1689"},"modified":"2026-01-17T15:00:57","modified_gmt":"2026-01-17T08:00:57","slug":"night-dive-trip","status":"publish","type":"product","link":"https:\/\/www.navascuba.com\/fr\/certified-diver\/night-dive-trip\/","title":{"rendered":"Excursion de plong\u00e9e nocturne - d\u00e9couvrez Koh Tao dans l'obscurit\u00e9"},"content":{"rendered":"<div><b>Nom du produit :<\/b> Plong\u00e9e de nuit<\/div>\n<div><b>Nombre total de plong\u00e9es :<\/b> 1 plong\u00e9e par voyage<\/div>\n<div><b>Dur\u00e9e du cours :<\/b> 18.00 &#8211; 20.00<\/div>\n<div><b>Localisation :<\/b> Koh Tao, Tha\u00eflande<\/div>\n<div><b>Profondeur maximale :<\/b> 16 m\u00e8tres<\/div>\n<div><b>\u00c2ge minimum :<\/b> 12 ans<\/div>\n<div><b>Exp\u00e9rience :<\/b> Certification PADI Advanced Open Water ou Night Diver (plong\u00e9e de nuit)<\/div>\n<h2>Que peut-on s'attendre \u00e0 voir la nuit \u00e0 Koh Tao ?<\/h2>\n<p>La plong\u00e9e de nuit \u00e0 Koh Tao est une exp\u00e9rience unique qui d\u00e9voile le c\u00f4t\u00e9 nocturne de la vie marine qui reste cach\u00e9 pendant la journ\u00e9e. Au coucher du soleil, les plongeurs sont accueillis par un \u00e9ventail diff\u00e9rent de cr\u00e9atures marines. Le plancton bioluminescent illumine souvent l'eau d'une lueur magique, cr\u00e9ant une exp\u00e9rience d'un autre monde. Les pieuvres et les calmars sont plus visibles la nuit. En outre, il est possible d'apercevoir des balistes titans endormis, ce qui est rare lors des plong\u00e9es diurnes. Cette plong\u00e9e nocturne offre une perspective unique sur l'\u00e9cosyst\u00e8me dynamique et diversifi\u00e9 de Koh Tao, ce qui en fait une exp\u00e9rience \u00e0 ne pas manquer pour les amateurs de plong\u00e9e.<\/p>\n<h2>Qu'est-ce qui est inclus dans notre excursion de plong\u00e9e nocturne ?<\/h2>\n<ul>\n<li>Guide certifi\u00e9 PADI<\/li>\n<li>\u00c9quipement de plong\u00e9e sous-marine (y compris les torches)<\/li>\n<li>Assurance plong\u00e9e sous-marine<\/li>\n<li>Service de ramassage \u00e0 partir de la route principale (uniquement \u00e0 Koh Tao)<\/li>\n<li>Une heure de kayak ou de paddleboard gratuite \u00e0 partir de <a href=\"https:\/\/www.navascuba.com\/fr\/about-us\/\" target=\"_blank\" rel=\"noopener\">notre centre de plong\u00e9e<\/a><\/li>\n<\/ul>\n<h2>Notre programme<\/h2>\n<div>\n<div><strong>Bateau de plong\u00e9e de nuit (18.00 - 20.00)<\/strong><\/div>\n<div><strong>18.15<\/strong>\u00a0Tous les plongeurs s'enregistrent sur notre bateau de plong\u00e9e \u00e0 l'embarcad\u00e8re.<\/div>\n<div><strong>18.30 <\/strong>Le bateau quitte l'embarcad\u00e8re pour se rendre sur les sites de plong\u00e9e.<\/div>\n<div><strong>20.00 <\/strong>Le bateau revient \u00e0 l'embarcad\u00e8re<\/div>\n<p><em>*Cet horaire peut \u00eatre modifi\u00e9 en fonction des conditions m\u00e9t\u00e9orologiques et d'autres facteurs.<\/em><\/p>\n<\/div>\n<h2>Exigences pour le voyage<\/h2>\n<ul>\n<li>Le participant est \u00e2g\u00e9 d'au moins 12 ans au moment de l'exp\u00e9rience.<\/li>\n<li>Le participant est en bonne sant\u00e9 physique et mentale. Il\/elle peut vouloir consulter le formulaire m\u00e9dical PADI pour une meilleure compr\u00e9hension.<\/li>\n<li>Le participant est titulaire d'un certificat de plong\u00e9e \u00e9quivalant au moins \u00e0 un brevet PADI Night Diver ou PADI Advanced Open Water.<\/li>\n<li>Votre derni\u00e8re plong\u00e9e remonte \u00e0 moins de 6 mois. (Ou vous avez effectu\u00e9 plus de 40 plong\u00e9es et poss\u00e9dez au moins un brevet PADI Advanced Open Water ou \u00e9quivalent)<\/li>\n<\/ul>\n<p><em>*N'h\u00e9sitez pas \u00e0 <a href=\"https:\/\/www.navascuba.com\/fr\/contact-us\/\" target=\"_blank\" rel=\"noopener\">demandez \u00e0 nos professionnels de la plong\u00e9e<\/a> pour plus de d\u00e9tails.<\/em><\/p>\n<h2>Conditions d'utilisation<\/h2>\n<ul>\n<li>Nos sorties de plong\u00e9e peuvent \u00eatre programm\u00e9es tous les jours. Veuillez nous laisser 24 heures pour vous contacter afin de confirmer la date de plong\u00e9e que vous pr\u00e9f\u00e9rez apr\u00e8s le processus de paiement.<\/li>\n<li>Nos r\u00e9servations en ligne ne sont pas remboursables, sauf pour des raisons m\u00e9dicales et dans le cas o\u00f9 nous ne parvenons pas \u00e0 r\u00e9server une date pour vous \u00e0 partir de la r\u00e9servation en ligne.<\/li>\n<\/ul>\n<p><em>*Veuillez consulter nos conditions g\u00e9n\u00e9rales d'utilisation <a href=\"https:\/\/www.navascuba.com\/fr\/terms-conditions\/\" target=\"_blank\" rel=\"noopener\">ici<\/a>.<\/em><\/p>","protected":false},"excerpt":{"rendered":"<p>D\u00e9couvrez le myst\u00e8re dans l'obscurit\u00e9 gr\u00e2ce \u00e0 notre plong\u00e9e de nuit. C'est une exp\u00e9rience fascinante \u00e0 Koh Tao, avec de nouvelles esp\u00e8ces qui sortent de l'ombre.<\/p>","protected":false},"featured_media":2982,"template":"","meta":[],"product_brand":[],"product_cat":[25],"product_tag":[],"class_list":{"0":"post-1689","1":"product","2":"type-product","3":"status-publish","4":"has-post-thumbnail","6":"product_cat-certified-diver","8":"first","9":"instock","10":"taxable","11":"shipping-taxable","12":"purchasable","13":"product-type-simple"},"_links":{"self":[{"href":"https:\/\/www.navascuba.com\/fr\/wp-json\/wp\/v2\/product\/1689","targetHints":{"allow":["GET"]}}],"collection":[{"href":"https:\/\/www.navascuba.com\/fr\/wp-json\/wp\/v2\/product"}],"about":[{"href":"https:\/\/www.navascuba.com\/fr\/wp-json\/wp\/v2\/types\/product"}],"version-history":[{"count":0,"href":"https:\/\/www.navascuba.com\/fr\/wp-json\/wp\/v2\/product\/1689\/revisions"}],"wp:featuredmedia":[{"embeddable":true,"href":"https:\/\/www.navascuba.com\/fr\/wp-json\/wp\/v2\/media\/2982"}],"wp:attachment":[{"href":"https:\/\/www.navascuba.com\/fr\/wp-json\/wp\/v2\/media?parent=1689"}],"wp:term":[{"taxonomy":"product_brand","embeddable":true,"href":"https:\/\/www.navascuba.com\/fr\/wp-json\/wp\/v2\/product_brand?post=1689"},{"taxonomy":"product_cat","embeddable":true,"href":"https:\/\/www.navascuba.com\/fr\/wp-json\/wp\/v2\/product_cat?post=1689"},{"taxonomy":"product_tag","embeddable":true,"href":"https:\/\/www.navascuba.com\/fr\/wp-json\/wp\/v2\/product_tag?post=1689"}],"curies":[{"name":"wp","href":"https:\/\/api.w.org\/{rel}","templated":true}]}}