{"id":1680,"date":"2023-11-24T18:26:54","date_gmt":"2023-11-24T11:26:54","guid":{"rendered":"https:\/\/navascuba.com\/?post_type=product&#038;p=1680"},"modified":"2026-02-24T16:27:46","modified_gmt":"2026-02-24T09:27:46","slug":"padi-nitrox","status":"publish","type":"product","link":"https:\/\/www.navascuba.com\/fr\/cont-ed\/padi-nitrox\/","title":{"rendered":"PADI Air enrichi Nitrox - Restez plus longtemps, explorez plus loin"},"content":{"rendered":"<div><b>Nom du produit :<\/b> PADI Air enrichi Nitrox<\/div>\n<div><b>Nombre total de plong\u00e9es :<\/b> 2 plong\u00e9es au nitrox (facultatif)<\/div>\n<div><b>Dur\u00e9e du cours :<\/b> 1-2 jours<\/div>\n<div><b>Localisation :<\/b> Koh Tao, Tha\u00eflande<\/div>\n<div><b>Profondeur maximale :<\/b> d\u00e9pend de votre certification<\/div>\n<div><b>\u00c2ge minimum :<\/b> 12 ans<\/div>\n<div><b>Exp\u00e9rience :<\/b> au moins une certification PADI Open Water (ou \u00e9quivalent)<\/div>\n<p>&nbsp;<\/p>\n<h2>Quel est l'avantage de plonger avec une bouteille Nitrox ?<\/h2>\n<p>La plong\u00e9e \u00e0 l'air enrichi Nitrox ne consiste pas \u00e0 plonger plus profond\u00e9ment, mais plut\u00f4t \u00e0 prolonger l'aventure sous-marine avec <strong>des dur\u00e9es plus longues de la limite de non-d\u00e9compression (NDL)<\/strong>. Cet avantage cl\u00e9 du Nitrox vous permet de maximiser vos plong\u00e9es, en particulier lorsque vous avez une pression d'air suffisante dans votre bouteille. En outre, le Nitrox offre l'avantage de r\u00e9duire la concentration d'azote dans le sang, ce qui permet de r\u00e9duire les intervalles de surface entre les plong\u00e9es. Cette caract\u00e9ristique est particuli\u00e8rement avantageuse pour les sessions de plong\u00e9e cons\u00e9cutives, vous permettant de retourner en profondeur plus rapidement et avec des temps de NDL plus longs qu'avec des bouteilles d'air standard. Cela devient un <strong>un \u2018dive hack\u2019 essentiel pour les voyages \u00e0 bord d'un bateau de croisi\u00e8re<\/strong>, Vous pouvez \u00eatre amen\u00e9 \u00e0 effectuer jusqu'\u00e0 trois plong\u00e9es par jour pendant plusieurs jours. Profitez de l'efficacit\u00e9 et de l'allongement des temps de plong\u00e9e offerts par le Nitrox, pour am\u00e9liorer votre nouvelle exp\u00e9rience de plong\u00e9e.<\/p>\n<h2>Qu'est-ce qui est inclus dans notre cours PADI Nitrox ?<\/h2>\n<ul>\n<li>Instructeur certifi\u00e9 PADI et mat\u00e9riel d'apprentissage (plusieurs langues)<\/li>\n<li>Certification PADI EANX (carte \u00e9lectronique)<\/li>\n<li>\u00c9quipement de plong\u00e9e sous-marine<\/li>\n<li>Assurance plong\u00e9e sous-marine<\/li>\n<li>D\u00e9jeuners (le jour de la plong\u00e9e)<\/li>\n<li>Service de ramassage \u00e0 partir de la route principale (uniquement \u00e0 Koh Tao)<\/li>\n<li>Une heure de kayak ou de paddleboard gratuite \u00e0 partir de <a href=\"https:\/\/www.navascuba.com\/fr\/about-us\/\" target=\"_blank\" rel=\"noopener\">notre centre de plong\u00e9e<\/a><\/li>\n<\/ul>\n<p>&nbsp;<\/p>\n<h2>Notre programme Nitrox \u00e0 l'air enrichi<\/h2>\n<div>\n<div><strong>Jour 1<\/strong><\/div>\n<div><strong>13.00<\/strong> Th\u00e9orie en classe avec notre instructeur<\/div>\n<div><strong>16.00\u00a0<\/strong>Analyse de votre bouteille de nitrox pour votre plong\u00e9e (si opt-in)<\/div>\n<div><strong>17.00<\/strong> Retour au centre de plong\u00e9e et cl\u00f4ture de la journ\u00e9e.<\/div>\n<\/div>\n<div>\n<div><strong>Jour 2<\/strong><\/div>\n<div><strong>07.00<\/strong> Vos 2 plong\u00e9es optionnelles avec bouteilles nitrox \u00e0 la d\u00e9couverte des sites de Koh Tao.<\/div>\n<div><strong>11.00<\/strong> Pause d\u00e9jeuner et d\u00e9briefing avec vue dans notre centre de plong\u00e9e<\/div>\n<\/div>\n<p><em>*Cet horaire peut \u00eatre modifi\u00e9 en fonction des conditions m\u00e9t\u00e9orologiques et d'autres facteurs.<\/em><\/p>\n<h2>Conditions requises pour le cours PADI Nitrox \u00e0 l'air enrichi<\/h2>\n<ul>\n<li>Le participant est \u00e2g\u00e9 d'au moins 12 ans au moment de l'exp\u00e9rience.<\/li>\n<li>Le participant poss\u00e8de au moins la certification PADI Open Water (ou \u00e9quivalent)<\/li>\n<li>Le participant est en bonne sant\u00e9 physique et mentale. Il\/elle peut vouloir consulter le formulaire m\u00e9dical PADI pour une meilleure compr\u00e9hension.<\/li>\n<\/ul>\n<p><em>*N'h\u00e9sitez pas \u00e0 <a href=\"https:\/\/www.navascuba.com\/fr\/contact-us\/\" target=\"_blank\" rel=\"noopener\">demandez \u00e0 nos professionnels de la plong\u00e9e<\/a> pour plus de d\u00e9tails.<\/em><\/p>\n<h2>Conditions g\u00e9n\u00e9rales d'utilisation<\/h2>\n<ul>\n<li>Notre cours Nitrox peut \u00eatre programm\u00e9 tous les jours. Veuillez nous laisser 24 heures pour vous contacter afin de confirmer la date de plong\u00e9e que vous pr\u00e9f\u00e9rez apr\u00e8s le processus de paiement.<\/li>\n<li>Nos r\u00e9servations en ligne ne sont pas remboursables, sauf pour des raisons m\u00e9dicales et dans le cas o\u00f9 nous ne parvenons pas \u00e0 r\u00e9server une date pour vous \u00e0 partir de la r\u00e9servation en ligne.<\/li>\n<\/ul>\n<p><em>*Veuillez consulter nos conditions g\u00e9n\u00e9rales d'utilisation <a href=\"https:\/\/www.navascuba.com\/fr\/terms-conditions\/\" target=\"_blank\" rel=\"noopener\">ici<\/a>.<\/em><\/p>","protected":false},"excerpt":{"rendered":"<p>Restez plus longtemps et revenez plus vite avec l'air enrichi Nitrox PADI. Profitez de l'efficacit\u00e9 et de l'allongement des temps de plong\u00e9e pour am\u00e9liorer votre nouvelle exp\u00e9rience de plong\u00e9e.<\/p>","protected":false},"featured_media":2953,"template":"","meta":[],"product_brand":[],"product_cat":[24],"product_tag":[],"class_list":{"0":"post-1680","1":"product","2":"type-product","3":"status-publish","4":"has-post-thumbnail","6":"product_cat-cont-ed","8":"first","9":"instock","10":"sale","11":"taxable","12":"shipping-taxable","13":"purchasable","14":"product-type-variable"},"_links":{"self":[{"href":"https:\/\/www.navascuba.com\/fr\/wp-json\/wp\/v2\/product\/1680","targetHints":{"allow":["GET"]}}],"collection":[{"href":"https:\/\/www.navascuba.com\/fr\/wp-json\/wp\/v2\/product"}],"about":[{"href":"https:\/\/www.navascuba.com\/fr\/wp-json\/wp\/v2\/types\/product"}],"version-history":[{"count":0,"href":"https:\/\/www.navascuba.com\/fr\/wp-json\/wp\/v2\/product\/1680\/revisions"}],"wp:featuredmedia":[{"embeddable":true,"href":"https:\/\/www.navascuba.com\/fr\/wp-json\/wp\/v2\/media\/2953"}],"wp:attachment":[{"href":"https:\/\/www.navascuba.com\/fr\/wp-json\/wp\/v2\/media?parent=1680"}],"wp:term":[{"taxonomy":"product_brand","embeddable":true,"href":"https:\/\/www.navascuba.com\/fr\/wp-json\/wp\/v2\/product_brand?post=1680"},{"taxonomy":"product_cat","embeddable":true,"href":"https:\/\/www.navascuba.com\/fr\/wp-json\/wp\/v2\/product_cat?post=1680"},{"taxonomy":"product_tag","embeddable":true,"href":"https:\/\/www.navascuba.com\/fr\/wp-json\/wp\/v2\/product_tag?post=1680"}],"curies":[{"name":"wp","href":"https:\/\/api.w.org\/{rel}","templated":true}]}}