{"id":1175,"date":"2023-08-11T19:04:21","date_gmt":"2023-08-11T12:04:21","guid":{"rendered":"https:\/\/navascuba.com\/?post_type=product&#038;p=1175"},"modified":"2026-03-28T15:06:50","modified_gmt":"2026-03-28T08:06:50","slug":"pool-refresher","status":"publish","type":"product","link":"https:\/\/www.navascuba.com\/fr\/certified-diver\/pool-refresher\/","title":{"rendered":"Pool Refresher - remettez vos comp\u00e9tences \u00e0 niveau"},"content":{"rendered":"<div><b>Nom du produit :<\/b>\u00a0Rafra\u00eechissement de la piscine<\/div>\n<div><b>Nombre total de plong\u00e9es :<\/b> 1 plong\u00e9e en milieu confin\u00e9<\/div>\n<div><b>Dur\u00e9e du cours :<\/b> 09.00 - 12.00 ou 13.00 - 16.00<\/div>\n<div><b>Localisation :<\/b> Koh Tao, Tha\u00eflande<\/div>\n<div><b>Profondeur maximale :<\/b>\u00a05 m\u00e8tres<\/div>\n<div><b>\u00c2ge minimum :<\/b> 10 ans<\/div>\n<div><b>Exp\u00e9rience :<\/b>\u00a0Un certificat de plong\u00e9e est requis<\/div>\n<h2>Ai-je besoin d'une remise \u00e0 niveau si ma derni\u00e8re plong\u00e9e remonte \u00e0 plusieurs ann\u00e9es ?<\/h2>\n<p>Bien que nous proposions une <a href=\"https:\/\/www.navascuba.com\/fr\/certified-diver\/refresher\/\" target=\"_blank\" rel=\"noopener\">remise \u00e0 niveau avec plong\u00e9e ludique<\/a> pour les plongeurs qui souhaitent reprendre confiance en eux avant de se lancer dans l'oc\u00e9an. Il est parfois pr\u00e9f\u00e9rable pour les plongeurs qui n'ont pas plong\u00e9 depuis longtemps d'y aller doucement. Il n'est pas n\u00e9cessaire de refaire le cours Open Water puisque vous pouvez choisir de faire un rafra\u00eechissement en piscine !<\/p>\n<p>Un rafra\u00eechissement en piscine (pool refresher) est id\u00e9al pour la plupart des plongeurs Open Water qui plongent rarement au fil des ans. Il vous permet de r\u00e9apprendre lentement les techniques de base de la plong\u00e9e dans un environnement parfaitement calme et sans aucune distraction. Nous vous conseillons vivement <strong>recommander une remise \u00e0 niveau en piscine pour toute personne n'ayant pas plong\u00e9 depuis plus d'un an <\/strong>et n'a que quelques plong\u00e9es enregistr\u00e9es.<\/p>\n<p>Vous devez \u00e9galement apporter une preuve de votre certification de plong\u00e9e, qu'il s'agisse d'une version physique ou \u00e9lectronique. <strong>Le minimum requis pour Koh Tao est une certification Open Water.<\/strong>. Si vous n'\u00eates pas un plongeur certifi\u00e9 PADI, nous pouvons vous rechercher dans la base de donn\u00e9es.<\/p>\n<p>Si vous souhaitez plonger apr\u00e8s la session, vous pouvez r\u00e9server une excursion de plong\u00e9e suppl\u00e9mentaire. Toutefois, si vous n'avez pas de certification, vous pouvez toujours explorer le site en effectuant une <strong><a href=\"https:\/\/www.navascuba.com\/fr\/diving-courses\/beginner\/discover-scuba-diving\/\" target=\"_blank\" rel=\"noopener\">D\u00e9couvrir la plong\u00e9e sous-marine<\/a><\/strong>. Notre instructeur tr\u00e8s exp\u00e9riment\u00e9 sera avec vous \u00e0 tout moment sous l'eau.<\/p>\n<h2>Qu'est-ce qui est inclus dans notre cours de remise \u00e0 niveau ?<\/h2>\n<ul>\n<li>Divemaster\/Instructeur certifi\u00e9 PADI<\/li>\n<li>\u00c9quipement de plong\u00e9e sous-marine<\/li>\n<li>Assurance plong\u00e9e sous-marine<\/li>\n<li>D\u00e9jeuner<\/li>\n<li>Service de ramassage \u00e0 partir de la route principale (uniquement \u00e0 Koh Tao)<\/li>\n<li>Une heure de kayak ou de paddleboard gratuite \u00e0 partir de <a href=\"https:\/\/www.navascuba.com\/fr\/about-us\/\" target=\"_blank\" rel=\"noopener\">notre centre de plong\u00e9e<\/a><\/li>\n<\/ul>\n<h2>Notre programme de s\u00e9ances<\/h2>\n<div>\n<div>Nous avons deux sessions quotidiennes : Le matin et l'apr\u00e8s-midi.<\/div>\n<div><strong>Session du matin (09.00 - 12.00 AM)<\/strong><\/div>\n<div><strong>09.00<\/strong>\u00a0R\u00e9vision th\u00e9orique en classe<\/div>\n<div><strong>10.00 <\/strong>Une s\u00e9ance dans l'eau \u00e0 la piscine<\/div>\n<div><strong>12.00<\/strong>\u00a0D\u00e9briefing et d\u00e9jeuner dans notre centre de plong\u00e9e en bord de mer<\/div>\n<div><\/div>\n<div><strong>Session de l'apr\u00e8s-midi (13h00 - 16h00)<\/strong><\/div>\n<div><strong>13.00<\/strong> R\u00e9vision th\u00e9orique en classe avec notre d\u00e9jeuner inclusif<\/div>\n<div><strong>14.45<\/strong>\u00a0Une s\u00e9ance dans l'eau \u00e0 la piscine<\/div>\n<div><strong>16.00<\/strong>\u00a0D\u00e9briefing dans notre centre de plong\u00e9e en bord de mer<\/div>\n<p><em>*Cet horaire peut \u00eatre modifi\u00e9 en fonction des conditions m\u00e9t\u00e9orologiques et d'autres facteurs.<\/em><\/p>\n<\/div>\n<h2>Exigences pour le voyage<\/h2>\n<ul>\n<li>Le participant est \u00e2g\u00e9 d'au moins 10 ans au moment de l'exp\u00e9rience.<\/li>\n<li>Le participant est en bonne sant\u00e9 physique et mentale. Il\/elle peut vouloir consulter le formulaire m\u00e9dical PADI pour une meilleure compr\u00e9hension.<\/li>\n<li>Le participant est titulaire d'un certificat de plong\u00e9e \u00e9quivalant au moins \u00e0 un Open Water Diver PADI.<\/li>\n<\/ul>\n<p><em>*N'h\u00e9sitez pas \u00e0 <a href=\"https:\/\/www.navascuba.com\/fr\/contact-us\/\" target=\"_blank\" rel=\"noopener\">demandez \u00e0 nos professionnels de la plong\u00e9e<\/a> pour plus de d\u00e9tails.<\/em><\/p>\n<h2>Conditions g\u00e9n\u00e9rales d'utilisation<\/h2>\n<ul>\n<li>Nos sorties de plong\u00e9e peuvent \u00eatre programm\u00e9es tous les jours. Veuillez nous laisser 24 heures pour vous contacter afin de confirmer la date de plong\u00e9e que vous avez choisie apr\u00e8s le processus de paiement.<\/li>\n<li>Nos r\u00e9servations en ligne ne sont pas remboursables, sauf pour des raisons m\u00e9dicales et dans le cas o\u00f9 nous ne parvenons pas \u00e0 r\u00e9server une date pour vous \u00e0 partir de la r\u00e9servation en ligne.<\/li>\n<\/ul>\n<p><em>*Veuillez consulter nos conditions g\u00e9n\u00e9rales d'utilisation <a href=\"https:\/\/www.navascuba.com\/fr\/terms-conditions\/\" target=\"_blank\" rel=\"noopener\">ici<\/a>.<\/em><\/p>","protected":false},"excerpt":{"rendered":"<p>Remettez lentement \u00e0 niveau vos comp\u00e9tences en mati\u00e8re de plong\u00e9e avec un rafra\u00eechissement en piscine. Pratiquez \u00e0 votre rythme dans un environnement calme avec l'aide de nos instructeurs.<\/p>","protected":false},"featured_media":2979,"template":"","meta":[],"product_brand":[],"product_cat":[25],"product_tag":[],"class_list":{"0":"post-1175","1":"product","2":"type-product","3":"status-publish","4":"has-post-thumbnail","6":"product_cat-certified-diver","8":"first","9":"instock","10":"sale","11":"taxable","12":"shipping-taxable","13":"purchasable","14":"product-type-variable"},"_links":{"self":[{"href":"https:\/\/www.navascuba.com\/fr\/wp-json\/wp\/v2\/product\/1175","targetHints":{"allow":["GET"]}}],"collection":[{"href":"https:\/\/www.navascuba.com\/fr\/wp-json\/wp\/v2\/product"}],"about":[{"href":"https:\/\/www.navascuba.com\/fr\/wp-json\/wp\/v2\/types\/product"}],"version-history":[{"count":0,"href":"https:\/\/www.navascuba.com\/fr\/wp-json\/wp\/v2\/product\/1175\/revisions"}],"wp:featuredmedia":[{"embeddable":true,"href":"https:\/\/www.navascuba.com\/fr\/wp-json\/wp\/v2\/media\/2979"}],"wp:attachment":[{"href":"https:\/\/www.navascuba.com\/fr\/wp-json\/wp\/v2\/media?parent=1175"}],"wp:term":[{"taxonomy":"product_brand","embeddable":true,"href":"https:\/\/www.navascuba.com\/fr\/wp-json\/wp\/v2\/product_brand?post=1175"},{"taxonomy":"product_cat","embeddable":true,"href":"https:\/\/www.navascuba.com\/fr\/wp-json\/wp\/v2\/product_cat?post=1175"},{"taxonomy":"product_tag","embeddable":true,"href":"https:\/\/www.navascuba.com\/fr\/wp-json\/wp\/v2\/product_tag?post=1175"}],"curies":[{"name":"wp","href":"https:\/\/api.w.org\/{rel}","templated":true}]}}