{"id":4297,"date":"2025-06-10T12:17:29","date_gmt":"2025-06-10T05:17:29","guid":{"rendered":"https:\/\/www.navascuba.com\/?page_id=4297"},"modified":"2025-06-10T12:25:11","modified_gmt":"2025-06-10T05:25:11","slug":"product-delivery-policy","status":"publish","type":"page","link":"https:\/\/www.navascuba.com\/fr\/product-delivery-policy\/","title":{"rendered":"Our Product Delivery Policy"},"content":{"rendered":"<div data-elementor-type=\"wp-page\" data-elementor-id=\"4297\" class=\"elementor elementor-4297\" data-elementor-post-type=\"page\">\n\t\t\t\t<div class=\"elementor-element elementor-element-f8e0aa8 e-flex e-con-boxed e-con e-parent\" data-id=\"f8e0aa8\" data-element_type=\"container\" data-e-type=\"container\">\n\t\t\t\t\t<div class=\"e-con-inner\">\n\t\t\t\t<div class=\"elementor-element elementor-element-8a5036a elementor-widget elementor-widget-text-editor\" data-id=\"8a5036a\" data-element_type=\"widget\" data-e-type=\"widget\" data-widget_type=\"text-editor.default\">\n\t\t\t\t\t\t\t\t\t<h1>Politique de livraison des produits<\/h1><div>(Derni\u00e8re mise \u00e0 jour le 10 juin 2025)<\/div><h2>ACCEPTATION DE NOTRE POLITIQUE DE LIVRAISON DES PRODUITS<\/h2><p>Nous sommes Nava Diving Company Limited (\u201cSoci\u00e9t\u00e9\u201d, \u201cnous\u201d, \u201cnotre\u201d), une soci\u00e9t\u00e9 enregistr\u00e9e en Tha\u00eflande au 18\/25 Moo 3, Koh Tao Sub-district, Koh Phangan District, Surat Thani 84360. Notre num\u00e9ro d'enregistrement est 0845560007695.<\/p><p>Nous exploitons le site web https:\/\/www.navascuba.com (le \u201csite\u201d), ainsi que tous les autres produits et services connexes qui renvoient ou sont li\u00e9s au site https:\/\/www.navascuba.com (le \"site\"). <a href=\"https:\/\/www.navascuba.com\/fr\/terms-conditions\/\">Conditions g\u00e9n\u00e9rales d'utilisation<\/a> disponibles sur notre site web (collectivement, les \u201cservices\u201d).<\/p><p>La pr\u00e9sente politique de livraison des produits d\u00e9finit les conditions relatives \u00e0 la livraison de nos services et produits num\u00e9riques. En effectuant un achat par l'interm\u00e9diaire de nos services, vous acceptez d'\u00eatre li\u00e9 par cette politique. SI VOUS N'\u00caTES PAS D'ACCORD AVEC CETTE POLITIQUE, VOUS NE DEVEZ PAS ACHETER NOS SERVICES.<\/p><h2>1. Nature des produits<\/h2><p>Tous les produits, services et mat\u00e9riels que nous vendons sont exclusivement de nature num\u00e9rique. Cela inclut, sans s'y limiter, les cours d'apprentissage en ligne, les supports de cours num\u00e9riques et les certifications en ligne (\u201cproduit num\u00e9rique\u201d). Aucun article physique ne sera exp\u00e9di\u00e9 \u00e0 votre adresse.<\/p><h2>2. M\u00e9thode de livraison<\/h2><p>Une fois votre achat effectu\u00e9, tous les services et mat\u00e9riels num\u00e9riques vous seront livr\u00e9s par voie \u00e9lectronique. La livraison sera g\u00e9n\u00e9ralement facilit\u00e9e par :<\/p><ul><li>Courriel \u00e0 l'adresse fournie au moment de l'achat.<\/li><li>Acc\u00e8s direct par le biais de votre compte d'utilisateur enregistr\u00e9 sur le site web\/application PADI li\u00e9 \u00e0 nos services.<\/li><\/ul><p>Vous acceptez de recevoir tous les produits et les communications connexes par voie \u00e9lectronique. Cela r\u00e9pond \u00e0 toute exigence l\u00e9gale selon laquelle ces communications doivent \u00eatre faites par \u00e9crit.<\/p><h2>3. D\u00e9lai de livraison<\/h2><p>Le produit num\u00e9rique (y compris le mat\u00e9riel d'apprentissage en ligne, le mat\u00e9riel de cours num\u00e9rique et les certifications en ligne) et l'acc\u00e8s aux services n\u00e9cessitent un traitement manuel. La livraison du Produit num\u00e9rique peut prendre jusqu'\u00e0 24-48 heures apr\u00e8s la cr\u00e9ation et la v\u00e9rification de votre compte PADI.<\/p><p>Nous ne serons pas responsables de tout retard ou d\u00e9faut de livraison caus\u00e9 par des facteurs hors de notre contr\u00f4le raisonnable, y compris mais non limit\u00e9 \u00e0 des informations incorrectes fournies par vous (comme l'email, le nom, la date de naissance, etc.), des probl\u00e8mes de serveur d'email, des filtres anti-spam, ou le compte PADI n'a pas \u00e9t\u00e9 cr\u00e9\u00e9.<\/p><h2>4. Confirmation de livraison<\/h2><p><strong>Courriel de confirmation de r\u00e9servation de Nava Diving Company Limited<\/strong> vous sera envoy\u00e9 d\u00e8s la fin de votre achat. Ensuite, vous devez remplir le formulaire d'inscription en ligne et cr\u00e9er un compte PADI.<\/p><p>Apr\u00e8s avoir suivi les instructions ci-dessus, <strong>Courriel d'inscription aux cours PADI,<\/strong> contenant des liens d'acc\u00e8s, des codes ou des instructions pour vos produits num\u00e9riques, suivra.<\/p><p>Veuillez conserver ces courriels pour vos dossiers.<\/p><p>Si vous ne recevez pas notre e-mail de confirmation de r\u00e9servation ou l'e-mail d'inscription \u00e0 un cours PADI (le cas \u00e9ch\u00e9ant) dans les d\u00e9lais impartis, veuillez nous contacter imm\u00e9diatement \u00e0 l'adresse info@navascuba.com.<\/p><h2>5. Frais d'exp\u00e9dition<\/h2><p>Comme tous nos produits sont livr\u00e9s sous forme num\u00e9rique, il n'y a pas de frais d'exp\u00e9dition ou de manutention associ\u00e9s \u00e0 un achat. Le prix que vous voyez \u00e0 la caisse est le prix final, soumis \u00e0 toute taxe de vente applicable, comme indiqu\u00e9 dans nos conditions g\u00e9n\u00e9rales.<\/p><h2>6. Distribution mondiale<\/h2><p>Nos services num\u00e9riques sont accessibles aux clients du monde entier. Les informations fournies lors de l'utilisation des services ne sont pas destin\u00e9es \u00e0 \u00eatre distribu\u00e9es ou utilis\u00e9es par une personne ou une entit\u00e9 dans une juridiction ou un pays o\u00f9 une telle distribution ou utilisation serait contraire \u00e0 la loi ou \u00e0 la r\u00e9glementation. Vous \u00eates seul responsable de la conformit\u00e9 de votre achat et de votre utilisation des services avec les lois locales.<\/p><h2>7. \u00c9chec de la livraison et de l'assistance<\/h2><p>Si vous rencontrez des probl\u00e8mes lors de la r\u00e9ception ou de l'acc\u00e8s \u00e0 votre achat num\u00e9rique, veuillez nous contacter pour obtenir de l'aide. Vous pouvez contacter notre \u00e9quipe d'assistance pour r\u00e9soudre toute plainte li\u00e9e \u00e0 la livraison en utilisant les coordonn\u00e9es ci-dessous.<\/p><h2>8. Nous contacter<\/h2><p>Pour obtenir de plus amples informations concernant notre politique de livraison des produits ou pour obtenir de l'aide concernant votre commande, veuillez nous contacter \u00e0 l'adresse suivante :<\/p><div>Nava Diving Company Limited<\/div><div>18\/25 Moo 3, Koh Tao Sub-district<\/div><div>District de Koh Phangan, Surat Thani 84360<\/div><div>Tha\u00eflande<\/div><div>T\u00e9l\u00e9phone : (+66)614184511<\/div><div>info@navascuba.com<\/div>\t\t\t\t\t\t\t\t<\/div>\n\t\t\t\t\t<\/div>\n\t\t\t\t<\/div>\n\t\t\t\t<\/div>","protected":false},"excerpt":{"rendered":"<p>Product Delivery Policy (Last updated 10th June 2025) AGREEMENT TO OUR PRODUCT DELIVERY POLICY We are Nava Diving Company Limited (&#8220;Company,&#8221; &#8220;we,&#8221; &#8220;us,&#8221; &#8220;our&#8221;), a company registered in Thailand at 18\/25 Moo 3, Koh Tao Sub-district, Koh Phangan District, Surat Thani 84360. Our company registration number is 0845560007695. We operate the website https:\/\/www.navascuba.com (the &#8220;Site&#8221;), [&hellip;]<\/p>\n","protected":false},"author":2,"featured_media":0,"parent":0,"menu_order":0,"comment_status":"closed","ping_status":"closed","template":"","meta":{"footnotes":""},"class_list":["post-4297","page","type-page","status-publish","hentry"],"_links":{"self":[{"href":"https:\/\/www.navascuba.com\/fr\/wp-json\/wp\/v2\/pages\/4297","targetHints":{"allow":["GET"]}}],"collection":[{"href":"https:\/\/www.navascuba.com\/fr\/wp-json\/wp\/v2\/pages"}],"about":[{"href":"https:\/\/www.navascuba.com\/fr\/wp-json\/wp\/v2\/types\/page"}],"author":[{"embeddable":true,"href":"https:\/\/www.navascuba.com\/fr\/wp-json\/wp\/v2\/users\/2"}],"replies":[{"embeddable":true,"href":"https:\/\/www.navascuba.com\/fr\/wp-json\/wp\/v2\/comments?post=4297"}],"version-history":[{"count":0,"href":"https:\/\/www.navascuba.com\/fr\/wp-json\/wp\/v2\/pages\/4297\/revisions"}],"wp:attachment":[{"href":"https:\/\/www.navascuba.com\/fr\/wp-json\/wp\/v2\/media?parent=4297"}],"curies":[{"name":"wp","href":"https:\/\/api.w.org\/{rel}","templated":true}]}}