{"id":263,"date":"2023-04-19T10:13:24","date_gmt":"2023-04-19T10:13:24","guid":{"rendered":"https:\/\/navascuba.com\/?page_id=263"},"modified":"2026-03-05T17:08:07","modified_gmt":"2026-03-05T10:08:07","slug":"contact-us","status":"publish","type":"page","link":"https:\/\/www.navascuba.com\/fr\/contact-us\/","title":{"rendered":"Nous contacter"},"content":{"rendered":"\t\t<div data-elementor-type=\"wp-page\" data-elementor-id=\"263\" class=\"elementor elementor-263\" data-elementor-post-type=\"page\">\n\t\t\t\t<div class=\"elementor-element elementor-element-8448b5b e-con-full e-flex e-con e-parent\" data-id=\"8448b5b\" data-element_type=\"container\" data-e-type=\"container\">\n\t\t\t\t<div class=\"elementor-element elementor-element-5b25555 elementor-widget elementor-widget-heading\" data-id=\"5b25555\" data-element_type=\"widget\" data-e-type=\"widget\" data-widget_type=\"heading.default\">\n\t\t\t\t\t<h1 class=\"elementor-heading-title elementor-size-default\">Contact Us<\/h1>\t\t\t\t<\/div>\n\t\t<div class=\"elementor-element elementor-element-5710967 e-con-full e-flex e-con e-child\" data-id=\"5710967\" data-element_type=\"container\" data-e-type=\"container\">\n\t\t<div class=\"elementor-element elementor-element-65bdfe3 e-con-full e-flex e-con e-child\" data-id=\"65bdfe3\" data-element_type=\"container\" data-e-type=\"container\">\n\t\t\t\t<div class=\"elementor-element elementor-element-9c1725e elementor-widget elementor-widget-heading\" data-id=\"9c1725e\" data-element_type=\"widget\" data-e-type=\"widget\" data-widget_type=\"heading.default\">\n\t\t\t\t\t<h2 class=\"elementor-heading-title elementor-size-default\">Our Location<\/h2>\t\t\t\t<\/div>\n\t\t\t\t<div class=\"elementor-element elementor-element-0590276 elementor-widget elementor-widget-text-editor\" data-id=\"0590276\" data-element_type=\"widget\" data-e-type=\"widget\" data-widget_type=\"text-editor.default\">\n\t\t\t\t\t\t\t\t\t<p>18\/25 Moo 3 Chalok Ban Kao,\u00a0Koh Tao, Koh Phangan, Surat Thani 84360\u00a0<\/p>\t\t\t\t\t\t\t\t<\/div>\n\t\t\t\t<div class=\"elementor-element elementor-element-0fbe978 elementor-widget elementor-widget-heading\" data-id=\"0fbe978\" data-element_type=\"widget\" data-e-type=\"widget\" data-widget_type=\"heading.default\">\n\t\t\t\t\t<h2 class=\"elementor-heading-title elementor-size-default\">Our Contact<\/h2>\t\t\t\t<\/div>\n\t\t\t\t<div class=\"elementor-element elementor-element-99fda97 elementor-widget elementor-widget-text-editor\" data-id=\"99fda97\" data-element_type=\"widget\" data-e-type=\"widget\" data-widget_type=\"text-editor.default\">\n\t\t\t\t\t\t\t\t\t<p><strong>Tel.<\/strong> <a href=\"tel:+66614184511\">+6661 418 4511<\/a><\/p><p><strong>Email.<\/strong> <a href=\"mailto:info@navascuba.com\">info@navascuba.com<\/a><\/p><p><strong>WhatsApp.<\/strong>\u00a0<a href=\"http:\/\/wa.me\/66614184511\" target=\"_blank\" rel=\"noopener\">+66614184511<\/a><\/p>\t\t\t\t\t\t\t\t<\/div>\n\t\t\t\t<div class=\"elementor-element elementor-element-0892ad8 elementor-widget elementor-widget-heading\" data-id=\"0892ad8\" data-element_type=\"widget\" data-e-type=\"widget\" data-widget_type=\"heading.default\">\n\t\t\t\t\t<h2 class=\"elementor-heading-title elementor-size-default\">Our Hours<\/h2>\t\t\t\t<\/div>\n\t\t\t\t<div class=\"elementor-element elementor-element-a9d273c elementor-widget elementor-widget-text-editor\" data-id=\"a9d273c\" data-element_type=\"widget\" data-e-type=\"widget\" data-widget_type=\"text-editor.default\">\n\t\t\t\t\t\t\t\t\t<p><strong>Mon &#8211; Sun<\/strong> 09.00 &#8211; 20.00<\/p>\t\t\t\t\t\t\t\t<\/div>\n\t\t\t\t<\/div>\n\t\t\t\t<div class=\"elementor-element elementor-element-2777bd0 elementor-widget__width-initial elementor-widget elementor-widget-google_maps\" data-id=\"2777bd0\" data-element_type=\"widget\" data-e-type=\"widget\" data-widget_type=\"google_maps.default\">\n\t\t\t\t\t\t\t<div class=\"elementor-custom-embed\">\n\t\t\t<iframe loading=\"lazy\"\n\t\t\t\t\tsrc=\"https:\/\/maps.google.com\/maps?q=nava%20scuba%20diving&#038;t=m&#038;z=15&#038;output=embed&#038;iwloc=near\"\n\t\t\t\t\ttitle=\"nava scuba diving\"\n\t\t\t\t\taria-label=\"nava scuba diving\"\n\t\t\t><\/iframe>\n\t\t<\/div>\n\t\t\t\t\t\t<\/div>\n\t\t\t\t<\/div>\n\t\t\t\t<\/div>\n\t\t<div class=\"elementor-element elementor-element-5ee6ba1 e-con-full e-flex e-con e-parent\" data-id=\"5ee6ba1\" data-element_type=\"container\" data-e-type=\"container\">\n\t\t\t\t<div class=\"elementor-element elementor-element-18c8a0f elementor-widget__width-inherit elementor-widget elementor-widget-heading\" data-id=\"18c8a0f\" data-element_type=\"widget\" data-e-type=\"widget\" data-widget_type=\"heading.default\">\n\t\t\t\t\t<h2 class=\"elementor-heading-title elementor-size-default\">Diving Inquiry Form<\/h2>\t\t\t\t<\/div>\n\t\t\t\t<div class=\"elementor-element elementor-element-5f71005 elementor-widget__width-inherit elementor-widget elementor-widget-text-editor\" data-id=\"5f71005\" data-element_type=\"widget\" data-e-type=\"widget\" data-widget_type=\"text-editor.default\">\n\t\t\t\t\t\t\t\t\t<p>If you are not sure which scuba diving course or experience is for you, feel free to use this form below to contact our dive professionals. We&#8217;ll reply via email within 24 hours.<\/p>\t\t\t\t\t\t\t\t<\/div>\n\t\t\t\t<div class=\"elementor-element elementor-element-ca31f34 elementor-widget__width-inherit elementor-button-align-stretch elementor-widget elementor-widget-form\" data-id=\"ca31f34\" data-element_type=\"widget\" data-e-type=\"widget\" data-settings=\"{&quot;step_next_label&quot;:&quot;Next&quot;,&quot;step_previous_label&quot;:&quot;Previous&quot;,&quot;button_width&quot;:&quot;100&quot;,&quot;step_type&quot;:&quot;number_text&quot;,&quot;step_icon_shape&quot;:&quot;circle&quot;}\" data-widget_type=\"form.default\">\n\t\t\t\t\t\t\t<form class=\"elementor-form\" method=\"post\" name=\"Diving Inquiry\" aria-label=\"Diving Inquiry\">\n\t\t\t<input type=\"hidden\" name=\"post_id\" value=\"263\"\/>\n\t\t\t<input type=\"hidden\" name=\"form_id\" value=\"ca31f34\"\/>\n\t\t\t<input type=\"hidden\" name=\"referer_title\" value=\"\" \/>\n\n\t\t\t\n\t\t\t<div class=\"elementor-form-fields-wrapper elementor-labels-above\">\n\t\t\t\t\t\t\t\t<div class=\"elementor-field-type-text elementor-field-group elementor-column elementor-field-group-name elementor-col-50 elementor-field-required elementor-mark-required\">\n\t\t\t\t\t\t\t\t\t\t\t\t<label for=\"form-field-name\" class=\"elementor-field-label\">\n\t\t\t\t\t\t\t\tFirst Name\t\t\t\t\t\t\t<\/label>\n\t\t\t\t\t\t\t\t\t\t\t\t\t\t<input size=\"1\" type=\"text\" name=\"form_fields[name]\" id=\"form-field-name\" class=\"elementor-field elementor-size-sm  elementor-field-textual\" placeholder=\"First Name\" required=\"required\">\n\t\t\t\t\t\t\t\t\t\t\t<\/div>\n\t\t\t\t\t\t\t\t<div class=\"elementor-field-type-text elementor-field-group elementor-column elementor-field-group-field_1abdd90 elementor-col-50 elementor-field-required elementor-mark-required\">\n\t\t\t\t\t\t\t\t\t\t\t\t<label for=\"form-field-field_1abdd90\" class=\"elementor-field-label\">\n\t\t\t\t\t\t\t\tLast Name\t\t\t\t\t\t\t<\/label>\n\t\t\t\t\t\t\t\t\t\t\t\t\t\t<input size=\"1\" type=\"text\" name=\"form_fields[field_1abdd90]\" id=\"form-field-field_1abdd90\" class=\"elementor-field elementor-size-sm  elementor-field-textual\" placeholder=\"Last Name\" required=\"required\">\n\t\t\t\t\t\t\t\t\t\t\t<\/div>\n\t\t\t\t\t\t\t\t<div class=\"elementor-field-type-email elementor-field-group elementor-column elementor-field-group-email elementor-col-50 elementor-field-required elementor-mark-required\">\n\t\t\t\t\t\t\t\t\t\t\t\t<label for=\"form-field-email\" class=\"elementor-field-label\">\n\t\t\t\t\t\t\t\tEmail\t\t\t\t\t\t\t<\/label>\n\t\t\t\t\t\t\t\t\t\t\t\t\t\t<input size=\"1\" type=\"email\" name=\"form_fields[email]\" id=\"form-field-email\" class=\"elementor-field elementor-size-sm  elementor-field-textual\" placeholder=\"Email\" required=\"required\">\n\t\t\t\t\t\t\t\t\t\t\t<\/div>\n\t\t\t\t\t\t\t\t<div class=\"elementor-field-type-tel elementor-field-group elementor-column elementor-field-group-field_bacbe06 elementor-col-50 elementor-field-required elementor-mark-required\">\n\t\t\t\t\t\t\t\t\t\t\t\t<label for=\"form-field-field_bacbe06\" class=\"elementor-field-label\">\n\t\t\t\t\t\t\t\tTelephone\t\t\t\t\t\t\t<\/label>\n\t\t\t\t\t\t\t\t<input size=\"1\" type=\"tel\" name=\"form_fields[field_bacbe06]\" id=\"form-field-field_bacbe06\" class=\"elementor-field elementor-size-sm  elementor-field-textual\" placeholder=\"Tel\" required=\"required\" pattern=\"[0-9()#&amp;+*-=.]+\" title=\"Seuls les caract\u00e8res de num\u00e9ros de t\u00e9l\u00e9phone (#, -, *, etc.) sont accept\u00e9s.\">\n\n\t\t\t\t\t\t<\/div>\n\t\t\t\t\t\t\t\t<div class=\"elementor-field-type-select elementor-field-group elementor-column elementor-field-group-message elementor-col-50 elementor-field-required elementor-mark-required\">\n\t\t\t\t\t\t\t\t\t\t\t\t<label for=\"form-field-message\" class=\"elementor-field-label\">\n\t\t\t\t\t\t\t\tCurrent Dive Level\t\t\t\t\t\t\t<\/label>\n\t\t\t\t\t\t\t\t<div class=\"elementor-field elementor-select-wrapper remove-before \">\n\t\t\t<div class=\"select-caret-down-wrapper\">\n\t\t\t\t<svg aria-hidden=\"true\" class=\"e-font-icon-svg e-eicon-caret-down\" viewBox=\"0 0 571.4 571.4\" xmlns=\"http:\/\/www.w3.org\/2000\/svg\"><path d=\"M571 393Q571 407 561 418L311 668Q300 679 286 679T261 668L11 418Q0 407 0 393T11 368 36 357H536Q550 357 561 368T571 393Z\"><\/path><\/svg>\t\t\t<\/div>\n\t\t\t<select name=\"form_fields[message]\" id=\"form-field-message\" class=\"elementor-field-textual elementor-size-sm\" required=\"required\">\n\t\t\t\t\t\t\t\t\t<option value=\"Beginners\">Beginners<\/option>\n\t\t\t\t\t\t\t\t\t<option value=\"OW\">Open Water Diver<\/option>\n\t\t\t\t\t\t\t\t\t<option value=\"AOW\">Advanced Diver<\/option>\n\t\t\t\t\t\t\t\t\t<option value=\"RES\">Rescue Diver<\/option>\n\t\t\t\t\t\t\t\t\t<option value=\"DM\">Divemaster<\/option>\n\t\t\t\t\t\t\t\t\t<option value=\"OWSI\">Instructor<\/option>\n\t\t\t\t\t\t\t<\/select>\n\t\t<\/div>\n\t\t\t\t\t\t<\/div>\n\t\t\t\t\t\t\t\t<div class=\"elementor-field-type-number elementor-field-group elementor-column elementor-field-group-field_5622dac elementor-col-50 elementor-field-required elementor-mark-required\">\n\t\t\t\t\t\t\t\t\t\t\t\t<label for=\"form-field-field_5622dac\" class=\"elementor-field-label\">\n\t\t\t\t\t\t\t\tTotal Participants\t\t\t\t\t\t\t<\/label>\n\t\t\t\t\t\t\t\t\t<input type=\"number\" name=\"form_fields[field_5622dac]\" id=\"form-field-field_5622dac\" class=\"elementor-field elementor-size-sm  elementor-field-textual\" placeholder=\"Total Number of People\" required=\"required\" min=\"1\" max=\"4\" >\n\t\t\t\t\t\t<\/div>\n\t\t\t\t\t\t\t\t<div class=\"elementor-field-type-checkbox elementor-field-group elementor-column elementor-field-group-field_f88d570 elementor-col-100\">\n\t\t\t\t\t\t\t\t\t\t\t\t<label for=\"form-field-field_f88d570\" class=\"elementor-field-label\">\n\t\t\t\t\t\t\t\tInterested Activities\t\t\t\t\t\t\t<\/label>\n\t\t\t\t\t\t<div class=\"elementor-field-subgroup  \"><span class=\"elementor-field-option\"><input type=\"checkbox\" value=\"DSD\" id=\"form-field-field_f88d570-0\" name=\"form_fields[field_f88d570][]\"> <label for=\"form-field-field_f88d570-0\">Discover Scuba Diving<\/label><\/span><span class=\"elementor-field-option\"><input type=\"checkbox\" value=\"OW\" id=\"form-field-field_f88d570-1\" name=\"form_fields[field_f88d570][]\"> <label for=\"form-field-field_f88d570-1\">PADI Open Water Course<\/label><\/span><span class=\"elementor-field-option\"><input type=\"checkbox\" value=\"AOW\" id=\"form-field-field_f88d570-2\" name=\"form_fields[field_f88d570][]\"> <label for=\"form-field-field_f88d570-2\">PADI Advanced Open Water Course<\/label><\/span><span class=\"elementor-field-option\"><input type=\"checkbox\" value=\"EFR\" id=\"form-field-field_f88d570-3\" name=\"form_fields[field_f88d570][]\"> <label for=\"form-field-field_f88d570-3\">Emergency First Response<\/label><\/span><span class=\"elementor-field-option\"><input type=\"checkbox\" value=\"RES\" id=\"form-field-field_f88d570-4\" name=\"form_fields[field_f88d570][]\"> <label for=\"form-field-field_f88d570-4\">PADI Rescue Diver Course<\/label><\/span><span class=\"elementor-field-option\"><input type=\"checkbox\" value=\"DM\" id=\"form-field-field_f88d570-5\" name=\"form_fields[field_f88d570][]\"> <label for=\"form-field-field_f88d570-5\">PADI Divemaster<\/label><\/span><span class=\"elementor-field-option\"><input type=\"checkbox\" value=\"2FDAM\" id=\"form-field-field_f88d570-6\" name=\"form_fields[field_f88d570][]\"> <label for=\"form-field-field_f88d570-6\">Morning Fun Diving Trip<\/label><\/span><span class=\"elementor-field-option\"><input type=\"checkbox\" value=\"2FDPM\" id=\"form-field-field_f88d570-7\" name=\"form_fields[field_f88d570][]\"> <label for=\"form-field-field_f88d570-7\">Afternoon Fun Diving Trip<\/label><\/span><\/div>\t\t\t\t<\/div>\n\t\t\t\t\t\t\t\t<div class=\"elementor-field-type-date elementor-field-group elementor-column elementor-field-group-field_c8ea135 elementor-col-70 elementor-field-required elementor-mark-required\">\n\t\t\t\t\t\t\t\t\t\t\t\t<label for=\"form-field-field_c8ea135\" class=\"elementor-field-label\">\n\t\t\t\t\t\t\t\tPreferred Date\t\t\t\t\t\t\t<\/label>\n\t\t\t\t\t\t\n\t\t<input type=\"date\" name=\"form_fields[field_c8ea135]\" id=\"form-field-field_c8ea135\" class=\"elementor-field elementor-size-sm  elementor-field-textual elementor-date-field elementor-use-native\" placeholder=\"avril 7, 2026 3:59 PM\" required=\"required\" pattern=\"[0-9]{4}-[0-9]{2}-[0-9]{2}\">\n\t\t\t\t\t\t<\/div>\n\t\t\t\t\t\t\t\t<div class=\"elementor-field-type-acceptance elementor-field-group elementor-column elementor-field-group-field_84cd33c elementor-col-30\">\n\t\t\t\t\t\t\t\t\t\t\t\t<label for=\"form-field-field_84cd33c\" class=\"elementor-field-label\">\n\t\t\t\t\t\t\t\tAre you flexible?\t\t\t\t\t\t\t<\/label>\n\t\t\t\t\t\t\t\t<div class=\"elementor-field-subgroup\">\n\t\t\t<span class=\"elementor-field-option\">\n\t\t\t\t<input type=\"checkbox\" name=\"form_fields[field_84cd33c]\" id=\"form-field-field_84cd33c\" class=\"elementor-field elementor-size-sm  elementor-acceptance-field\">\n\t\t\t\t<label for=\"form-field-field_84cd33c\">Yes<\/label>\t\t\t<\/span>\n\t\t<\/div>\n\t\t\t\t\t\t<\/div>\n\t\t\t\t\t\t\t\t<div class=\"elementor-field-type-textarea elementor-field-group elementor-column elementor-field-group-field_bf81eb7 elementor-col-100\">\n\t\t\t\t\t\t\t\t\t\t\t\t<label for=\"form-field-field_bf81eb7\" class=\"elementor-field-label\">\n\t\t\t\t\t\t\t\tOther Inquiry\t\t\t\t\t\t\t<\/label>\n\t\t\t\t\t\t<textarea class=\"elementor-field-textual elementor-field  elementor-size-sm\" name=\"form_fields[field_bf81eb7]\" id=\"form-field-field_bf81eb7\" rows=\"5\" placeholder=\"Text Here\"><\/textarea>\t\t\t\t<\/div>\n\t\t\t\t\t\t\t\t<div class=\"elementor-field-type-recaptcha_v3 elementor-field-group elementor-column elementor-field-group-field_b9fc6e1 elementor-col-100 recaptcha_v3-bottomright\">\n\t\t\t\t\t<div class=\"elementor-field\" id=\"form-field-field_b9fc6e1\"><div class=\"elementor-g-recaptcha\" data-sitekey=\"6LdwipEkAAAAAANu_PzTizLL4ORdNp0nndbhYTVC\" data-type=\"v3\" data-action=\"Form\" data-badge=\"bottomright\" data-size=\"invisible\"><\/div><\/div>\t\t\t\t<\/div>\n\t\t\t\t\t\t\t\t<div class=\"elementor-field-group elementor-column elementor-field-type-submit elementor-col-100 e-form__buttons\">\n\t\t\t\t\t<button class=\"elementor-button elementor-size-sm\" type=\"submit\">\n\t\t\t\t\t\t<span class=\"elementor-button-content-wrapper\">\n\t\t\t\t\t\t\t\t\t\t\t\t\t\t\t\t\t\t\t\t\t\t<span class=\"elementor-button-text\">Send<\/span>\n\t\t\t\t\t\t\t\t\t\t\t\t\t<\/span>\n\t\t\t\t\t<\/button>\n\t\t\t\t<\/div>\n\t\t\t<\/div>\n\t\t<\/form>\n\t\t\t\t\t\t<\/div>\n\t\t\t\t<\/div>\n\t\t\t\t<\/div>\n\t\t","protected":false},"excerpt":{"rendered":"<p>Contact our dive professionals at Nava Scuba Diving through any of these channels listed here for more information on scuba diving courses in Koh Tao!<\/p>","protected":false},"author":2,"featured_media":2994,"parent":0,"menu_order":0,"comment_status":"closed","ping_status":"closed","template":"","meta":{"footnotes":""},"class_list":["post-263","page","type-page","status-publish","has-post-thumbnail","hentry"],"_links":{"self":[{"href":"https:\/\/www.navascuba.com\/fr\/wp-json\/wp\/v2\/pages\/263","targetHints":{"allow":["GET"]}}],"collection":[{"href":"https:\/\/www.navascuba.com\/fr\/wp-json\/wp\/v2\/pages"}],"about":[{"href":"https:\/\/www.navascuba.com\/fr\/wp-json\/wp\/v2\/types\/page"}],"author":[{"embeddable":true,"href":"https:\/\/www.navascuba.com\/fr\/wp-json\/wp\/v2\/users\/2"}],"replies":[{"embeddable":true,"href":"https:\/\/www.navascuba.com\/fr\/wp-json\/wp\/v2\/comments?post=263"}],"version-history":[{"count":0,"href":"https:\/\/www.navascuba.com\/fr\/wp-json\/wp\/v2\/pages\/263\/revisions"}],"wp:featuredmedia":[{"embeddable":true,"href":"https:\/\/www.navascuba.com\/fr\/wp-json\/wp\/v2\/media\/2994"}],"wp:attachment":[{"href":"https:\/\/www.navascuba.com\/fr\/wp-json\/wp\/v2\/media?parent=263"}],"curies":[{"name":"wp","href":"https:\/\/api.w.org\/{rel}","templated":true}]}}