{"id":1537,"date":"2023-10-31T20:41:11","date_gmt":"2023-10-31T13:41:11","guid":{"rendered":"https:\/\/navascuba.com\/?page_id=1537"},"modified":"2026-03-05T17:37:55","modified_gmt":"2026-03-05T10:37:55","slug":"padi-5-star-dive-center","status":"publish","type":"page","link":"https:\/\/www.navascuba.com\/fr\/about-nava-scuba-diving\/padi-5-star-dive-center\/","title":{"rendered":"Centre de plong\u00e9e PADI 5 \u00e9toiles s\u00e9curis\u00e9 \u00e0 Koh Tao : Un centre ECO de premier plan"},"content":{"rendered":"<div data-elementor-type=\"wp-page\" data-elementor-id=\"1537\" class=\"elementor elementor-1537\" data-elementor-post-type=\"page\">\n\t\t\t\t<div class=\"elementor-element elementor-element-298d9b18 e-con-full no-lazy e-flex e-con e-parent\" data-id=\"298d9b18\" data-element_type=\"container\" data-e-type=\"container\" data-settings=\"{&quot;background_background&quot;:&quot;classic&quot;}\">\n\t\t\t\t<div class=\"elementor-element elementor-element-2042934d elementor-widget__width-initial elementor-widget-mobile__width-initial elementor-widget elementor-widget-text-editor\" data-id=\"2042934d\" data-element_type=\"widget\" data-e-type=\"widget\" data-widget_type=\"text-editor.default\">\n\t\t\t\t\t\t\t\t\tNotre objectif, en tant que centre de plong\u00e9e PADI 5 \u00e9toiles, est de faire d\u00e9couvrir le monde sous-marin \u00e0 tous les passionn\u00e9s de l'oc\u00e9an. Nous sommes ouverts aux d\u00e9butants et accueillons tous les professionnels\t\t\t\t\t\t\t\t<\/div>\n\t\t\t\t<div class=\"elementor-element elementor-element-1bd665c elementor-button-info elementor-align-center elementor-widget elementor-widget-button\" data-id=\"1bd665c\" data-element_type=\"widget\" data-e-type=\"widget\" data-widget_type=\"button.default\">\n\t\t\t\t\t\t\t\t\t\t<a class=\"elementor-button elementor-button-link elementor-size-md\" href=\"https:\/\/wa.me\/66614184511\" target=\"_blank\" rel=\"noopener\">\n\t\t\t\t\t\t<span class=\"elementor-button-content-wrapper\">\n\t\t\t\t\t\t\t\t\t<span class=\"elementor-button-text\">Nous envoyer un message<\/span>\n\t\t\t\t\t<\/span>\n\t\t\t\t\t<\/a>\n\t\t\t\t\t\t\t\t<\/div>\n\t\t\t\t<\/div>\n\t\t<div class=\"elementor-element elementor-element-6f241ba9 e-flex e-con-boxed e-con e-parent\" data-id=\"6f241ba9\" data-element_type=\"container\" data-e-type=\"container\">\n\t\t\t\t\t<div class=\"e-con-inner\">\n\t\t\t\t<div class=\"elementor-element elementor-element-17c8fa95 elementor-widget elementor-widget-heading\" data-id=\"17c8fa95\" data-element_type=\"widget\" data-e-type=\"widget\" data-widget_type=\"heading.default\">\n\t\t\t\t\t<h1 class=\"elementor-heading-title elementor-size-default\">Pas de foule, pas de chaos. Simplement une meilleure exp\u00e9rience de plong\u00e9e chez Nava Scuba Diving&lt;<\/h1>\t\t\t\t<\/div>\n\t\t\t\t<div class=\"elementor-element elementor-element-56e6ecbc elementor-widget elementor-widget-text-editor\" data-id=\"56e6ecbc\" data-element_type=\"widget\" data-e-type=\"widget\" data-widget_type=\"text-editor.default\">\n\t\t\t\t\t\t\t\t\t<p class=\"translation-block\">Soyons honn\u00eates un instant. Koh Tao est c\u00e9l\u00e8bre pour la plong\u00e9e, mais aussi pour ses <b>usines \u00e0 plongeurs<\/b>. Vous avez probablement vu les photos ou entendu les histoires d'horreur : 40 \u00e9l\u00e8ves entass\u00e9s sur un petit bateau, des instructeurs qui exp\u00e9dient les briefings de plong\u00e9e comme s'ils \u00e9taient chronom\u00e9tr\u00e9s, et cette sensation d\u00e9sagr\u00e9able de n'\u00eatre qu'un <b>num\u00e9ro sur un tableau de bord<\/b>. <b>C'est exactement ce que nous d\u00e9testons.<\/p><p class=\"translation-block\">Chez Nava Scuba Diving, nous avons construit quelque chose de diff\u00e9rent. Nous ne cherchons pas \u00e0 \u00eatre la plus grande \u00e9cole de plong\u00e9e de l'\u00eele, mais <b>nous voulons \u00eatre les meilleurs<\/b>. Nous avons \u00e9chang\u00e9 le bruit et le chaos des f\u00eates de Sairee contre <b>la beaut\u00e9 tranquille de Chalok Bay<\/b>. Nous avons privil\u00e9gi\u00e9 la qualit\u00e9 sur la quantit\u00e9.<\/p><p class=\"translation-block\">Si vous souhaitez apprendre \u00e0 plonger dans un environnement o\u00f9 votre <b>s\u00e9curit\u00e9 est la seule priorit\u00e9<\/b> et o\u00f9 votre instructeur <b>se souvient vraiment de votre nom<\/b>, vous \u00eates au bon endroit. Bienvenue dans le PADI 5 Star Dive Center de Koh Tao que vous attendiez.<\/p><h2>Pourquoi l'approche anti-usine est-elle importante pour vous ?<\/h2><p class=\"translation-block\">Lorsque vous choisissez un centre de plong\u00e9e, vous choisissez \u00e0 qui vous <b>confiez votre vie sous l'eau<\/b>. Cela semble dramatique, mais c'est la v\u00e9rit\u00e9. Dans une \u00e9cole de type usine, des compromis sont faits. Les briefings sont plus courts. Les groupes sont plus grands. Tout cela est g\u00e9n\u00e9ralement fait pour offrir un prix plus bas.<\/p><p class=\"translation-block\">Chez Nava, nous croyons en une plong\u00e9e sous-marine en toute s\u00e9curit\u00e9 \u00e0 Koh Tao. Pour nous, <b>la s\u00e9curit\u00e9 n'est pas une simple liste de contr\u00f4le, c'est notre ADN<\/b>. Nous croyons qu'en gardant nos groupes restreints et notre atmosph\u00e8re calme, nous garantissons que chaque respiration que vous prenez sous l'eau est soutenue par <b>une supervision professionnelle et un \u00e9quipement de premier ordre<\/b>. Nous ne vous pressons pas. Nous ne vous mettons pas la pression. Nous plongeons \u00e0 votre rythme. Cette approche est con\u00e7ue pour le voyageur moderne qui privil\u00e9gie <b>l'authenticit\u00e9 et l'excellence au tourisme de masse.<\/b><\/p><h3>1. Petits groupes, grande confiance<\/h3><p class=\"translation-block\">Nous \u00e9vitons la foule. <b>Nos ratios \u00e9l\u00e8ves\/instructeur sont parmi les plus bas de l'\u00eele : une moyenne de 2 \u00e0 3 \u00e9l\u00e8ves pour 1 instructeur.<\/b> Pour mettre cela en perspective, la norme de l'industrie permet souvent jusqu'\u00e0 8 \u00e9l\u00e8ves par instructeur, et il est courant de voir 5 ou 6 \u00e9l\u00e8ves par groupe dans d'autres \u00e9coles.<\/p><p class=\"translation-block\">Pourquoi notre faible ratio est-il important ? Parce que lorsque vous apprenez \u00e0 respirer sous l'eau pour la premi\u00e8re fois, vous m\u00e9ritez <b>100 % de l'attention de votre instructeur.<\/b> Il ne s'agit pas seulement de se sentir sp\u00e9cial, il s'agit de devenir un <b>plongeur comp\u00e9tent et confiant<\/b> qui sait vraiment ce qu'il fait. Vous avez plus de temps pour poser des questions, plus de temps pour pratiquer les comp\u00e9tences, et un niveau de s\u00e9curit\u00e9 beaucoup plus \u00e9lev\u00e9.<\/p><h3>2. La baie de Chalok comme alternative paisible<\/h3><p class=\"translation-block\">La plage de Sairee est g\u00e9niale si vous voulez faire la f\u00eate jusqu'\u00e0 3 heures du matin, mais c'est un cauchemar pour des vacances de plong\u00e9e relaxantes. En tant que centre de plong\u00e9e de premier plan dans la <b>baie de Chalok<\/b>, nous offrons une ambiance compl\u00e8tement diff\u00e9rente. Notre centre est situ\u00e9 sur une <b>plage tranquille<\/b> avec une mer calme et une brise qui vous permet de vraiment respirer. C'est l'endroit id\u00e9al pour <b>d\u00e9compresser et se ressourcer<\/b> apr\u00e8s une journ\u00e9e d'aventure \u00e0 explorer les r\u00e9cifs. Pas de foule, pas de cris, juste le bruit de l'oc\u00e9an. Lorsque vous plongez depuis Chalok, vous avez l'impression d'\u00eatre dans une v\u00e9ritable escapade insulaire, loin du bruit commercial de la jet\u00e9e principale.<\/p><h2>La norme Nava : Une exp\u00e9rience PADI 5 Star et ECO<\/h2><p class=\"translation-block\">\u00catre un <b>PADI 5 Star Dive Center<\/b> et un <b>PADI ECO Center<\/b> ne sont pas seulement des badges que nous avons achet\u00e9s. Ce sont des \u00e9valuations que nous avons gagn\u00e9es en prouvant que nous fournissons les plus hauts niveaux de <b>formation de plongeurs, de s\u00e9curit\u00e9 et de conscience environnementale.<\/b> Nous nous en tenons \u00e0 une norme qui garantit que vous obtenez la meilleure \u00e9ducation possible de la mani\u00e8re la plus durable. Cela signifie de meilleures installations, de meilleurs bateaux et une meilleure exp\u00e9rience globale pour vous.<\/p><h3>Des instructeurs de niveau professionnel qui s'en soucien<\/h3><p class=\"translation-block\">Notre \u00e9quipe n'est pas ici pour des vacances de travail. Nos instructeurs et divemasters sont des <b>professionnels chevronn\u00e9s<\/b> qui vivent et respirent l'oc\u00e9an. Ils sont form\u00e9s aux derniers protocoles de s\u00e9curit\u00e9 et sont des experts absolus pour faire en sorte que m\u00eame les <b>d\u00e9butants les plus nerveux<\/b> se sentent totalement \u00e0 l'aise et comme chez eux sous l'eau. Nous prenons le temps d'expliquer le <b>c\u00f4t\u00e9 scientifique et technique de la plong\u00e9e<\/b> d'une mani\u00e8re facile \u00e0 comprendre, m\u00eame si l'anglais est votre troisi\u00e8me langue. Nous ne voulons pas seulement que vous r\u00e9ussissiez un test ; nous voulons que vous soyez un plongeur qualifi\u00e9 et responsable pour la vie.<\/p><h3>Un \u00e9quipement haut de gamme auquel vous pouvez faire confiance<\/h3><p class=\"translation-block\">La plong\u00e9e est un sport d\u00e9pendant de l'\u00e9quipement. Si votre \u00e9quipement est mal entretenu, votre plong\u00e9e ne sera pas amusante. Chez Nava Scuba Diving, nous n'utilisons que des <b>\u00e9quipements de plong\u00e9e modernes et haut de gamme.<\/b> Nous suivons un programme d'entretien strict qui garantit que chaque gilet stabilisateur, d\u00e9tendeur et bouteille est en <b>parfait \u00e9tat<\/b> avant m\u00eame de quitter la boutique. Nous ne prenons pas de risques avec notre \u00e9quipement, vous n'avez donc pas \u00e0 en prendre non plus. Lorsque vous mettez un d\u00e9tendeur Nava, vous savez qu'il a \u00e9t\u00e9 entretenu selon les <b>normes professionnelles les plus strictes.<\/b><\/p><h2>Commencez votre voyage : Les meilleurs cours de plong\u00e9e sous-marine PADI \u00e0 Koh Tao<\/h2><p class=\"translation-block\">Que vous n'ayez jamais mis de masque ou que vous cherchiez \u00e0 devenir professionnel, nos cours PADI sont con\u00e7us pour \u00eatre <b>approfondis, amusants et, surtout, s\u00fbrs.<\/b> Nous nous concentrons sur un <b>apprentissage bas\u00e9 sur la ma\u00eetrise<\/b>, ce qui signifie que nous avan\u00e7ons \u00e0 votre rythme, et non \u00e0 celui du bateau.<\/p><h3>PADI Open Water Diver : Les fondations<\/h3><p class=\"translation-block\">C'est ici que la magie op\u00e8re. Le cours Open Water est votre billet pour le monde sous-marin. Chez Nava, nous ne nous contentons pas de vous enseigner les comp\u00e9tences ; nous nous assurons que vous <b>les ma\u00eetrisez.<\/b> Nous vous recommandons de terminer votre th\u00e9orie sur la plateforme <b>PADI eLearning<\/b> avant m\u00eame votre arriv\u00e9e \u00e0 Koh Tao. Cela maximise votre temps dans l'eau ! Une fois sur place, vos quatre plong\u00e9es en mer auront lieu sur certains des sites les plus dynamiques du golfe de Tha\u00eflande. \u00c0 la fin, vous obtiendrez une <b>certification \u00e0 vie<\/b> pour plonger jusqu'\u00e0 18 m\u00e8tres n'importe o\u00f9 sur la plan\u00e8te.<\/p><p class=\"translation-block\">Retrouvez plus d'informations sur notre <a href=\"https:\/\/www.navascuba.com\/fr\/beginner\/padi-open-water\/\"><b>cours PADI Open Water \u00e0 Koh Tao ici.<\/b><\/a><\/p><h3>PADI Advanced Open Water : \u00c9largissez votre horizon<\/h3><p class=\"translation-block\">D\u00e9j\u00e0 certifi\u00e9 ? Le cours Advanced est ax\u00e9 sur le <b>pur plaisir de la plong\u00e9e.<\/b> Il n'y a pas d'examens formels, juste cinq plong\u00e9es d'aventure qui affinent vos comp\u00e9tences et renforcent votre confiance. Vous effectuerez deux plong\u00e9es obligatoires : <b>l'orientation sous-marine et la plong\u00e9e profonde.<\/b> Ensuite, vous \u00eates libre de choisir trois autres plong\u00e9es d'aventure comme la plong\u00e9e sur \u00e9pave, la plong\u00e9e de nuit ou la ma\u00eetrise de la flottabilit\u00e9 (Peak Performance Buoyancy). Ce cours est con\u00e7u pour vous emmener \u00e0 <b>30 m\u00e8tres<\/b>, ouvrant ainsi un tout nouveau monde d'exploration en eaux profondes.<\/p><p class=\"translation-block\">Retrouvez plus d'informations sur notre <a href=\"https:\/\/www.navascuba.com\/fr\/cont-ed\/padi-advanced-open-water\/\"><b>cours PADI Advanced Open Water \u00e0 Koh Tao ici.<\/b><\/a><\/p><h3>PADI Rescue Diver : Le cours le plus gratifiant<\/h3><p class=\"translation-block\">Souvent n\u00e9glig\u00e9 par les plongeurs loisirs, le cours Rescue Diver est celui que la plupart des plongeurs consid\u00e8rent comme leur pr\u00e9f\u00e9r\u00e9. Il vous apprend \u00e0 regarder au-del\u00e0 de vous-m\u00eame et \u00e0 donner la priorit\u00e9 \u00e0 la <b>s\u00e9curit\u00e9 des autres.<\/b> Vous apprendrez \u00e0 g\u00e9rer le stress, \u00e0 reconna\u00eetre les probl\u00e8mes avant qu'ils ne surviennent et \u00e0 g\u00e9rer les sc\u00e9narios d'urgence avec sang-froid. C'est un \u00e9norme regain de confiance et un incontournable pour tout plongeur s\u00e9rieux. C'est stimulant, c'est intense et c'est <b>incroyablement amusant.<\/b><\/p><p class=\"translation-block\">Retrouvez plus d'informations sur notre <a href=\"https:\/\/www.navascuba.com\/fr\/cont-ed\/padi-rescue-diver\/\"><b>cours PADI Rescue Diver \u00e0 Koh Tao ici.<\/b><\/a><\/p><h2>D\u00e9couvrez le grand bleu : Excursions de plong\u00e9e quotidiennes \u00e0 Koh Tao<\/h2><p class=\"translation-block\">Si vous \u00eates d\u00e9j\u00e0 un plongeur certifi\u00e9, vous \u00eates ici pour les <b>Fun Dives (plong\u00e9es d'exploration).<\/b> Nos excursions de plong\u00e9e quotidiennes \u00e0 Koh Tao vous emm\u00e8nent sur les sites de premier plan autour de l'\u00eele. Nous \u00e9vitons les endroits surpeupl\u00e9s lorsque cela est possible et vous emmenons l\u00e0 o\u00f9 la vie est la plus vibrante. Nous proposons des <b>temps de plong\u00e9e prolong\u00e9s<\/b> chaque fois que possible, afin que vous puissiez vraiment vous impr\u00e9gner de la beaut\u00e9 du r\u00e9cif sans vous sentir press\u00e9 de retourner au bateau.<\/p><p>D\u00e9couvrez quelques-uns de nos sites pr\u00e9f\u00e9r\u00e9s :<\/p><ul><li class=\"translation-block\"><b>Chumphon Pinnacle :<\/b> La patrie l\u00e9gendaire des bancs g\u00e9ants de barracudas et de grosses boules de poissons. Voir plus <a href=\"https:\/\/www.navascuba.com\/fr\/koh-tao-dive-sites\/chumphon-pinnacle\/\">ici<\/a>.<\/li><li class=\"translation-block\"><b>Southwest Pinnacle :<\/b> Une cha\u00eene de montagnes sous-marine regorgeant de couleurs et de vie macro. Voir plus <a href=\"https:\/\/www.navascuba.com\/fr\/koh-tao-dive-sites\/southwest-pinnacle\/\">ici<\/a>.<\/li><li class=\"translation-block\"><b>White Rock :<\/b> Un site immense d'une biodiversit\u00e9 incroyable. Il est parfait pour les plong\u00e9es de jour comme de nuit. Voir plus <a href=\"https:\/\/www.navascuba.com\/fr\/koh-tao-dive-sites\/white-rock\/\">ici<\/a>.<\/li><\/ul><h3>Vous souhaitez explorer Koh Tao sans certification ?<\/h3><p class=\"translation-block\">Pas pr\u00eat pour un cours de 3 jours ? Notre exp\u00e9rience <b>Discover Scuba Diving<\/b> est le test parfait avant de vous engager. Elle peut \u00eatre r\u00e9alis\u00e9e en une seule journ\u00e9e. Vous apprendrez quelques comp\u00e9tences de base en eau peu profonde, puis partirez pour deux incroyables plong\u00e9es dans l'oc\u00e9an avec un instructeur \u00e0 vos c\u00f4t\u00e9s. C'est le moyen le plus simple et le plus s\u00fbr de voir si la plong\u00e9e est votre nouvelle obsession. Beaucoup de nos \u00e9l\u00e8ves commencent ici et finissent par tomber amoureux de l'oc\u00e9an. D\u00e9couvrez l'<a href=\"https:\/\/www.navascuba.com\/fr\/beginner\/discover-scuba-diving\/\"><b>exp\u00e9rience Discover Scuba Diving ici.<\/b><\/a><\/p><h2>Se ressourcer chez Nava : L'ambiance apr\u00e8s la plong\u00e9e<\/h2><p class=\"translation-block\">La plong\u00e9e est un sport actif. Apr\u00e8s des heures dans le sel et le soleil, vous allez \u00eatre fatigu\u00e9. Contrairement aux \u00e9coles-usines o\u00f9 vous \u00eates pouss\u00e9 vers la sortie pour faire place au bateau suivant, <b>nous voulons que vous restiez.<\/b> Notre centre de plong\u00e9e est con\u00e7u pour la d\u00e9tente. Nous proposons des <b>boissons fra\u00eeches rafra\u00eechissantes<\/b> pour que vous puissiez vous asseoir sur notre terrasse, siroter une boisson fra\u00eeche et <b>regarder le coucher de soleil sur la baie de Chalok.<\/b> Il s'agit de partager des histoires sur le requin-baleine que vous venez de voir ou sur le nudibranche que vous avez trouv\u00e9 cach\u00e9 dans le corail. Nous voulons que vous quittiez Nava avec de <b>nouveaux amis, pas seulement avec un certificat.<\/b><\/p><h2>Notre engagement envers l'oc\u00e9an<\/h2><p class=\"translation-block\">Nous aimons l'oc\u00e9an et nous savons que les r\u00e9cifs de Koh Tao sont fragiles. En tant que <b>PADI ECO Center<\/b> de premier plan, nous pratiquons et enseignons les principes de <b>Green Fins<\/b>. Nous ne touchons pas le corail, nous ne nourrissons pas les poissons, et nous apprenons \u00e0 nos \u00e9l\u00e8ves comment avoir une <b>flottabilit\u00e9 parfaite<\/b> afin de ne pas endommager accidentellement l'environnement. Lorsque vous plongez avec Nava, vous plongez avec une \u00e9cole qui <b>redonne \u00e0 la mer.<\/b><\/p>\t\t\t\t\t\t\t\t<\/div>\n\t\t\t\t<div class=\"elementor-element elementor-element-b055eaa elementor-widget elementor-widget-gallery\" data-id=\"b055eaa\" data-element_type=\"widget\" data-e-type=\"widget\" data-settings=\"{&quot;gallery_layout&quot;:&quot;masonry&quot;,&quot;columns_tablet&quot;:3,&quot;columns_mobile&quot;:2,&quot;lazyload&quot;:&quot;yes&quot;,&quot;columns&quot;:4,&quot;gap&quot;:{&quot;unit&quot;:&quot;px&quot;,&quot;size&quot;:10,&quot;sizes&quot;:[]},&quot;gap_tablet&quot;:{&quot;unit&quot;:&quot;px&quot;,&quot;size&quot;:10,&quot;sizes&quot;:[]},&quot;gap_mobile&quot;:{&quot;unit&quot;:&quot;px&quot;,&quot;size&quot;:10,&quot;sizes&quot;:[]},&quot;content_hover_animation&quot;:&quot;fade-in&quot;}\" data-widget_type=\"gallery.default\">\n\t\t\t\t\t\t\t<div class=\"elementor-gallery__container\">\n\t\t\t\t\t\t\t<div class=\"e-gallery-item elementor-gallery-item elementor-animated-content\">\n\t\t\t\t\t<div class=\"e-gallery-image elementor-gallery-item__image\" data-thumbnail=\"https:\/\/www.navascuba.com\/wp-content\/uploads\/2024\/11\/Front-view-of-Nava-Scuba-Diving-Dive-Center-mobile-300x225.webp\" data-width=\"300\" data-height=\"225\" aria-label=\"Front view of Nava Scuba Diving Dive Center, PADI 5 Star Dive Center Koh Tao\" role=\"img\" ><\/div>\n\t\t\t\t\t\t\t\t\t\t\t\t\t\t<\/div>\n\t\t\t\t\t\t\t<div class=\"e-gallery-item elementor-gallery-item elementor-animated-content\">\n\t\t\t\t\t<div class=\"e-gallery-image elementor-gallery-item__image\" data-thumbnail=\"https:\/\/www.navascuba.com\/wp-content\/uploads\/2024\/11\/Classroom-area-for-theory-mobile-240x300.webp\" data-width=\"240\" data-height=\"300\" aria-label=\"un groupe de personnes assises sur une terrasse au bord d&#039;une plage\" role=\"img\" ><\/div>\n\t\t\t\t\t\t\t\t\t\t\t\t\t\t<\/div>\n\t\t\t\t\t\t\t<div class=\"e-gallery-item elementor-gallery-item elementor-animated-content\">\n\t\t\t\t\t<div class=\"e-gallery-image elementor-gallery-item__image\" data-thumbnail=\"https:\/\/www.navascuba.com\/wp-content\/uploads\/2024\/11\/aboutus-nv-dc1-300x200.webp\" data-width=\"300\" data-height=\"200\" aria-label=\"Espace salon pour les clients du centre de plong\u00e9e Nava Scuba Diving\" role=\"img\" ><\/div>\n\t\t\t\t\t\t\t\t\t\t\t\t\t\t<\/div>\n\t\t\t\t\t\t\t<div class=\"e-gallery-item elementor-gallery-item elementor-animated-content\">\n\t\t\t\t\t<div class=\"e-gallery-image elementor-gallery-item__image\" data-thumbnail=\"https:\/\/www.navascuba.com\/wp-content\/uploads\/2024\/11\/aboutus-nv-dc2-300x200.webp\" data-width=\"300\" data-height=\"200\" aria-label=\"Vue de face de la r\u00e9ception \u00e0 Nava Scuba Diving\" role=\"img\" ><\/div>\n\t\t\t\t\t\t\t\t\t\t\t\t\t\t<\/div>\n\t\t\t\t\t\t\t<div class=\"e-gallery-item elementor-gallery-item elementor-animated-content\">\n\t\t\t\t\t<div class=\"e-gallery-image elementor-gallery-item__image\" data-thumbnail=\"https:\/\/www.navascuba.com\/wp-content\/uploads\/2024\/11\/aboutus-nv-dc3-300x200.webp\" data-width=\"300\" data-height=\"200\" aria-label=\"Le salon du centre de plong\u00e9e Nava Scuba Diving \u00e0 c\u00f4t\u00e9 de la plage\" role=\"img\" ><\/div>\n\t\t\t\t\t\t\t\t\t\t\t\t\t\t<\/div>\n\t\t\t\t\t\t\t<div class=\"e-gallery-item elementor-gallery-item elementor-animated-content\">\n\t\t\t\t\t<div class=\"e-gallery-image elementor-gallery-item__image\" data-thumbnail=\"https:\/\/www.navascuba.com\/wp-content\/uploads\/2024\/11\/aboutus-nv-dc4-300x200.webp\" data-width=\"300\" data-height=\"200\" aria-label=\"Si\u00e8ges pour la salle de classe de Nava Scuba Diving\" role=\"img\" ><\/div>\n\t\t\t\t\t\t\t\t\t\t\t\t\t\t<\/div>\n\t\t\t\t\t\t\t<div class=\"e-gallery-item elementor-gallery-item elementor-animated-content\">\n\t\t\t\t\t<div class=\"e-gallery-image elementor-gallery-item__image\" data-thumbnail=\"https:\/\/www.navascuba.com\/wp-content\/uploads\/2024\/11\/aboutus-nv-dc5-300x300.webp\" data-width=\"300\" data-height=\"300\" aria-label=\"Nava Scuba Diving vu de l&#039;ext\u00e9rieur\" role=\"img\" ><\/div>\n\t\t\t\t\t\t\t\t\t\t\t\t\t\t<\/div>\n\t\t\t\t\t<\/div>\n\t\t\t\t\t<\/div>\n\t\t\t\t\t<\/div>\n\t\t\t\t<\/div>\n\t\t\t\t<\/div>","protected":false},"excerpt":{"rendered":"<p>Notre objectif, en tant que centre de plong\u00e9e PADI 5 \u00e9toiles, est de faire d\u00e9couvrir le monde sous-marin \u00e0 tous les passionn\u00e9s de l'oc\u00e9an. Nous sommes ouverts aux d\u00e9butants et accueillons tous les professionnels<\/p>","protected":false},"author":2,"featured_media":2935,"parent":278,"menu_order":1,"comment_status":"closed","ping_status":"closed","template":"","meta":{"footnotes":""},"class_list":["post-1537","page","type-page","status-publish","has-post-thumbnail","hentry"],"_links":{"self":[{"href":"https:\/\/www.navascuba.com\/fr\/wp-json\/wp\/v2\/pages\/1537","targetHints":{"allow":["GET"]}}],"collection":[{"href":"https:\/\/www.navascuba.com\/fr\/wp-json\/wp\/v2\/pages"}],"about":[{"href":"https:\/\/www.navascuba.com\/fr\/wp-json\/wp\/v2\/types\/page"}],"author":[{"embeddable":true,"href":"https:\/\/www.navascuba.com\/fr\/wp-json\/wp\/v2\/users\/2"}],"replies":[{"embeddable":true,"href":"https:\/\/www.navascuba.com\/fr\/wp-json\/wp\/v2\/comments?post=1537"}],"version-history":[{"count":0,"href":"https:\/\/www.navascuba.com\/fr\/wp-json\/wp\/v2\/pages\/1537\/revisions"}],"up":[{"embeddable":true,"href":"https:\/\/www.navascuba.com\/fr\/wp-json\/wp\/v2\/pages\/278"}],"wp:featuredmedia":[{"embeddable":true,"href":"https:\/\/www.navascuba.com\/fr\/wp-json\/wp\/v2\/media\/2935"}],"wp:attachment":[{"href":"https:\/\/www.navascuba.com\/fr\/wp-json\/wp\/v2\/media?parent=1537"}],"curies":[{"name":"wp","href":"https:\/\/api.w.org\/{rel}","templated":true}]}}