{"id":432,"date":"2023-04-22T07:06:31","date_gmt":"2023-04-22T07:06:31","guid":{"rendered":"https:\/\/navascuba.com\/?post_type=product&#038;p=432"},"modified":"2026-01-20T12:15:05","modified_gmt":"2026-01-20T05:15:05","slug":"padi-divemaster","status":"publish","type":"product","link":"https:\/\/www.navascuba.com\/de\/cont-ed\/padi-divemaster\/","title":{"rendered":"PADI Divemaster Praktikum - werde noch heute ein Tauchprofi"},"content":{"rendered":"<div data-elementor-type=\"product-post\" data-elementor-id=\"432\" class=\"elementor elementor-432\" data-elementor-post-type=\"product\">\n\t\t\t\t<div class=\"elementor-element elementor-element-1ee3ec6 e-flex e-con-boxed e-con e-parent\" data-id=\"1ee3ec6\" data-element_type=\"container\" data-e-type=\"container\">\n\t\t\t\t\t<div class=\"e-con-inner\">\n\t\t\t\t<div class=\"elementor-element elementor-element-48e713e0 elementor-widget elementor-widget-text-editor\" data-id=\"48e713e0\" data-element_type=\"widget\" data-e-type=\"widget\" data-widget_type=\"text-editor.default\">\n\t\t\t\t\t\t\t\t\t<div><b>Dein Kurs:<\/b> PADI Divemaster-Praktikum<\/div>\n<div><b>Tauchg\u00e4nge:<\/b>\u00a040 &#8211; 100<\/div>\n<div><b>Dauer:<\/b> 45 - 90 Tage<\/div>\n<div><b>Standort:<\/b> Koh Tao, Thailand<\/div>\n<div><b>Max. Tiefe:<\/b> 30 Meter<\/div>\n<div><b>Mindestalter:<\/b> 12 Jahre alt<\/div>\n<div><b>Vorkenntnisse:<\/b> Rettungstaucherbescheinigung mit einem g\u00fcltigen EFR innerhalb von 24 Monaten<\/div>\n&nbsp;\n<h2>Warum sollten Sie Ihre PADI Divemaster Lizenz machen?<\/h2>\nEmbark on an exciting new adventure and turn your passion for diving into a rewarding career with the PADI Divemaster course. As the first step into professional-level scuba diving, the Divemaster internship equips you with the skills, knowledge, and confidence to supervise and assist with dive activities, lead certified divers, and serve as an essential guide to those exploring the underwater world.\n\nUnder the guidance of our experienced PADI instructor, you&#8217;ll develop your diving expertise and leadership abilities through a combination of theory, practical exercises, and hands-on experience. With a focus on dive planning, risk management, and problem-solving, the PADI Divemaster course prepares you to become a respected leader and role model within the diving community.\n\nPADI Divemaster course is your gateway to a fulfilling career in the scuba diving industry, providing you with the professional-level skills and knowledge needed to excel as a dive leader and mentor. By undertaking this comprehensive and rewarding program, you&#8217;ll not only enhance your own diving experience but also have a lasting impact on the lives of countless divers as you share your passion for the underwater world.\n<h2>Was ist in unserem Praktikum enthalten?<\/h2>\n<ul>\n \t<li>PADI Certified Instructor und Lernmaterialien (mehrere Sprachen)<\/li>\n \t<li>PADI Divemaster Zertifizierung (e-card)<\/li>\n \t<li>1st time PADI Renewal Fee<\/li>\n \t<li><b>Top-Ausr\u00fcstung<\/b>: Komplette, hochwertige Tauchausr\u00fcstung f\u00fcr dein gesamtes Erlebnis<\/li>\n \t<li><b>Maximale Sicherheit<\/b>: Eine umfassende Tauchversicherung ist f\u00fcr dich bereits inklusive<\/li>\n<\/ul>\n<h2>Unser Praktikumsplan<\/h2>\n<div>\n<div><strong>Vor Ihrem 40. Tauchgang<\/strong><\/div>\n<ul>\n \t<li>Sammeltauchg\u00e4nge und folgt der Fun-Tauchgruppe<\/li>\n \t<li>Starten Sie Ihre Online-Theorie mit unserem PADI e-learning<\/li>\n<\/ul>\n<\/div>\n<div>\n<div><strong>Nach Ihrem 40. Tauchgang<\/strong><\/div>\n<div>\n<ul>\n \t<li>Starten Sie Ihre Divemaster-F\u00e4higkeiten + Szenario<\/li>\n \t<li>Assistenz bei verschiedenen Tauchkursen, z.B. Open Water, Advanced etc.<\/li>\n \t<li>Absolvieren Sie Ihre Theorie- und Divemaster-Pr\u00fcfung Teil 1 und 2<\/li>\n<\/ul>\n<\/div>\n<\/div>\n<em>Gut zu wissen: Dieser Zeitplan gibt dir eine tolle Orientierung, kann sich aber je nach Wetter, Wellen und Laune der Natur leicht anpassen.<\/em>\n<h2>Voraussetzungen f\u00fcr das PADI Divemaster-Praktikum<\/h2>\n<ul>\n \t<li>Du bist zum Zeitpunkt des Erlebnisses mindestens 12 Jahre alt und verf\u00fcgst \u00fcber ein PADI Rescue Diver Brevet und einen g\u00fcltigen Emergency First Response innerhalb von 24 Monaten.<\/li>\n \t<li>Der Teilnehmer ist k\u00f6rperlich und geistig gesund. Zum besseren Verst\u00e4ndnis sollte er\/sie sich zuerst das PADI Medical Form ansehen.<\/li>\n<\/ul>\n<em>*Hast du noch Fragen zu den Voraussetzungen oder dem Ablauf? Z\u00f6gere nicht und <a href=\"https:\/\/www.navascuba.com\/de\/contact-us\/\" target=\"_blank\" rel=\"noopener\">schreib unseren Tauchprofis ganz entspannt per WhatsApp!<\/a> f\u00fcr weitere Einzelheiten.<\/em>\n<h2>Bedingungen und Konditionen<\/h2>\n<ul>\n \t<li>Unser Kurs kann jeden Tag stattfinden. Bitte geben Sie uns 24 Stunden Zeit, Sie zu kontaktieren, um das von Ihnen gew\u00fcnschte Tauchdatum zu best\u00e4tigen.<\/li>\n \t<li>Unsere Online-Buchung ist nicht erstattungsf\u00e4hig, au\u00dfer aus medizinischen Gr\u00fcnden und unter dem Umstand, dass es uns nicht gelingt, einen Termin f\u00fcr Sie aus der Online-Buchung zu buchen.<\/li>\n<\/ul>\n<em>*Bitte lesen Sie unsere vollst\u00e4ndigen Bedingungen und Konditionen <a href=\"https:\/\/www.navascuba.com\/de\/terms-conditions\/\" target=\"_blank\" rel=\"noopener\">vollst\u00e4ndigen Allgemeinen Gesch\u00e4ftsbedingungen durch<\/a>.<\/em>\t\t\t\t\t\t\t\t<\/div>\n\t\t\t\t\t<\/div>\n\t\t\t\t<\/div>\n\t\t\t\t<\/div>","protected":false},"excerpt":{"rendered":"<p>Das PADI Divemaster-Praktikum ist Dein erster Schritt, ein Tauchprofi zu werden. Koh Tao kann dein Zuhause sein. Der Ozean kann dein B\u00fcro sein!<\/p>","protected":false},"featured_media":2683,"template":"","meta":[],"product_brand":[],"product_cat":[24],"product_tag":[],"class_list":{"0":"post-432","1":"product","2":"type-product","3":"status-publish","4":"has-post-thumbnail","6":"product_cat-cont-ed","8":"first","9":"instock","10":"taxable","11":"shipping-taxable","12":"purchasable","13":"product-type-variable"},"_links":{"self":[{"href":"https:\/\/www.navascuba.com\/de\/wp-json\/wp\/v2\/product\/432","targetHints":{"allow":["GET"]}}],"collection":[{"href":"https:\/\/www.navascuba.com\/de\/wp-json\/wp\/v2\/product"}],"about":[{"href":"https:\/\/www.navascuba.com\/de\/wp-json\/wp\/v2\/types\/product"}],"version-history":[{"count":0,"href":"https:\/\/www.navascuba.com\/de\/wp-json\/wp\/v2\/product\/432\/revisions"}],"wp:featuredmedia":[{"embeddable":true,"href":"https:\/\/www.navascuba.com\/de\/wp-json\/wp\/v2\/media\/2683"}],"wp:attachment":[{"href":"https:\/\/www.navascuba.com\/de\/wp-json\/wp\/v2\/media?parent=432"}],"wp:term":[{"taxonomy":"product_brand","embeddable":true,"href":"https:\/\/www.navascuba.com\/de\/wp-json\/wp\/v2\/product_brand?post=432"},{"taxonomy":"product_cat","embeddable":true,"href":"https:\/\/www.navascuba.com\/de\/wp-json\/wp\/v2\/product_cat?post=432"},{"taxonomy":"product_tag","embeddable":true,"href":"https:\/\/www.navascuba.com\/de\/wp-json\/wp\/v2\/product_tag?post=432"}],"curies":[{"name":"wp","href":"https:\/\/api.w.org\/{rel}","templated":true}]}}