{"id":431,"date":"2023-04-21T11:47:12","date_gmt":"2023-04-21T04:47:12","guid":{"rendered":"https:\/\/navascuba.com\/?post_type=product&#038;p=431"},"modified":"2025-12-26T12:27:16","modified_gmt":"2025-12-26T05:27:16","slug":"padi-rescue-diver","status":"publish","type":"product","link":"https:\/\/www.navascuba.com\/de\/cont-ed\/padi-rescue-diver\/","title":{"rendered":"PADI Rescue Diver - fordern Sie sich selbst heraus"},"content":{"rendered":"<div data-elementor-type=\"product-post\" data-elementor-id=\"431\" class=\"elementor elementor-431\" data-elementor-post-type=\"product\">\n\t\t\t\t<div class=\"elementor-element elementor-element-48cc3a54 e-flex e-con-boxed e-con e-parent\" data-id=\"48cc3a54\" data-element_type=\"container\" data-e-type=\"container\">\n\t\t\t\t\t<div class=\"e-con-inner\">\n\t\t\t\t<div class=\"elementor-element elementor-element-7be4fc1c elementor-widget elementor-widget-text-editor\" data-id=\"7be4fc1c\" data-element_type=\"widget\" data-e-type=\"widget\" data-widget_type=\"text-editor.default\">\n\t\t\t\t\t\t\t\t\t<div><b>Dein Kurs:<\/b> PADI Rettungstaucher<\/div><div><b>Tauchg\u00e4nge:\u00a0<\/b>4 Tauchg\u00e4nge<\/div><div><b>Dauer:<\/b>\u00a0Nur 2 Tage<\/div><div><b>Standort:<\/b> Koh Tao, Thailand<\/div><div><b>Max. Tiefe:<\/b> -<\/div><div><b>Mindestalter:<\/b> 12 Jahre alt<\/div><div><b>Vorkenntnisse:<\/b> PADI (Junior) Adventure-Zertifizierung mit g\u00fcltigem EFR-Zertifikat<\/div><h2>\u00dcber sich selbst hinauswachsen mit PADI Rescue Diver<\/h2><p>Bis zu diesem Punkt hat sich deine Tauchausbildung zu Recht auf dich konzentriert: deine Tarierung, dein Gasverbrauch und deine Freude an der Unterwasserwelt. Der PADI Rescue Diver Kurs f\u00fchrt eine Verschiebung ein, um deinen Fokus von deinem eigenen Tauchprofil zu heben und ihn zu erweitern, um deine gesamte Umgebung und das Wohlbefinden jedes Tauchers in deinem Team einzubeziehen.<\/p><p>Dieser Kurs verfeinert deine Beobachtungsgabe und lehrt dich, die subtilen, oft \u00fcbersehenen Anzeichen von Stress oder Unbehagen bei anderen Tauchern zu erkennen. Du wirst lernen, ein kleines Ausr\u00fcstungsproblem oder einen Moment der Unruhe zu erkennen und eine einfache, beruhigende L\u00f6sung anzubieten, bevor es zu einem ernsthaften Problem eskalieren kann.<\/p><p>Der Grund, warum ein zertifizierter Rescue Diver ruhig bleiben kann, liegt darin, dass er ein mentales Werkzeugset mit L\u00f6sungen f\u00fcr fast jede Situation hat. Du wirst lernen, wie ein Retter zu denken, was dich wirklich zu dem Taucher macht, dem jeder folgen m\u00f6chte und dem jeder Tauchpartner bedingungslos vertraut.<\/p><h2>Bereite dich auf deinen n\u00e4chsten Meilenstein als PADI Divemaster vor<\/h2><p>Mit einem PADI Rescue Diver Brevet in Koh Tao hast Du die h\u00f6chste und angesehenste Zertifizierung im Sporttauchen erreicht. Du stehst jetzt an einem aufregenden Scheideweg, an dem du dich als PADI Professional zu etwas mehr entwickeln kannst.<\/p><p>Der n\u00e4chste Meilenstein auf dieser Reise ist der PADI Divemaster-Kurs. Dies ist die erste professionelle Stufe im PADI-System. Als Divemaster lernst du, zertifizierte Taucher zu f\u00fchren, Tauchlehrern bei Kursen zu assistieren und deine Liebe zur Unterwasserwelt mit Menschen aus der ganzen Welt zu teilen.<\/p><p>Die F\u00e4higkeiten und die Denkweise, die du im Rescue Diver Kurs erworben hast, sind die absolute Grundlage f\u00fcr diesen n\u00e4chsten Schritt. Wenn du bereit bist, deine Reise auf das ultimative Level zu bringen, laden wir dich ein, zu erkunden, was dich in unserem <a href=\"https:\/\/www.navascuba.com\/de\/cont-ed\/padi-divemaster\/\">PADI Divemaster Programm<\/a> hier auf Koh Tao.<\/p><h2>Was ist in unserem PADI Rescue Diver Kurs enthalten?<\/h2><ul><li>PADI zertifizierter Tauchlehrer und E-Learning Materialien<\/li><li>PADI Rescue Diver Zertifizierung (e-card)<\/li><li><b>Top-Ausr\u00fcstung<\/b>: Komplette, hochwertige Tauchausr\u00fcstung f\u00fcr dein gesamtes Erlebnis<\/li><li><b>Maximale Sicherheit<\/b>: Eine umfassende Tauchversicherung ist f\u00fcr dich bereits inklusive<\/li><li>Mittagessen<\/li><li>Abholservice von der Hauptstra\u00dfe (nur auf Koh Tao)<\/li><\/ul><h2>Unser Zeitplan<\/h2><div><div><strong>Tag 1 Neue Skills &amp; deine ersten Abenteuer<\/strong><\/div><div><strong>09.30<\/strong> Entspannte Theorie-Wiederholung mit deinem Tauchlehrer<\/div><div><strong>11.30<\/strong> Mittagspause mit fantastischem Meerblick in unserer Basis<\/div><div><strong>12.30<\/strong> Ihr 1. und 2. Tauchgang<\/div><div><strong>16.30<\/strong> R\u00fcckkehr zur Tauchbasis &amp; gem\u00fctlicher Ausklang<\/div><\/div><div><div><strong>Tag 2<\/strong><\/div><div><strong>09.30<\/strong> Entspannte Theorie-Wiederholung mit deinem Tauchlehrer<\/div><div><strong>11.30<\/strong> Mittagspause mit fantastischem Meerblick in unserer Basis<\/div><div><strong>12.30 <\/strong>Ihr 3. und 4. Tauchgang<\/div><div><strong>16.30<\/strong> R\u00fcckkehr zur Tauchbasis &amp; gem\u00fctlicher Ausklang<\/div><\/div><p><em>Gut zu wissen: Dieser Zeitplan gibt dir eine tolle Orientierung, kann sich aber je nach Wetter, Wellen und Laune der Natur leicht anpassen.<\/em><\/p><h2>PADI Rescue Diver Kurs Informationen<\/h2><p>Der PADI Rescue Diver Kurs ist ein intensives, praxisorientiertes Programm, das darauf abzielt, echte Kompetenz aufzubauen. Durch eine Reihe von \u00dcbungen im begrenzten Wasser und im Freiwasser werden Sie die F\u00e4higkeiten erlernen, die Sie ben\u00f6tigen, um Notf\u00e4lle beim Tauchen zu vermeiden und zu bew\u00e4ltigen, einschlie\u00dflich:<\/p><ul><li><strong>Selbstrettung und Stressmanagement f\u00fcr Taucher:<\/strong> Du lernst, mit h\u00e4ufigen Ausr\u00fcstungsfehlern umzugehen, k\u00f6rperliche Herausforderungen zu meistern und, was am wichtigsten ist, Stress bei dir und anderen Tauchern zu erkennen und zu bew\u00e4ltigen, bevor er eskaliert.<\/li><li><strong>Notfallmanagement und Ausr\u00fcstung:<\/strong> Sie lernen, einen Notfallplan f\u00fcr jeden Tauchplatz zu erstellen, wissen, wie man Notfallausr\u00fcstungen wie Erste-Hilfe- und Sauerstoffsets benutzt, und k\u00f6nnen andere Taucher effektiv einweisen und Aufgaben an sie delegieren.<\/li><li><strong>Reagieren auf einen in Panik geratenen Taucher:<\/strong> Ein in Panik geratener Taucher stellt eine der gr\u00f6\u00dften Gefahren dar. Sie werden spezielle Techniken beherrschen, um einem in Panik geratenen Taucher sowohl an der Oberfl\u00e4che als auch unter Wasser zu helfen.<\/li><li><strong>Auffinden und Auftauchen eines nicht ansprechbaren Tauchers:<\/strong> In einem Worst-Case-Szenario z\u00e4hlt jede Sekunde. Sie lernen effiziente Unterwasser-Suchmuster zum Auffinden eines vermissten Tauchers und \u00fcben die richtigen, kontrollierten Techniken, um einen nicht ansprechbaren, nicht atmenden Taucher an die Oberfl\u00e4che zu bringen.<\/li><li><strong>Rettungsatmung im Wasser:<\/strong> Sie \u00fcben die schwierige, aber lebensrettende F\u00e4higkeit, Rettungsatemz\u00fcge im Wasser zu verabreichen, w\u00e4hrend Sie den Taucher in Sicherheit bringen und seine Ausr\u00fcstung entfernen.<\/li><li><strong>Verlassen eines nicht ansprechbaren Tauchers:<\/strong> Sie lernen mehrere Methoden kennen, um einen nicht ansprechbaren Taucher sicher aus dem Wasser auf ein Boot oder ans Ufer zu bringen, was oft einer der k\u00f6rperlich anstrengendsten Teile einer Rettungsaktion ist.<\/li><li><strong>Integrierte Unfallszenarien:<\/strong> Schlie\u00dflich werden Sie alles zusammenf\u00fcgen. Der Kurs gipfelt in realistischen, umfassenden Szenarien, in denen Sie einen simulierten Tauchunfall bew\u00e4ltigen werden.<\/li><\/ul><p>Die Beherrschung dieser Kompetenzen ist es, was dich als Taucher grundlegend ver\u00e4ndert. Du wirst diesen Kurs mit einem neuen Ma\u00df an Selbstvertrauen verlassen, um bei jedem Tauchgang, \u00fcberall auf der Welt, ein echter Gewinn zu sein.<\/p><h2>Voraussetzungen f\u00fcr den PADI Rescue Diver Kurs<\/h2><ul><li>Der Teilnehmer ist zum Zeitpunkt des Erlebnisses mindestens 12 Jahre alt.<\/li><li>Sie haben bereits mindestens das PADI Adventure Diver Brevet oder ein gleichwertiges Brevet und Ihr letzter Tauchgang liegt nicht l\u00e4nger als 6 Monate zur\u00fcck.<\/li><li>Sie haben innerhalb der letzten 24 Monate eine EFR-Fortbildung f\u00fcr die Prim\u00e4r- und Sekund\u00e4rversorgung absolviert.<\/li><li>Der Teilnehmer ist k\u00f6rperlich und geistig gesund. Zum besseren Verst\u00e4ndnis sollte er\/sie sich zuerst das PADI Medical Form ansehen.<\/li><\/ul><p><em>*Hast du noch Fragen zu den Voraussetzungen oder dem Ablauf? Z\u00f6gere nicht und <a href=\"https:\/\/www.navascuba.com\/de\/contact-us\/\" target=\"_blank\" rel=\"noopener\">schreib unseren Tauchprofis ganz entspannt per WhatsApp!<\/a> f\u00fcr weitere Einzelheiten.<\/em><\/p><h2>Bedingungen und Konditionen<\/h2><p>Regul\u00e4re Buchungen sind nicht erstattungsf\u00e4hig und die volle Zahlung verf\u00e4llt bei einer Stornierung. Ausnahmen gelten nur bei nachgewiesenen medizinischen Notf\u00e4llen oder wenn du eine Buchungsoption mit kostenloser Stornierung (Flex-Tarif) gew\u00e4hlt hast. F\u00fcr alle weiteren Informationen lies dir bitte unsere <a href=\"https:\/\/www.navascuba.com\/de\/terms-conditions\/\" target=\"_blank\" rel=\"noopener\">vollst\u00e4ndigen Allgemeinen Gesch\u00e4ftsbedingungen durch<\/a>.<\/p>\t\t\t\t\t\t\t\t<\/div>\n\t\t\t\t\t<\/div>\n\t\t\t\t<\/div>\n\t\t\t\t<\/div>","protected":false},"excerpt":{"rendered":"<p>Der PADI Rescue Diver Kurs wurde entwickelt, um dich mit dem richtigen Wissen auszustatten, um anderen in Notlagen zu helfen, wobei deine Sicherheit an erster Stelle steht.<\/p>","protected":false},"featured_media":2682,"template":"","meta":[],"product_brand":[],"product_cat":[24],"product_tag":[],"class_list":{"0":"post-431","1":"product","2":"type-product","3":"status-publish","4":"has-post-thumbnail","6":"product_cat-cont-ed","8":"first","9":"instock","10":"taxable","11":"shipping-taxable","12":"purchasable","13":"product-type-variable"},"_links":{"self":[{"href":"https:\/\/www.navascuba.com\/de\/wp-json\/wp\/v2\/product\/431","targetHints":{"allow":["GET"]}}],"collection":[{"href":"https:\/\/www.navascuba.com\/de\/wp-json\/wp\/v2\/product"}],"about":[{"href":"https:\/\/www.navascuba.com\/de\/wp-json\/wp\/v2\/types\/product"}],"version-history":[{"count":0,"href":"https:\/\/www.navascuba.com\/de\/wp-json\/wp\/v2\/product\/431\/revisions"}],"wp:featuredmedia":[{"embeddable":true,"href":"https:\/\/www.navascuba.com\/de\/wp-json\/wp\/v2\/media\/2682"}],"wp:attachment":[{"href":"https:\/\/www.navascuba.com\/de\/wp-json\/wp\/v2\/media?parent=431"}],"wp:term":[{"taxonomy":"product_brand","embeddable":true,"href":"https:\/\/www.navascuba.com\/de\/wp-json\/wp\/v2\/product_brand?post=431"},{"taxonomy":"product_cat","embeddable":true,"href":"https:\/\/www.navascuba.com\/de\/wp-json\/wp\/v2\/product_cat?post=431"},{"taxonomy":"product_tag","embeddable":true,"href":"https:\/\/www.navascuba.com\/de\/wp-json\/wp\/v2\/product_tag?post=431"}],"curies":[{"name":"wp","href":"https:\/\/api.w.org\/{rel}","templated":true}]}}