{"id":379,"date":"2023-04-20T13:20:36","date_gmt":"2023-04-20T06:20:36","guid":{"rendered":"https:\/\/navascuba.com\/?post_type=product&#038;p=379"},"modified":"2026-04-03T16:39:27","modified_gmt":"2026-04-03T09:39:27","slug":"fun-diving-trip","status":"publish","type":"product","link":"https:\/\/www.navascuba.com\/de\/certified-diver\/fun-diving-trip\/","title":{"rendered":"Fun Diving Trip - erkunde die Tauchpl\u00e4tze von Koh Tao"},"content":{"rendered":"<div data-elementor-type=\"product-post\" data-elementor-id=\"379\" class=\"elementor elementor-379\" data-elementor-post-type=\"product\">\n\t\t\t\t<div class=\"elementor-element elementor-element-269ddf2e e-flex e-con-boxed e-con e-parent\" data-id=\"269ddf2e\" data-element_type=\"container\" data-e-type=\"container\">\n\t\t\t\t\t<div class=\"e-con-inner\">\n\t\t\t\t<div class=\"elementor-element elementor-element-3f0f155a elementor-widget elementor-widget-text-editor\" data-id=\"3f0f155a\" data-element_type=\"widget\" data-e-type=\"widget\" data-widget_type=\"text-editor.default\">\n\t\t\t\t\t\t\t\t\t<div><b>Dein Kurs:<\/b> Spa\u00df-Tauchgang<\/div><div><b>Tauchg\u00e4nge:<\/b> 2 Tauchg\u00e4nge pro Reise<\/div><div><b>Dauer:<\/b> Ein halber Tag<\/div><div><b>Standort:<\/b> Koh Tao, Thailand<\/div><div><b>Max. Tiefe:<\/b> H\u00e4ngt von der Zertifizierung ab<\/div><div><b>Mindestalter:<\/b> ab 10 Jahren<\/div><div><b>Vorkenntnisse:<\/b>\u00a0Tauchschein ist erforderlich<\/div><p>\u00a0<\/p><h2>Kann ich an der Tauchtour in Koh Tao teilnehmen?<\/h2><p>Ein Tauchausflug ist die perfekte M\u00f6glichkeit, die atemberaubende Unterwasserwelt der Insel zu erkunden und den Nervenkitzel des Tauchsports zu erleben. Mit Nava Scuba Diving haben Sie die M\u00f6glichkeit, die sch\u00f6nsten Tauchpl\u00e4tze der Insel zu erkunden, umgeben von farbenfrohen Meeresbewohnern und lebendigen Korallenriffen.<\/p><p>Sie m\u00fcssen ein Tauchzertifikat mitbringen, entweder eine physische oder eine elektronische Version. <strong>Die Mindestanforderung f\u00fcr Koh Tao ist eine Open Water Zertifizierung<\/strong>. Sie d\u00fcrfen bis zu Ihrer m\u00f6glichen Tauchtiefe tauchen, begleitet von unserem erfahrenen Tauchguide, der Sie herumf\u00fchrt und auf Ihre Sicherheit achtet.<\/p><p>Wenn Sie gerne tauchen m\u00f6chten, aber noch keinen Tauchschein besitzen, k\u00f6nnen Sie den Ort jederzeit erkunden, indem Sie einen <strong><a href=\"https:\/\/www.navascuba.com\/de\/diving-courses\/beginner\/discover-scuba-diving\/\" target=\"_blank\" rel=\"noopener\">Schnuppertauchen (Discover Scuba Diving)<\/a><\/strong>. Unser sehr erfahrener Tauchlehrer wird Sie jederzeit unter Wasser begleiten. Sie k\u00f6nnen auch im Schwimmbad \u00fcben, um zun\u00e4chst Vertrauen zu gewinnen.<\/p><p>Wenn Sie Lust auf eine Herausforderung haben, sollten Sie sich auch unsere <a href=\"https:\/\/www.navascuba.com\/de\/diving-courses\/cont-ed\/padi-advanced-open-water\/\" target=\"_blank\" rel=\"noopener\"><strong>PADI Advanced Open Water<\/strong><\/a> Kurs. Dies ist der n\u00e4chste Schritt f\u00fcr die meisten Taucher. Er erm\u00f6glicht es Ihnen, Ihre Tiefengrenze auf 30 Meter zu erh\u00f6hen. Der Kurs beinhaltet auch andere Abenteuer wie Nacht-, Wrack-, Navigations- und Rettungstauchen und vieles mehr, um Ihre Tauchf\u00e4higkeiten zu verbessern.<\/p><h2>Was ist in unserem Tauchausflug enthalten?<\/h2><ul><li>PADI-zertifizierter Guide<\/li><li><b>Top-Ausr\u00fcstung<\/b>: Komplette, hochwertige Tauchausr\u00fcstung f\u00fcr dein gesamtes Erlebnis<\/li><li><b>Maximale Sicherheit<\/b>: Eine umfassende Tauchversicherung ist f\u00fcr dich bereits inklusive<\/li><li>Mittagessen<\/li><li>Abholservice von der Hauptstra\u00dfe (nur auf Koh Tao)<\/li><\/ul><h2>Unser Reiseplan<\/h2><p><img decoding=\"async\" class=\"aligncenter size-large wp-image-2007\" src=\"https:\/\/navascuba.com\/wp-content\/uploads\/2025\/02\/Nava-Divesite-Schedule.webp\" alt=\"Nava Scuba Diving 2025 Tauchplatz Zeitplan\" width=\"800\" height=\"800\" \/><\/p><p>Wir haben t\u00e4glich zwei Boote: Morgens und nachmittags.<\/p><div><strong>Morgen-Boot (07.00 - 11.00 Uhr)<\/strong><\/div><div><strong>06.45<\/strong>\u00a0Alle Taucher checken bei unserem Tauchboot am Pier ein<\/div><div><strong>07.00\u00a0<\/strong>Das Boot verl\u00e4sst die Anlegestelle zu 2 verschiedenen Tauchpl\u00e4tzen<\/div><div><strong>11.15 <\/strong>Das Boot kommt zur\u00fcck an den Steg<\/div><div><strong>11.30<\/strong> Mittagessen mit Aussicht in unserer Tauchbasis<\/div><div>\u00a0<\/div><div><strong>Boot am Nachmittag (12.30 - 16.30 Uhr)<\/strong><\/div><div><strong>11.00<\/strong> Mittagessen mit Aussicht in unserer Tauchbasis<\/div><div><strong>12.15<\/strong>\u00a0Alle Taucher checken bei unserem Tauchboot am Pier ein<\/div><div><strong>12.30<\/strong> Das Boot verl\u00e4sst die Anlegestelle zu 2 verschiedenen Tauchpl\u00e4tzen<\/div><div><strong>04.30<\/strong>\u00a0Das Boot kommt zur\u00fcck an den Steg<\/div><p><em>Gut zu wissen: Dieser Zeitplan gibt dir eine tolle Orientierung, kann sich aber je nach Wetter, Wellen und Laune der Natur leicht anpassen.<\/em><\/p><h2>Anforderungen an die Reise<\/h2><ul><li><b>Mindestalter:<\/b> Du (oder dein Kind) bist am ersten Tag des Kurses mindestens 10 Jahre alt.<\/li><li>Der Teilnehmer ist k\u00f6rperlich und geistig gesund. Zum besseren Verst\u00e4ndnis sollte er\/sie sich zuerst das PADI Medical Form ansehen.<\/li><li>Der Teilnehmer verf\u00fcgt \u00fcber einen Tauchschein, der mindestens einem PADI Open Water Diver entspricht.<\/li><li>Ihr letzter Tauchgang ist nicht l\u00e4nger als 6 Monate her. (Oder Sie haben mehr als 40 Tauchg\u00e4nge und besitzen mindestens ein PADI Advanced Brevet oder eine gleichwertige Zertifizierung)<\/li><\/ul><p><em>*Hast du noch Fragen zu den Voraussetzungen oder dem Ablauf? Z\u00f6gere nicht und <a href=\"https:\/\/www.navascuba.com\/de\/contact-us\/\" target=\"_blank\" rel=\"noopener\">schreib unseren Tauchprofis ganz entspannt per WhatsApp!<\/a> f\u00fcr weitere Einzelheiten.<\/em><\/p><h2>Bedingungen und Konditionen<\/h2><p>Regul\u00e4re Buchungen sind nicht erstattungsf\u00e4hig und die volle Zahlung verf\u00e4llt bei einer Stornierung. Ausnahmen gelten nur bei nachgewiesenen medizinischen Notf\u00e4llen oder wenn du eine Buchungsoption mit kostenloser Stornierung (Flex-Tarif) gew\u00e4hlt hast. F\u00fcr alle weiteren Informationen lies dir bitte unsere <a href=\"https:\/\/www.navascuba.com\/de\/terms-conditions\/\" target=\"_blank\" rel=\"noopener\">vollst\u00e4ndigen Allgemeinen Gesch\u00e4ftsbedingungen durch<\/a>.<\/p>\t\t\t\t\t\t\t\t<\/div>\n\t\t\t\t\t<\/div>\n\t\t\t\t<\/div>\n\t\t\t\t<\/div>","protected":false},"excerpt":{"rendered":"<p>Bei Nava Scuba Diving bieten wir t\u00e4glich zwei Tauchausfl\u00fcge f\u00fcr zertifizierte Taucher an, die die Tauchpl\u00e4tze in Koh Tao erkunden m\u00f6chten.<\/p>","protected":false},"featured_media":2952,"template":"","meta":[],"product_brand":[],"product_cat":[25],"product_tag":[],"class_list":{"0":"post-379","1":"product","2":"type-product","3":"status-publish","4":"has-post-thumbnail","6":"product_cat-certified-diver","8":"first","9":"instock","10":"sale","11":"taxable","12":"shipping-taxable","13":"purchasable","14":"product-type-variable"},"_links":{"self":[{"href":"https:\/\/www.navascuba.com\/de\/wp-json\/wp\/v2\/product\/379","targetHints":{"allow":["GET"]}}],"collection":[{"href":"https:\/\/www.navascuba.com\/de\/wp-json\/wp\/v2\/product"}],"about":[{"href":"https:\/\/www.navascuba.com\/de\/wp-json\/wp\/v2\/types\/product"}],"version-history":[{"count":0,"href":"https:\/\/www.navascuba.com\/de\/wp-json\/wp\/v2\/product\/379\/revisions"}],"wp:featuredmedia":[{"embeddable":true,"href":"https:\/\/www.navascuba.com\/de\/wp-json\/wp\/v2\/media\/2952"}],"wp:attachment":[{"href":"https:\/\/www.navascuba.com\/de\/wp-json\/wp\/v2\/media?parent=379"}],"wp:term":[{"taxonomy":"product_brand","embeddable":true,"href":"https:\/\/www.navascuba.com\/de\/wp-json\/wp\/v2\/product_brand?post=379"},{"taxonomy":"product_cat","embeddable":true,"href":"https:\/\/www.navascuba.com\/de\/wp-json\/wp\/v2\/product_cat?post=379"},{"taxonomy":"product_tag","embeddable":true,"href":"https:\/\/www.navascuba.com\/de\/wp-json\/wp\/v2\/product_tag?post=379"}],"curies":[{"name":"wp","href":"https:\/\/api.w.org\/{rel}","templated":true}]}}