{"id":373,"date":"2023-04-20T13:06:59","date_gmt":"2023-04-20T06:06:59","guid":{"rendered":"https:\/\/navascuba.com\/?post_type=product&#038;p=373"},"modified":"2026-04-06T11:27:51","modified_gmt":"2026-04-06T04:27:51","slug":"padi-advanced-open-water","status":"publish","type":"product","link":"https:\/\/www.navascuba.com\/de\/cont-ed\/padi-advanced-open-water\/","title":{"rendered":"PADI Advanced Open Water Diver \u2013 Verbessere deine Skills und tauche bis auf 30 Meter"},"content":{"rendered":"<div data-elementor-type=\"product-post\" data-elementor-id=\"373\" class=\"elementor elementor-373\" data-elementor-post-type=\"product\">\n\t\t\t\t<div class=\"elementor-element elementor-element-3b091db e-flex e-con-boxed e-con e-parent\" data-id=\"3b091db\" data-element_type=\"container\" data-e-type=\"container\">\n\t\t\t\t\t<div class=\"e-con-inner\">\n\t\t\t\t<div class=\"elementor-element elementor-element-17a9d7d8 elementor-widget elementor-widget-text-editor\" data-id=\"17a9d7d8\" data-element_type=\"widget\" data-e-type=\"widget\" data-widget_type=\"text-editor.default\">\n\t\t\t\t\t\t\t\t\t<div><b>Dein Kurs:<\/b> PADI Advanced Open Water<\/div><div><b>Tauchg\u00e4nge:<\/b> 5 Tauchg\u00e4nge<\/div><div><b>Dauer:<\/b> Nur 2 Tage<\/div><div><b>Standort:<\/b> Koh Tao, Thailand<\/div><div><b>Max. Tiefe:<\/b> 30 Meter (21 Meter f\u00fcr &lt;13 Jahre)<\/div><div><b>Mindestalter:<\/b> ab 10 Jahren<\/div><div><b>Vorkenntnisse:<\/b> (Junior) Open Water Zertifizierung<\/div><h2>Warum sollten Sie die PADI Advanced Open Water Zertifizierung machen?<\/h2><p>Die PADI Advanced Open Water Diver Zertifizierung ist der logische n\u00e4chste Schritt f\u00fcr deine Tauchkarriere. Der Kurs zielt darauf ab, deine Kernkompetenzen zu erweitern und Praxis-Erfahrung zu sammeln. Du absolvierst verschiedene Adventure Dives, die dein Taucherlebnis enorm bereichern. Unser Angebot umfasst unter anderem den Pflicht-Tieftauchgang und die Unterwasser-Navigation, erg\u00e4nzt durch Wahl-Tauchg\u00e4nge wie Wracktauchen, Tarierung in Perfektion, Nachttauchen oder Enriched Air Nitrox.<\/p><p>Der Hauptgrund f\u00fcr das PADI Advanced Upgrade ist die <b>Erweiterung deines maximalen Tiefenlimits auf 30 Meter<\/b>. Dieses neue Limit verschafft dir Zugang zu einer wesentlich gr\u00f6\u00dferen Auswahl an Tauchpl\u00e4tzen auf Koh Tao und weltweit. Du kannst tiefer liegende Schiffswracks sicher betauchen und pelagische Meereslebewesen in Tiefen beobachten, die f\u00fcr Anf\u00e4nger nicht zug\u00e4nglich sind.<\/p><p>Zudem bringt dich dieser Kurs in puncto Sicherheit massiv voran. Du lernst das richtige Management von tiefen Tauchg\u00e4ngen und den sicheren Umgang mit dem Unterwasserkompass. Durch das Meistern dieser neuen Herausforderungen wirst du zu einem eigenst\u00e4ndigen und sicheren Taucher mit exzellentem Urteilsverm\u00f6gen.<\/p><h2>Wann solltest du den PADI Advanced Open Water Kurs Koh Tao machen?<\/h2><p>Der PADI Advanced Open Water Kurs kann gemacht werden, sobald du deinen PADI Open Water Tauchschein gemacht hast. Es gibt keine Mindestanforderungen an die Taucherfahrung, daher ist dieser Kurs ideal f\u00fcr alle Taucher, die ihre F\u00e4higkeiten sofort verbessern wollen oder f\u00fcr diejenigen, die neue Herausforderungen in ihrem Tauchabenteuer annehmen wollen.<\/p><p>Hier sind einige Szenarien, die einen guten Zeitpunkt f\u00fcr die Teilnahme an dem Kurs darstellen k\u00f6nnten:<\/p><ol><li><strong>Direkt im Anschluss an deinen PADI Open Water Kurs:<\/strong>Wenn du dich bei deinem Open Water Kurs unter Wasser schon richtig wohl und sicher gef\u00fchlt hast, macht es absolut Sinn, den Advanced Open Water Kurs direkt dranzuh\u00e4ngen! Der riesige Vorteil f\u00fcr dich: Dein Wissen und deine Tauch-Skills sind noch absolut frisch. Du baust nahtlos auf dem auf, was du gerade erst gelernt hast, und sammelst sofort weiter wertvolle Taucherfahrung, ohne im n\u00e4chsten Urlaub erst wieder m\u00fchsam \"reinkommen\" zu m\u00fcssen.<\/li><li><b>Wenn du tiefer tauchen und die Welt erkunden m\u00f6chtest: <\/b>W\u00e4hrend sich viele Tauchpl\u00e4tze auf Koh Tao ideal f\u00fcr Open Water Diver mit einer maximalen Tauchtiefe von 18 Metern eignen, gelten international oft andere Regeln. F\u00fcr viele der besten Tauchspots weltweit ist die Advanced Open Water Diver Zertifizierung eine zwingende Mindestvoraussetzung. Der Grund daf\u00fcr ist logisch: Die Topografie der Riffe und Wracks variiert global extrem, weshalb Tauchbasen an vielen Destinationen zwingend die Erfahrung und das Tiefenlimit des AOWD-Kurses verlangen.<\/li><li><strong>Um als Anf\u00e4nger gezielt mehr Sicherheit und Routine aufzubauen:<\/strong>F\u00fcr neue und noch unerfahrene Taucher ist der PADI Advanced Open Water Kurs der ideale Weg, um das eigene Selbstvertrauen unter Wasser gezielt zu st\u00e4rken. Durch zus\u00e4tzliche, gef\u00fchrte Tauchg\u00e4nge profitierst du von der direkten Expertise unserer Instructors. In diesem Kurs verfeinerst du essenzielle F\u00e4higkeiten wie die perfekte Tarierung (Buoyancy) und die Unterwasser-Navigation unter st\u00e4ndiger professioneller Aufsicht. Dieses gezielte 1-zu-1-Feedback macht dich nachweislich zu einem sichereren und souver\u00e4neren Sporttaucher.<\/li><li><strong>W\u00e4hrend deines Tauchurlaubs oder Inseltrips:<\/strong>Viele Taucher entscheiden sich ganz bewusst daf\u00fcr, ihren Advanced Open Water Kurs direkt im Urlaub zu machen. Warum? Weil es der absolut beste Weg ist, das Maximum aus den spektakul\u00e4rsten Tauchpl\u00e4tzen herauszuholen! Wenn du ohnehin bei uns auf Koh Tao bist, kannst du im Rahmen des Kurses direkt die faszinierenden tiefen Spots erkunden, am Riff navigieren \u00fcben und sogar das magische Erlebnis eines Nachttauchgangs abhaken. Das Beste daran: Du erlebst die Top-Highlights der Insel in einem entspannten Kurs-Paket, bei dem f\u00fcr dich bereits alles organisiert und inklusive ist.<\/li><\/ol><p>Dieser Kurs ist gezielt darauf ausgelegt, deine praktischen Tauchfertigkeiten zu erweitern und wertvolle Erfahrung zu sammeln. Er bietet dir einen idealen Einblick in beliebte PADI Specialties wie Unterwasser-Navigation, Tarierung in Perfektion, Tieftauchen, Wracktauchen oder Unterwasser-Fotografie und -Videografie. Durch diese Kombination an Abenteuertauchg\u00e4ngen wertest du dein gesamtes Taucherlebnis massiv auf. Mit erfolgreichem Abschluss zertifizierst du dich f\u00fcr eine neue <b>maximale Tauchtiefe von 30 Metern<\/b> \u2013 die perfekte Voraussetzung, um den Gro\u00dfteil der internationalen Top-Tauchpl\u00e4tze sicher betauchen zu k\u00f6nnen.<\/p><h2>Was ist in unserem PADI Advanced Open Water Kurs Koh Tao enthalten?<\/h2><ul><li>PADI Certified Instructor und E-Learning Materialien (mehrere Sprachen)<\/li><li>PADI Zertifizierungen (e-card)<\/li><li>Tauchausr\u00fcstung (einschlie\u00dflich Taschenlampen f\u00fcr Nachttauchg\u00e4nge und einen Tauchcomputer)<\/li><li><b>Maximale Sicherheit<\/b>: Eine umfassende Tauchversicherung ist f\u00fcr dich bereits inklusive<\/li><li>Mittagessen<\/li><li>Abholservice von der Hauptstra\u00dfe (nur auf Koh Tao)<\/li><\/ul><h2>PADI Advanced Open Water Kurs Zeitplan<\/h2><div><strong>Tag 1 Neue Skills &amp; deine ersten Abenteuer<\/strong><\/div><div><strong>10.30<\/strong> Entspannte Theorie-Wiederholung mit deinem Tauchlehrer<\/div><div><strong>11.30<\/strong> Mittagspause mit fantastischem Meerblick in unserer Basis<\/div><div><strong>12.30 <\/strong>Abenteuertauchgang Unterwassernavigation plus ein Wahltauchgang<\/div><div><strong>17.00<\/strong> R\u00fcckkehr zur Tauchbasis &amp; gem\u00fctlicher Ausklang<\/div><div><strong>18.30<\/strong> Nachttauchgang (Optional). Falls du lieber im Hellen bleibst, machst du stattdessen einfach am Nachmittag einen anderen Wahltauchgang deiner Wahl.<\/div><div><strong>Tag 2<\/strong><\/div><div><strong>07.00<\/strong> Deep Adventure Dive (Pflicht-Tieftauchgang auf 30m) plus dein letzter Wahltauchgang<\/div><div><strong>11.00<\/strong> Wohlverdientes Mittagessen, Logbuch schreiben und deine Zertifizierung feiern!<\/div><p><em>Gut zu wissen: Dieser Zeitplan gibt dir eine tolle Orientierung, kann sich aber je nach Wetter, Wellen und Laune der Natur leicht anpassen.<\/em><\/p><h2>Informationen zum PADI Advanced Open Water Kurs<\/h2><p>Der PADI Advanced Open Water Kurs besteht aus zwei Hauptabschnitten: Wissensentwicklung und Abenteuertauchen. Im Gegensatz zum PADI Open Water Kurs ist kein umfangreiches Studium vor der Ankunft erforderlich. Der gr\u00f6\u00dfte Teil des Kurses wird in der Tauchbasis und w\u00e4hrend des Tauchgangs selbst durchgef\u00fchrt.<\/p><h3>Theorie ganz bequem per PADI eLearning<\/h3><p>Die theoretische Ausbildung im PADI Advanced Kurs ist direkt an deine f\u00fcnf ausgew\u00e4hlten Abenteuertauchg\u00e4nge (zwei Pflichttauchg\u00e4nge und drei Wahltauchg\u00e4nge) gekoppelt. Sobald du deinen Kurs online bei uns buchst, erh\u00e4ltst du deinen pers\u00f6nlichen eLearning-Zugang. So kannst du das wichtige erste Kapitel \u201aDenken wie ein Taucher\u2018 bereits im Vorfeld absolvieren. Die spezifische Theorie f\u00fcr deine gew\u00e4hlten Dives bereitest du dann flexibel vor, und wir vertiefen das Wissen in den Briefings und Nachbesprechungen rund um deine Tauchg\u00e4nge auf Koh Tao.<\/p><h3>Ablauf der PADI Adventure Dives auf Koh Tao<\/h3><p>Der PADI Advanced Open Water Diver Kurs setzt sich aus f\u00fcnf Abenteuertauchg\u00e4ngen zusammen. Von PADI zwingend vorgeschrieben sind der <b>Deep Adventure Dive (Tieftauchen)<\/b> und der <b>Underwater Navigation Adventure Dive (Orientierung unter Wasser)<\/b>. Die verbleibenden drei Abenteuertauchg\u00e4nge (Elective Dives) sind frei w\u00e4hlbar und richten sich nach deinen pers\u00f6nlichen Vorlieben. Um das bestm\u00f6gliche Trainingsergebnis zu erzielen, beraten dich unsere zertifizierten Tauchlehrer gerne bei der Auswahl der Spezialgebiete, die deine Tauchfertigkeiten optimal erg\u00e4nzen.<\/p><h4 style=\"padding-left: 40px;\">Abenteuertauchgang Tieftauchen (Deep Adventure Dive)<\/h4><p style=\"padding-left: 40px;\">Dieser Deep Adventure Dive macht dich mit den Ver\u00e4nderungen und Sicherheitsaspekten vertraut, die bei einem Tauchgang auf \u00fcber 18 Meter auf dich zukommen. Unter der direkten Aufsicht eines professionellen PADI-Tauchlehrers wirst du auf eine Tiefe von mehr als 18 Metern, aber maximal 30 Meter abtauchen. Du hast die Gelegenheit, die Ver\u00e4nderungen von Licht und Druck zu erleben und lernst, wie du deine zuk\u00fcnftigen Tieftauchabenteuer richtig planst.<\/p><h4 style=\"padding-left: 40px;\">Abenteuertauchgang Unterwassernavigation (Underwater Navigation Adventure Dive)<\/h4><p style=\"padding-left: 40px;\">Beim Abenteuertauchgang Unterwassernavigation dreht sich alles darum, ein Taucher zu werden, der sich unter Wasser jederzeit selbstbewusst zurechtfindet. Du lernst, pr\u00e4zise mit dem Kompass zu navigieren, Entfernungen anhand deiner Flossenschl\u00e4ge einzusch\u00e4tzen und komplexe Muster wie Quadrate oder Rechtecke zu tauchen.\n\nZus\u00e4tzlich zeigen wir dir, wie du nat\u00fcrliche Orientierungspunkte wie Felsformationen, den Lichteinfall oder die Bodenbeschaffenheit nutzt, um deine Route perfekt zu planen und sicher zum Ausgangspunkt zur\u00fcckzufinden.<\/p><h4 style=\"padding-left: 40px;\">Abenteuertauchgang Tarierung in Perfektion (Peak Performance Buoyancy - PPB)<\/h4><p style=\"padding-left: 40px;\">Im Kurs \u201eTarierung in Perfektion\u201c (PPB) optimierst du deine neutrale Tarierung f\u00fcr ein reibungsloses Unterwassererlebnis. Zu den Kerninhalten geh\u00f6ren die Verbesserung deines Trims, die perfekte Positionierung im Wasser und Techniken zur effizienten Fortbewegung. Ziel ist es, die Umweltbelastung f\u00fcr Korallenriffe zu minimieren und die Tauchzeit durch geringeren Energieaufwand zu verl\u00e4ngern. Lerne, wie du durch Atmung und Ausr\u00fcstung zur perfekten Einheit mit dem Wasser wirst.<\/p><h4 style=\"padding-left: 40px;\">Abenteuertauchgang Nachttauchen<\/h4><p style=\"padding-left: 40px;\">Erlebe die faszinierende Unterwasserwelt nach Sonnenuntergang bei deinem ersten <b>Night Adventure Dive<\/b>. Unter professioneller Anleitung lernst du den sicheren Umgang mit der Tauchlampe und erf\u00e4hrst, wie sich die Orientierung und Kommunikation bei Nacht ver\u00e4ndert. Ein zentraler Bestandteil sind spezielle <b>Handsignale f\u00fcr Nachttauchg\u00e4nge<\/b> und das souver\u00e4ne Bedienen deiner Ausr\u00fcstung bei schlechten Lichtverh\u00e4ltnissen. Vertiefe deine Expertise und entdecke eine v\u00f6llig neue Seite des Ozeans.<\/p><h4 style=\"padding-left: 40px;\">Abenteuertauchgang Wracktauchen<\/h4><p style=\"padding-left: 40px;\">Tauche ab in die Geschichte! Der Wrack-Abenteuertauchgang ist deine Einf\u00fchrung in die Erkundung versunkener Schiffe und Flugzeuge. Koh Tao bietet mit seinen drei bekannten Schiffswracks die perfekte Kulisse f\u00fcr dieses Abenteuer. Du lernst, wie du dich sicher um ein Wrack herum bewegst und dabei stets die Orientierung beh\u00e4ltst. Auch wenn das Hineintauchen in diesem Modul noch nicht Teil des Programms ist, legst du hier den Grundstein f\u00fcr deine Zukunft als Wracktaucher und den <a href=\"https:\/\/www.navascuba.com\/de\/cont-ed\/padi-wreck-diver\/\" target=\"_blank\" rel=\"noopener\">PADI Wreck Specialty Kurs.<\/a> Starte jetzt und erkunde die geheimnisvollen Strukturen unter der Oberfl\u00e4che!<\/p><h4 style=\"padding-left: 40px;\">Abenteuertauchgang Fisch-Identifikation<\/h4><p style=\"padding-left: 40px;\">Hast du dich schon mal gefragt, welcher Fisch gerade an dir vorbeigeschwommen ist? Der <b>Fish Identification Adventure Dive<\/b> macht Schluss mit dem R\u00e4tselraten! Lerne auf spielerische Weise, die verschiedenen Spezies anhand ihrer einzigartigen Formen und Farben zu bestimmen. Wir zeigen dir die coolsten <b>Handsignale<\/b>, damit du deine Entdeckungen sofort mit deinen Tauchbuddys teilen kannst. Diese Fertigkeiten bereichern deine gesamte Tauchkarriere und lassen dich die Unterwelt mit v\u00f6llig neuen Augen sehen \u2013 ein echtes Upgrade f\u00fcr jedes Logbuch!<\/p><p>Es gibt noch viele weitere Tauchabenteuer, aus denen du w\u00e4hlen kannst. Unser Tauchlehrer kann dir auch empfehlen, was f\u00fcr deine F\u00e4higkeiten und Erfahrungen am besten geeignet ist, um dich auf ein anspruchsvolleres Abenteuer in der Zukunft vorzubereiten!<\/p><h2>Voraussetzungen f\u00fcr den PADI Advanced Kurs<\/h2><ul><li><b>Mindestalter:<\/b> Du (oder dein Kind) bist am ersten Tag des Kurses mindestens 10 Jahre alt.<\/li><li>Der Teilnehmer hat bereits vor dem Kurs das PADI (Junior) Open Water Brevet erhalten.<\/li><li>Der letzte Tauchgang des Teilnehmers muss innerhalb eines Jahres nach Beginn des Kurses liegen. Bei l\u00e4ngerer Inaktivit\u00e4t wird ihm\/ihr empfohlen, einen Auffrischungstauchgang zusammen mit dem Kurs f\u00fcr 1.000 THB<\/li><li>Der Teilnehmer ist k\u00f6rperlich und geistig gesund. Zum besseren Verst\u00e4ndnis sollte er\/sie sich zuerst das PADI Medical Form ansehen.<\/li><\/ul><p><em>*Hast du noch Fragen zu den Voraussetzungen oder dem Ablauf? Z\u00f6gere nicht und <a href=\"https:\/\/www.navascuba.com\/de\/contact-us\/\" target=\"_blank\" rel=\"noopener\">schreib unseren Tauchprofis ganz entspannt per WhatsApp!<\/a> f\u00fcr weitere Einzelheiten.<\/em><\/p><h2>Bedingungen und Konditionen<\/h2><p>Regul\u00e4re Buchungen sind nicht erstattungsf\u00e4hig und die volle Zahlung verf\u00e4llt bei einer Stornierung. Ausnahmen gelten nur bei nachgewiesenen medizinischen Notf\u00e4llen oder wenn du eine Buchungsoption mit kostenloser Stornierung (Flex-Tarif) gew\u00e4hlt hast. F\u00fcr alle weiteren Informationen lies dir bitte unsere <a href=\"https:\/\/www.navascuba.com\/de\/terms-conditions\/\" target=\"_blank\" rel=\"noopener\">vollst\u00e4ndigen Allgemeinen Gesch\u00e4ftsbedingungen durch<\/a>.<\/p>\t\t\t\t\t\t\t\t<\/div>\n\t\t\t\t\t<\/div>\n\t\t\t\t<\/div>\n\t\t\t\t<\/div>","protected":false},"excerpt":{"rendered":"<p>Mehr Tiefe, sicherere Skills! Beim <b>PADI Advanced Open Water Kurs<\/b> absolvierst du <b>5 Abenteuertauchg\u00e4nge<\/b>. Tieftauchen und Navigation machen dich zum souver\u00e4nen Taucher \u2013 f\u00fcr die restlichen 3 Tauchg\u00e4nge w\u00e4hlst du dein Wunsch-Abenteuer! Entscheide dich zwischen Wracktauchen, perfekter Tarierung, Nachttauchen, Nitrox und vielem mehr.<\/p>","protected":false},"featured_media":3014,"template":"","meta":[],"product_brand":[],"product_cat":[24],"product_tag":[],"class_list":{"0":"post-373","1":"product","2":"type-product","3":"status-publish","4":"has-post-thumbnail","6":"product_cat-cont-ed","8":"first","9":"instock","10":"featured","11":"taxable","12":"shipping-taxable","13":"purchasable","14":"product-type-variable"},"_links":{"self":[{"href":"https:\/\/www.navascuba.com\/de\/wp-json\/wp\/v2\/product\/373","targetHints":{"allow":["GET"]}}],"collection":[{"href":"https:\/\/www.navascuba.com\/de\/wp-json\/wp\/v2\/product"}],"about":[{"href":"https:\/\/www.navascuba.com\/de\/wp-json\/wp\/v2\/types\/product"}],"version-history":[{"count":1,"href":"https:\/\/www.navascuba.com\/de\/wp-json\/wp\/v2\/product\/373\/revisions"}],"predecessor-version":[{"id":6069,"href":"https:\/\/www.navascuba.com\/de\/wp-json\/wp\/v2\/product\/373\/revisions\/6069"}],"wp:featuredmedia":[{"embeddable":true,"href":"https:\/\/www.navascuba.com\/de\/wp-json\/wp\/v2\/media\/3014"}],"wp:attachment":[{"href":"https:\/\/www.navascuba.com\/de\/wp-json\/wp\/v2\/media?parent=373"}],"wp:term":[{"taxonomy":"product_brand","embeddable":true,"href":"https:\/\/www.navascuba.com\/de\/wp-json\/wp\/v2\/product_brand?post=373"},{"taxonomy":"product_cat","embeddable":true,"href":"https:\/\/www.navascuba.com\/de\/wp-json\/wp\/v2\/product_cat?post=373"},{"taxonomy":"product_tag","embeddable":true,"href":"https:\/\/www.navascuba.com\/de\/wp-json\/wp\/v2\/product_tag?post=373"}],"curies":[{"name":"wp","href":"https:\/\/api.w.org\/{rel}","templated":true}]}}