{"id":3726,"date":"2025-03-28T12:23:56","date_gmt":"2025-03-28T05:23:56","guid":{"rendered":"https:\/\/navascuba.com\/?post_type=product&#038;p=3726"},"modified":"2026-02-27T09:56:52","modified_gmt":"2026-02-27T02:56:52","slug":"padi-deep-diver","status":"publish","type":"product","link":"https:\/\/www.navascuba.com\/de\/cont-ed\/padi-deep-diver\/","title":{"rendered":"PADI Deep Diver Specialty \u2013 Erweitere dein Tiefenlimit auf 40 Meter"},"content":{"rendered":"<div data-elementor-type=\"product-post\" data-elementor-id=\"3726\" class=\"elementor elementor-3726\" data-elementor-post-type=\"product\">\n\t\t\t\t<div class=\"elementor-element elementor-element-e41092d e-flex e-con-boxed e-con e-parent\" data-id=\"e41092d\" data-element_type=\"container\" data-e-type=\"container\">\n\t\t\t\t\t<div class=\"e-con-inner\">\n\t\t\t\t<div class=\"elementor-element elementor-element-65569fef elementor-widget elementor-widget-text-editor\" data-id=\"65569fef\" data-element_type=\"widget\" data-e-type=\"widget\" data-widget_type=\"text-editor.default\">\n\t\t\t\t\t\t\t\t\t<div><b>Dein Kurs:<\/b> PADI Deep Diver Specialty<\/div><div><b>Tauchg\u00e4nge:<\/b> 4 Tauchg\u00e4nge<\/div><div><b>Dauer:<\/b> Nur 2 Tage<\/div><div><b>Standort:<\/b> Koh Tao, Thailand<\/div><div><b>Max. Tiefe:<\/b> Abh\u00e4ngig von deiner aktuellen Zertifizierungsstufe<\/div><div><b>Mindestalter:<\/b> 15 Jahre alt<\/div><div><b>Vorkenntnisse:<\/b> mindestens PADI Adventure Diver Zertifizierung (oder gleichwertig)<\/div><h2>Erschlie\u00dfung neuer Tauchtiefen in Koh Tao<\/h2><p>Als zertifizierter Taucher hast du die Magie der Unterwasserwelt von Koh Tao bereits erlebt. Die meisten Tauchpl\u00e4tze in diesem Paradies haben jedoch noch eine weitere, tiefere Ebene, die nicht f\u00fcr jeden zug\u00e4nglich ist.<\/p><p>Das PADI Deep Diver Specialty ist der Schl\u00fcssel, der diese exklusive Welt erschlie\u00dft. Es ist Ihr Ticket in die Welt jenseits, wo alles weniger gest\u00f6rt und ausgesetzt ist, um Taucher<\/p><p>Sobald du diese Tieftaucherlizenz hast, sind dies die neuen Funktionen, die dir speziell in Koh Tao zur Verf\u00fcgung stehen.<\/p><ul><li><b>Chumphon Pinnacle:<\/b> Dies ist das Kronjuwel von Koh Tao. Eine riesige Felsnadel, die an ihrer Spitze vollst\u00e4ndig von Anemonen bedeckt ist. Die Tiefe des gesamten Gebietes erreicht und \u00fcbersteigt vielleicht sogar 40 Meter. Sie haben die M\u00f6glichkeit, in der Tiefe zu patrouillieren, w\u00e4hrend Sie auf dem Weg zur\u00fcck nach oben die Chance auf eine Begegnung mit einem Walhai haben k\u00f6nnten.<\/li><li><b>Southwest Pinnacle:<\/b> F\u00fcr alle, die ausgedehnte Unterwasserlandschaften lieben, ist Southwest Pinnacle ein Muss. Diese atemberaubenden Canyons und T\u00e4ler sind wild und wundersch\u00f6n und bieten eine andere Art von Nervenkitzel beim Tieftauchen, vor allem, wenn das Gebiet so gro\u00df ist wie an diesem Tauchplatz.<\/li><\/ul><p>Diese Tauchpl\u00e4tze sind mehr als nur tiefere Tauchg\u00e4nge; sie sind Weltklasse-Erlebnisse, die ein tiefes Gef\u00fchl der Entdeckung bieten. Der Erwerb des PADI Deep Diver Zertifikats ist eine M\u00f6glichkeit, diese unglaublichen Unterwasserabenteuer in dein eigenes Logbuch einzutragen.<\/p><h2>Was ist die PADI Tieftaucher-Spezialit\u00e4t?<\/h2><p><b>PADI Deep Diver Specialty<\/b> ist ein Kurs, der zertifizierte Taucher mit den F\u00e4higkeiten und Kenntnissen ausstattet, die erforderlich sind, um tiefere Unterwasserumgebungen bis zu 40 Metern (130 Fu\u00df) sicher zu erkunden. Tieferes Tauchen er\u00f6ffnet eine v\u00f6llig neue Welt von Erfahrungen, von der Beobachtung einzigartiger Meeresbewohner bis hin zur Erkundung von Tauchpl\u00e4tzen, die f\u00fcr Sporttaucher ohne diese Spezialausbildung unzug\u00e4nglich sind.<\/p><p>W\u00e4hrend des Kurses \u00fcben Sie die Planung und Durchf\u00fchrung von Tieftauchg\u00e4ngen unter der Anleitung eines professionellen Tauchlehrers. Sie lernen auch, wie Sie Ihren Luftvorrat effektiver verwalten und mit potenziellen Herausforderungen wie Dekompressionsgrenzen umgehen k\u00f6nnen. Das Besondere an diesem Kurs ist, dass es sich nicht nur um einen theoretischen Kurs handelt, sondern dass Sie praktische Erfahrungen sammeln, w\u00e4hrend Sie unter sicheren und kontrollierten Bedingungen immer tiefer tauchen.<\/p><h2>Das perfekte Zusammenspiel: Tieftaucher und angereicherte Luft (Nitrox)<\/h2><p>F\u00fcr ernsthafte Taucher ist die Kombination der PADI Deep Diver und Enriched Air (Nitrox) Spezialit\u00e4ten ein grundlegender Wechsel. Das Tieftaucherbrevet gibt dir die Erlaubnis und die F\u00e4higkeiten, tiefere Tauchpl\u00e4tze zu besuchen. Mit dem Enriched Air (Nitrox) Brevet hast du deutlich mehr Zeit, diese zu erkunden. Zusammen bilden sie den ultimativen Reisepass f\u00fcr Unterwasserabenteuer.<\/p><p>Der Hauptvorteil liegt in einem entscheidenden Faktor: der Verl\u00e4ngerung Ihrer Nullzeit (NDL). Ihre NDL ist die maximale Zeit, die Sie in einer bestimmten Tiefe bleiben k\u00f6nnen, ohne auf dem Weg nach oben Dekompressionsstopps einlegen zu m\u00fcssen. Diese Grenze wird dadurch bestimmt, wie viel Stickstoff Ihr K\u00f6rper aus der Atemluft aufnimmt - je tiefer Sie gehen und je l\u00e4nger Sie bleiben, desto mehr Stickstoff nehmen Sie auf.<\/p><p>W\u00e4hrend eines Tieftauchgangs k\u00f6nnen Sie zwar keine angereicherte Luft (Nitrox) verwenden, da das Gasverh\u00e4ltnis in der Nitrox-Flasche zu einer Sauerstoffvergiftung f\u00fchren kann, aber w\u00e4hrend des anschlie\u00dfenden Tauchgangs k\u00f6nnen Sie davon profitieren. Sie erhalten mehr NDL-Zeit und k\u00f6nnen nach dem Tieftauchgang schneller wieder ins Wasser zur\u00fcckkehren als mit einer normalen Luftflasche.<\/p><h2>Was beinhaltet unser PADI Deep Diver Specialty Kurs?<\/h2><ul><li>PADI zertifizierter Tauchlehrer und E-Learning Materialien<\/li><li>PADI Tieftaucher-Zertifizierung (e-card)<\/li><li><b>Top-Ausr\u00fcstung<\/b>: Komplette, hochwertige Tauchausr\u00fcstung f\u00fcr dein gesamtes Erlebnis<\/li><li><b>Maximale Sicherheit<\/b>: Eine umfassende Tauchversicherung ist f\u00fcr dich bereits inklusive<\/li><li><b>St\u00e4rkung an Bord<\/b>: Leckeres thail\u00e4ndisches Mittagessen auf dem Boot (wahlweise mit Fleisch oder vegetarisch)<\/li><li>Shuttle-Service w\u00e4hrend der Kurse (nur auf Koh Tao)<\/li><\/ul><h2>Unser PADI Tieftaucherstudium<\/h2><div><div><strong>Tag 1 Neue Skills &amp; deine ersten Abenteuer<\/strong><\/div><div><strong>09.30 <\/strong>Entspannte Theorie-Wiederholung mit deinem Tauchlehrer<\/div><div><strong>13.00<\/strong> Dein 1. und 2. Tauchgang zur Erkundung der Tauchpl\u00e4tze von Koh Tao<\/div><div><strong>17.00<\/strong> Komm zur\u00fcck zur Tauchbasis und beende den Tag<\/div><\/div><div><div><strong>Tag 2<\/strong><\/div><div><strong>07.00<\/strong> Dein 3. und 4. Tauchgang erkundet die Tauchpl\u00e4tze von Koh Tao<\/div><div><strong>11.00<\/strong> Wohlverdientes Mittagessen, Logbuch schreiben und deine Zertifizierung feiern!<\/div><\/div><p><em>Gut zu wissen: Dieser Zeitplan gibt dir eine tolle Orientierung, kann sich aber je nach Wetter, Wellen und Laune der Natur leicht anpassen.<\/em><\/p><h2>Voraussetzungen f\u00fcr den PADI Tieftaucher-Spezialkurs<\/h2><ul><li>Der Teilnehmer ist zum Zeitpunkt des Erlebnisses mindestens 15 Jahre alt.<\/li><li>Der Teilnehmer hat mindestens ein PADI Adventure Diver Brevet (oder gleichwertig)<\/li><li>Der Teilnehmer ist k\u00f6rperlich und geistig gesund. Zum besseren Verst\u00e4ndnis sollte er\/sie sich zuerst das PADI Medical Form ansehen.<\/li><\/ul><p><em>*Hast du noch Fragen zu den Voraussetzungen oder dem Ablauf? Z\u00f6gere nicht und <a href=\"https:\/\/www.navascuba.com\/de\/contact-us\/\" target=\"_blank\" rel=\"noopener\">schreib unseren Tauchprofis ganz entspannt per WhatsApp!<\/a> f\u00fcr weitere Einzelheiten.<\/em><\/p><h2>Bedingungen und Konditionen<\/h2><p>Regul\u00e4re Buchungen sind nicht erstattungsf\u00e4hig und die volle Zahlung verf\u00e4llt bei einer Stornierung. Ausnahmen gelten nur bei nachgewiesenen medizinischen Notf\u00e4llen oder wenn du eine Buchungsoption mit kostenloser Stornierung (Flex-Tarif) gew\u00e4hlt hast. F\u00fcr alle weiteren Informationen lies dir bitte unsere <a href=\"https:\/\/www.navascuba.com\/de\/terms-conditions\/\" target=\"_blank\" rel=\"noopener\">vollst\u00e4ndigen Allgemeinen Gesch\u00e4ftsbedingungen durch<\/a>.<\/p>\t\t\t\t\t\t\t\t<\/div>\n\t\t\t\t\t<\/div>\n\t\t\t\t<\/div>\n\t\t\t\t<\/div>","protected":false},"excerpt":{"rendered":"<p>Erweitere deine Grenzen und tauche tiefer! Mit dem PADI Deep Diver Specialty auf Koh Tao schaltest du neue Tiefen bis zu 40 Metern frei. Erkunde die legend\u00e4ren Drop-offs und tiefen Riffabschnitte an ikonischen Tauchpl\u00e4tzen wie Chumphon Pinnacle und Sail Rock.<\/p>","protected":false},"featured_media":4410,"template":"","meta":[],"product_brand":[],"product_cat":[24],"product_tag":[65,64],"class_list":{"0":"post-3726","1":"product","2":"type-product","3":"status-publish","4":"has-post-thumbnail","6":"product_cat-cont-ed","7":"product_tag-msd","8":"product_tag-specialty","10":"first","11":"instock","12":"taxable","13":"shipping-taxable","14":"purchasable","15":"product-type-variable"},"_links":{"self":[{"href":"https:\/\/www.navascuba.com\/de\/wp-json\/wp\/v2\/product\/3726","targetHints":{"allow":["GET"]}}],"collection":[{"href":"https:\/\/www.navascuba.com\/de\/wp-json\/wp\/v2\/product"}],"about":[{"href":"https:\/\/www.navascuba.com\/de\/wp-json\/wp\/v2\/types\/product"}],"version-history":[{"count":0,"href":"https:\/\/www.navascuba.com\/de\/wp-json\/wp\/v2\/product\/3726\/revisions"}],"wp:featuredmedia":[{"embeddable":true,"href":"https:\/\/www.navascuba.com\/de\/wp-json\/wp\/v2\/media\/4410"}],"wp:attachment":[{"href":"https:\/\/www.navascuba.com\/de\/wp-json\/wp\/v2\/media?parent=3726"}],"wp:term":[{"taxonomy":"product_brand","embeddable":true,"href":"https:\/\/www.navascuba.com\/de\/wp-json\/wp\/v2\/product_brand?post=3726"},{"taxonomy":"product_cat","embeddable":true,"href":"https:\/\/www.navascuba.com\/de\/wp-json\/wp\/v2\/product_cat?post=3726"},{"taxonomy":"product_tag","embeddable":true,"href":"https:\/\/www.navascuba.com\/de\/wp-json\/wp\/v2\/product_tag?post=3726"}],"curies":[{"name":"wp","href":"https:\/\/api.w.org\/{rel}","templated":true}]}}