{"id":3712,"date":"2025-03-27T16:16:21","date_gmt":"2025-03-27T09:16:21","guid":{"rendered":"https:\/\/navascuba.com\/?post_type=product&#038;p=3712"},"modified":"2026-01-25T09:36:17","modified_gmt":"2026-01-25T02:36:17","slug":"padi-wreck-diver","status":"publish","type":"product","link":"https:\/\/www.navascuba.com\/de\/cont-ed\/padi-wreck-diver\/","title":{"rendered":"PADI Wreck Diver Speciality -  Dein Ticket ins Innere der Schiffswracks"},"content":{"rendered":"<div><b>Dein Kurs:<\/b> PADI Wreck Diver Specialty<\/div>\n<div><b>Tauchg\u00e4nge:<\/b> 4 Tauchg\u00e4nge<\/div>\n<div><b>Dauer:<\/b> Nur 2 Tage<\/div>\n<div><b>Standort:<\/b> Koh Tao, Thailand<\/div>\n<div><b>Max. Tiefe:<\/b> Abh\u00e4ngig von deiner aktuellen Zertifizierungsstufe<\/div>\n<div><b>Mindestalter:<\/b> 15 Jahre alt<\/div>\n<div><b>Vorkenntnisse:<\/b> mindestens PADI Adventure Diver Zertifizierung (oder gleichwertig)<\/div>\n<p>&nbsp;<\/p>\n<h2>Was ist der PADI Wreck Diver Specialty Kurs?<\/h2>\n<p>Der <b>PADI Wreck Diver Specialty<\/b> Kurs ist dein Einstieg in die spannende Welt der Schiffswracks. Falls du diese versunkenen Zeitkapseln unter Wasser erforschen m\u00f6chtest, passt dieses Programm genau zu dir. Du trainierst das sichere Tauchen an der Au\u00dfenseite sowie das limitierte Eindringen ins Wrack und erf\u00e4hrst, wie eine exakte Tauchgangsplanung hilft, alle Gefahrenquellen souver\u00e4n zu umgehen. Die Ausbildung deckt 3 Hauptaspekte der Wrack-Navigation ab:<\/p>\n<ol>\n<li><strong>Planung deiner Wracktauchg\u00e4nge:<\/strong> Lerne das professionelle und sichere Ann\u00e4hern an ein Wrack unter strikter Ber\u00fccksichtigung lokaler Umweltbedingungen wie Tiefe, Wasserstr\u00f6mung und Sichtweite.<\/li>\n<li><strong>Sicheres Betreten und Erkunden von Wracks:<\/strong> Trainiere die speziellen Fertigkeiten, um gefahrlos in ein Wrack hineinzutauchen. Du lernst, deine Tarierung in umschlossenen Bereichen exakt zu kontrollieren und den feinen Bodensatz (Silt) nicht aufzuwirbeln, um jederzeit klare Sicht zu behalten.<\/li>\n<li><strong>Gefahren beim Wracktauchen erkennen:<\/strong> Schiffswracks sind komplexe Umgebungen mit engen R\u00e4umen und verborgenen Risiken. Wir trainieren dein proaktives Risikomanagement, damit du potenzielle Gefahren wie scharfe Kanten oder das Risiko des H\u00e4ngenbleibens (Entanglement) fr\u00fchzeitig erkennst und jederzeit sicher meisterst.<\/li>\n<\/ol>\n<p>Es ist eine fantastische M\u00f6glichkeit, dein taucherisches Fachwissen zu vertiefen und deinen Tauchg\u00e4ngen das gewisse Extra an Abenteuer zu verleihen \u2013 immer mit dem absoluten Fokus auf maximale Sicherheit.<\/p>\n<h2>Warum solltest du das PADI Wreck Diver Specialty in Koh Tao machen?<\/h2>\n<p>Koh Tao ist ein absolut perfekter Ort, um das PADI Wreck Diver Specialty zu machen. Die Insel beherbergt eine Vielzahl von fantastischen Wracks, darunter die HTMS Sattakut, ein eigens versenktes Milit\u00e4rschiff, und auch ein k\u00fcrzlich versenktes Wrack: HTMS Suphairin. Da diese beiden Wracks nicht weit von der K\u00fcste entfernt liegen, ist dies eine ideale Umgebung, um die f\u00fcr das Wracktauchen erforderlichen F\u00e4higkeiten zu erlernen.<\/p>\n<p>Das warme und klare Wasser um Koh Tao ist ein gro\u00dfer Vorteil. Bei ausgezeichneter Sicht ist es viel einfacher, Wracks zu finden, und die angenehmen Wassertemperaturen erm\u00f6glichen l\u00e4ngere, angenehmere Tauchg\u00e4nge. Nava Scuba Diving ist eine der besten Tauchbasen in Koh Tao, die sich auf Wracktauchen spezialisiert hat. Unsere Tauchlehrer kennen sich mit den \u00f6rtlichen Wracks bestens aus, so dass du eine erstklassige Ausbildung erh\u00e4ltst und w\u00e4hrend deiner Tauchg\u00e4nge sicher bist.<\/p>\n<p>Die Vielfalt der Taucherlebnisse auf der Insel ist ein weiterer Grund, warum Koh Tao f\u00fcr das Wracktauchen geeignet ist. Egal, ob Sie Anf\u00e4nger sind oder fortgeschrittene Wracks erkunden wollen, die Insel bietet Tauchpl\u00e4tze f\u00fcr alle K\u00f6nnensstufen. Du kannst zum Beispiel die HTMS Sattakut erkunden, die flacher und anf\u00e4ngerfreundlicher ist. Wenn Sie jedoch eine Herausforderung und ein tieferes Wrack suchen, k\u00f6nnen Sie jederzeit am Wrack der HTMS Suphairin tauchen.<\/p>\n<h2>Was beinhaltet unser PADI Wreck Diver Specialty Kurs?<\/h2>\n<ul>\n<li>PADI Certified Instructor und Lernmaterialien (mehrere Sprachen)<\/li>\n<li>PADI Wracktaucher-Zertifizierung (e-card)<\/li>\n<li><b>Top-Ausr\u00fcstung<\/b>: Komplette, hochwertige Tauchausr\u00fcstung f\u00fcr dein gesamtes Erlebnis<\/li>\n<li><b>Maximale Sicherheit<\/b>: Eine umfassende Tauchversicherung ist f\u00fcr dich bereits inklusive<\/li>\n<li>Mittagessen (am Tauchtag)<\/li>\n<li>Abholservice von der Hauptstra\u00dfe (nur auf Koh Tao)<\/li>\n<li>Kostenloses 1-st\u00fcndiges Kajak oder Paddelboard von <a href=\"https:\/\/www.navascuba.com\/de\/about-us\/\" target=\"_blank\" rel=\"noopener\">unsere Tauchbasis<\/a><\/li>\n<\/ul>\n<p>&nbsp;<\/p>\n<h2>Unser PADI Wrack-Tauchkursplan<\/h2>\n<div>\n<div><strong>Tag 1 Neue Skills &amp; deine ersten Abenteuer<\/strong><\/div>\n<div><strong>09.30 <\/strong>Entspannte Theorie-Wiederholung mit deinem Tauchlehrer<\/div>\n<div><strong>13.00<\/strong> Dein 1. und 2. Tauchgang zur Erkundung der Tauchpl\u00e4tze von Koh Tao<\/div>\n<div><strong>17.00<\/strong> Komm zur\u00fcck zur Tauchbasis und beende den Tag<\/div>\n<\/div>\n<div>\n<div><strong>Tag 2<\/strong><\/div>\n<div><strong>07.00<\/strong> Dein 3. und 4. Tauchgang erkundet die Tauchpl\u00e4tze von Koh Tao<\/div>\n<div><strong>11.00<\/strong> Wohlverdientes Mittagessen, Logbuch schreiben und deine Zertifizierung feiern!<\/div>\n<\/div>\n<p><em>Gut zu wissen: Dieser Zeitplan gibt dir eine tolle Orientierung, kann sich aber je nach Wetter, Wellen und Laune der Natur leicht anpassen.<\/em><\/p>\n<h2>Anforderungen f\u00fcr den PADI Wracktaucher-Spezialkurs<\/h2>\n<ul>\n<li>Der Teilnehmer ist zum Zeitpunkt des Erlebnisses mindestens 15 Jahre alt.<\/li>\n<li>Der Teilnehmer hat mindestens ein PADI Adventure Diver Brevet (oder gleichwertig)<\/li>\n<li>Der Teilnehmer ist k\u00f6rperlich und geistig gesund. Zum besseren Verst\u00e4ndnis sollte er\/sie sich zuerst das PADI Medical Form ansehen.<\/li>\n<\/ul>\n<p><em>*Hast du noch Fragen zu den Voraussetzungen oder dem Ablauf? Z\u00f6gere nicht und <a href=\"https:\/\/www.navascuba.com\/de\/contact-us\/\" target=\"_blank\" rel=\"noopener\">schreib unseren Tauchprofis ganz entspannt per WhatsApp!<\/a> f\u00fcr weitere Einzelheiten.<\/em><\/p>\n<h2>Bedingungen und Konditionen<\/h2>\n<ul>\n<li>Unser Wracktaucher-Spezialkurs kann jeden Tag stattfinden. Bitte geben Sie uns 24 Stunden Zeit, Sie zu kontaktieren, um das von Ihnen bevorzugte Tauchdatum nach dem Bestellvorgang zu best\u00e4tigen.<\/li>\n<li>Transparenz ist uns wichtig. Daher sind unsere Online-Buchungen grunds\u00e4tzlich nicht erstattungsf\u00e4hig. Ausnahmen machen wir selbstverst\u00e4ndlich bei medizinischen Gr\u00fcnden (z. B. wenn du nicht tauchtauglich bist) oder in dem seltenen Fall, dass wir deinen Wunschtermin nicht realisieren k\u00f6nnen.<\/li>\n<\/ul>\n<p><em>*Bitte lesen Sie unsere vollst\u00e4ndigen Bedingungen und Konditionen <a href=\"https:\/\/www.navascuba.com\/de\/terms-conditions\/\" target=\"_blank\" rel=\"noopener\">vollst\u00e4ndigen Allgemeinen Gesch\u00e4ftsbedingungen durch<\/a>.<\/em><\/p>","protected":false},"excerpt":{"rendered":"<p>Erforsche Schiffswracks und tauche sicher ins Innere ab. Finde mit dem PADI Wreck Diver Specialty Kurs heraus, welche Mysterien dich im Inneren historischer Milit\u00e4rschiffe wie der <b>HTMS Sattakut<\/b> auf Koh Tao erwarten<\/p>","protected":false},"featured_media":3717,"template":"","meta":[],"product_brand":[],"product_cat":[24],"product_tag":[],"class_list":{"0":"post-3712","1":"product","2":"type-product","3":"status-publish","4":"has-post-thumbnail","6":"product_cat-cont-ed","8":"first","9":"instock","10":"taxable","11":"shipping-taxable","12":"purchasable","13":"product-type-variable"},"_links":{"self":[{"href":"https:\/\/www.navascuba.com\/de\/wp-json\/wp\/v2\/product\/3712","targetHints":{"allow":["GET"]}}],"collection":[{"href":"https:\/\/www.navascuba.com\/de\/wp-json\/wp\/v2\/product"}],"about":[{"href":"https:\/\/www.navascuba.com\/de\/wp-json\/wp\/v2\/types\/product"}],"version-history":[{"count":0,"href":"https:\/\/www.navascuba.com\/de\/wp-json\/wp\/v2\/product\/3712\/revisions"}],"wp:featuredmedia":[{"embeddable":true,"href":"https:\/\/www.navascuba.com\/de\/wp-json\/wp\/v2\/media\/3717"}],"wp:attachment":[{"href":"https:\/\/www.navascuba.com\/de\/wp-json\/wp\/v2\/media?parent=3712"}],"wp:term":[{"taxonomy":"product_brand","embeddable":true,"href":"https:\/\/www.navascuba.com\/de\/wp-json\/wp\/v2\/product_brand?post=3712"},{"taxonomy":"product_cat","embeddable":true,"href":"https:\/\/www.navascuba.com\/de\/wp-json\/wp\/v2\/product_cat?post=3712"},{"taxonomy":"product_tag","embeddable":true,"href":"https:\/\/www.navascuba.com\/de\/wp-json\/wp\/v2\/product_tag?post=3712"}],"curies":[{"name":"wp","href":"https:\/\/api.w.org\/{rel}","templated":true}]}}