{"id":2084,"date":"2024-04-01T10:22:22","date_gmt":"2024-04-01T03:22:22","guid":{"rendered":"https:\/\/navascuba.com\/?post_type=product&#038;p=2084"},"modified":"2026-04-07T21:16:45","modified_gmt":"2026-04-07T14:16:45","slug":"fun-dive-bundle","status":"publish","type":"product","link":"https:\/\/www.navascuba.com\/de\/special-promotion\/fun-dive-bundle\/","title":{"rendered":"Fun Dive Bundle - Entdecke mehr Spots, clever im Paket"},"content":{"rendered":"<div data-elementor-type=\"product-post\" data-elementor-id=\"2084\" class=\"elementor elementor-2084\" data-elementor-post-type=\"product\">\n\t\t\t\t<div class=\"elementor-element elementor-element-36dbcd47 e-flex e-con-boxed e-con e-parent\" data-id=\"36dbcd47\" data-element_type=\"container\" data-e-type=\"container\">\n\t\t\t\t\t<div class=\"e-con-inner\">\n\t\t\t\t<div class=\"elementor-element elementor-element-33994ba elementor-widget elementor-widget-text-editor\" data-id=\"33994ba\" data-element_type=\"widget\" data-e-type=\"widget\" data-widget_type=\"text-editor.default\">\n\t\t\t\t\t\t\t\t\t<div><b>Dein Kurs:<\/b> Spa\u00df-Tauchgang-B\u00fcndel<\/div>\r\n<div><b>Tauchg\u00e4nge:<\/b> 8-16 Tauchg\u00e4nge<\/div>\r\n<div><b>Dauer:<\/b> Ein halber Tag<\/div>\r\n<div><b>Standort:<\/b> Koh Tao, Thailand<\/div>\r\n<div><b>Max. Tiefe:<\/b> H\u00e4ngt von der Zertifizierung ab<\/div>\r\n<div><b>Mindestalter:<\/b> ab 10 Jahren<\/div>\r\n<div><b>Vorkenntnisse:<\/b>\u00a0Tauchschein ist erforderlich<\/div>\r\n&nbsp;\r\n<h2>Kann ich an der Tauchtour in Koh Tao teilnehmen?<\/h2>\r\nEin Tauchausflug ist die perfekte M\u00f6glichkeit, die atemberaubende Unterwasserwelt der Insel zu erkunden und den Nervenkitzel des Tauchsports zu erleben. Mit Nava Scuba Diving haben Sie die M\u00f6glichkeit, die sch\u00f6nsten Tauchpl\u00e4tze der Insel zu erkunden, umgeben von farbenfrohen Meeresbewohnern und lebendigen Korallenriffen.\r\n\r\nSie m\u00fcssen einen Tauchschein mitbringen, entweder eine physische oder eine elektronische Version. <strong>Die Mindestanforderung f\u00fcr Koh Tao ist eine Open Water Zertifizierung<\/strong>. Sie d\u00fcrfen bis zu Ihrer m\u00f6glichen Tauchtiefe tauchen, begleitet von unserem erfahrenen Tauchguide, der Sie herumf\u00fchrt und auf Ihre Sicherheit achtet.\r\n\r\nWenn Sie gerne tauchen m\u00f6chten, aber noch keinen Tauchschein besitzen, k\u00f6nnen Sie den Tauchplatz jederzeit mit einem <strong><a href=\"https:\/\/www.navascuba.com\/de\/diving-courses\/beginner\/discover-scuba-diving\/\" target=\"_blank\" rel=\"noopener\">Schnuppertauchen (Discover Scuba Diving)<\/a><\/strong>. Unser sehr erfahrener Tauchlehrer wird Sie jederzeit unter Wasser begleiten. Sie k\u00f6nnen auch im Schwimmbad \u00fcben, um zun\u00e4chst Vertrauen zu gewinnen.\r\n\r\nWenn Sie eine Herausforderung suchen, sollten Sie sich auch unser <a href=\"https:\/\/www.navascuba.com\/de\/diving-courses\/cont-ed\/padi-advanced-open-water\/\" target=\"_blank\" rel=\"noopener\"><strong>PADI Advanced Open Water<\/strong><\/a> Kurs. Dies ist der n\u00e4chste Schritt f\u00fcr die meisten Taucher. Er erm\u00f6glicht es Ihnen, Ihre Tiefengrenze auf 30 Meter zu erh\u00f6hen. Der Kurs beinhaltet auch andere Abenteuer wie Nacht-, Wrack-, Navigations- und Rettungstauchen und vieles mehr, um Ihre Tauchf\u00e4higkeiten zu verbessern.\r\n<h2>Kann ich die Tauchg\u00e4nge mit meinen Freunden teilen?<\/h2>\r\nUnabh\u00e4ngig davon, welches Fun-Dive-Bundle Sie w\u00e4hlen, k\u00f6nnen Sie die Tauchg\u00e4nge mit Ihren Freunden teilen. Allerdings m\u00fcssen alle in der gleichen Gruppe tauchen. Wenn deine Gruppe aus verschiedenen Niveaus besteht, folgen wir dem Standard des niedrigsten Niveaus in der Gruppe, um die Sicherheit aller zu gew\u00e4hrleisten.\r\n<h2>Was ist in unserem Tauchausflug enthalten?<\/h2>\r\n<ul>\r\n \t<li>PADI-zertifizierter Guide<\/li>\r\n \t<li><b>Top-Ausr\u00fcstung<\/b>: Komplette, hochwertige Tauchausr\u00fcstung f\u00fcr dein gesamtes Erlebnis<\/li>\r\n \t<li><b>Maximale Sicherheit<\/b>: Eine umfassende Tauchversicherung ist f\u00fcr dich bereits inklusive<\/li>\r\n \t<li>Mittagessen<\/li>\r\n \t<li>Abholservice von der Hauptstra\u00dfe (nur auf Koh Tao)<\/li>\r\n \t<li>Kostenloses 1-st\u00fcndiges Kajak oder Paddelboard von <a href=\"https:\/\/www.navascuba.com\/de\/about-us\/\" target=\"_blank\" rel=\"noopener\">unsere Tauchbasis<\/a><\/li>\r\n<\/ul>\r\n&nbsp;\r\n<h2>Unser Reiseplan<\/h2>\r\n<img decoding=\"async\" class=\"aligncenter size-large wp-image-2007\" src=\"https:\/\/navascuba.com\/wp-content\/uploads\/2025\/02\/Nava-Divesite-Schedule.webp\" alt=\"Nava Scuba Diving 2025 Tauchplatz Zeitplan\" width=\"800\" height=\"800\" \/>\r\n<div><\/div>\r\n<div>Wir haben t\u00e4glich zwei Boote: Morgens und nachmittags.<\/div>\r\n<div><strong>Morgen-Boot (07.00 - 11.00 Uhr)<\/strong><\/div>\r\n<div><strong>06.45<\/strong>\u00a0Alle Taucher checken bei unserem Tauchboot am Pier ein<\/div>\r\n<div><strong>07.00\u00a0<\/strong>Das Boot verl\u00e4sst die Anlegestelle zu 2 verschiedenen Tauchpl\u00e4tzen<\/div>\r\n<div><strong>11.15 <\/strong>Das Boot kommt zur\u00fcck an den Steg<\/div>\r\n<div><strong>11.30<\/strong> Mittagessen mit Aussicht in unserer Tauchbasis<\/div>\r\n<div><\/div>\r\n<div><strong>Boot am Nachmittag (01.00 - 05.00 PM)<\/strong><\/div>\r\n<div><strong>11.30<\/strong> Mittagessen mit Aussicht in unserer Tauchbasis<\/div>\r\n<div><strong>12.45<\/strong>\u00a0Alle Taucher checken bei unserem Tauchboot am Pier ein<\/div>\r\n<div><strong>13.00<\/strong> Das Boot verl\u00e4sst die Anlegestelle zu 2 verschiedenen Tauchpl\u00e4tzen<\/div>\r\n<div><strong>17.15<\/strong> Das Boot kommt zur\u00fcck an den Steg<\/div>\r\n<em>Gut zu wissen: Dieser Zeitplan gibt dir eine tolle Orientierung, kann sich aber je nach Wetter, Wellen und Laune der Natur leicht anpassen.<\/em>\r\n<h2>Anforderungen an die Reise<\/h2>\r\n<ul>\r\n \t<li><b>Mindestalter:<\/b> Du (oder dein Kind) bist am ersten Tag des Kurses mindestens 10 Jahre alt.<\/li>\r\n \t<li>Der Teilnehmer ist k\u00f6rperlich und geistig gesund. Zum besseren Verst\u00e4ndnis sollte er\/sie sich zuerst das PADI Medical Form ansehen.<\/li>\r\n \t<li>Der Teilnehmer verf\u00fcgt \u00fcber einen Tauchschein, der mindestens einem PADI Open Water Diver entspricht.<\/li>\r\n \t<li>Ihr letzter Tauchgang liegt innerhalb der letzten 6 Monate. (Oder Sie haben mehr als 40 Tauchg\u00e4nge und haben mindestens ein PADI Advanced Brevet oder ein gleichwertiges Brevet)<\/li>\r\n<\/ul>\r\n<em>*Hast du noch Fragen zu den Voraussetzungen oder dem Ablauf? Z\u00f6gere nicht und <a href=\"https:\/\/www.navascuba.com\/de\/contact-us\/\" target=\"_blank\" rel=\"noopener\">schreib unseren Tauchprofis ganz entspannt per WhatsApp!<\/a> f\u00fcr weitere Einzelheiten.<\/em>\r\n<h2>Bedingungen und Konditionen<\/h2>\r\n<ul>\r\n \t<li>Unsere Tauchausfl\u00fcge k\u00f6nnen t\u00e4glich geplant werden. Bitte geben Sie uns 24 Stunden Zeit, Sie zu kontaktieren, um das von Ihnen bevorzugte Tauchdatum nach dem Checkout-Prozess zu best\u00e4tigen.<\/li>\r\n \t<li>Unsere Online-Buchung ist nicht erstattungsf\u00e4hig, au\u00dfer aus medizinischen Gr\u00fcnden und unter dem Umstand, dass es uns nicht gelingt, einen Termin f\u00fcr Sie aus der Online-Buchung zu buchen.<\/li>\r\n<\/ul>\r\n<em>*Bitte lesen Sie unsere vollst\u00e4ndigen Bedingungen und Konditionen <a href=\"https:\/\/www.navascuba.com\/de\/terms-conditions\/\" target=\"_blank\" rel=\"noopener\">vollst\u00e4ndigen Allgemeinen Gesch\u00e4ftsbedingungen durch<\/a>.<\/em>\t\t\t\t\t\t\t\t<\/div>\n\t\t\t\t\t<\/div>\n\t\t\t\t<\/div>\n\t\t\t\t<\/div>","protected":false},"excerpt":{"rendered":"<p>Holen Sie sich ein lustiges Tauchpaket, um mit Ihren Freunden zu tauchen und sparen Sie mehr bei Nava Scuba Diving. Du kannst Koh Tao erkunden, wo und wann immer du willst!<\/p>","protected":false},"featured_media":2955,"template":"","meta":[],"product_brand":[],"product_cat":[55],"product_tag":[],"class_list":{"0":"post-2084","1":"product","2":"type-product","3":"status-publish","4":"has-post-thumbnail","6":"product_cat-special-promotion","8":"first","9":"instock","10":"sale","11":"featured","12":"taxable","13":"shipping-taxable","14":"purchasable","15":"product-type-variable"},"_links":{"self":[{"href":"https:\/\/www.navascuba.com\/de\/wp-json\/wp\/v2\/product\/2084","targetHints":{"allow":["GET"]}}],"collection":[{"href":"https:\/\/www.navascuba.com\/de\/wp-json\/wp\/v2\/product"}],"about":[{"href":"https:\/\/www.navascuba.com\/de\/wp-json\/wp\/v2\/types\/product"}],"version-history":[{"count":0,"href":"https:\/\/www.navascuba.com\/de\/wp-json\/wp\/v2\/product\/2084\/revisions"}],"wp:featuredmedia":[{"embeddable":true,"href":"https:\/\/www.navascuba.com\/de\/wp-json\/wp\/v2\/media\/2955"}],"wp:attachment":[{"href":"https:\/\/www.navascuba.com\/de\/wp-json\/wp\/v2\/media?parent=2084"}],"wp:term":[{"taxonomy":"product_brand","embeddable":true,"href":"https:\/\/www.navascuba.com\/de\/wp-json\/wp\/v2\/product_brand?post=2084"},{"taxonomy":"product_cat","embeddable":true,"href":"https:\/\/www.navascuba.com\/de\/wp-json\/wp\/v2\/product_cat?post=2084"},{"taxonomy":"product_tag","embeddable":true,"href":"https:\/\/www.navascuba.com\/de\/wp-json\/wp\/v2\/product_tag?post=2084"}],"curies":[{"name":"wp","href":"https:\/\/api.w.org\/{rel}","templated":true}]}}