{"id":1680,"date":"2023-11-24T18:26:54","date_gmt":"2023-11-24T11:26:54","guid":{"rendered":"https:\/\/navascuba.com\/?post_type=product&#038;p=1680"},"modified":"2026-02-24T16:27:46","modified_gmt":"2026-02-24T09:27:46","slug":"padi-nitrox","status":"publish","type":"product","link":"https:\/\/www.navascuba.com\/de\/cont-ed\/padi-nitrox\/","title":{"rendered":"PADI Enriched Air Nitrox \u2013 L\u00e4nger abtauchen, mehr entdecken"},"content":{"rendered":"<div><b>Dein Kurs:<\/b> PADI Enriched Air Nitrox<\/div>\n<div><b>Tauchg\u00e4nge:<\/b> 2 Freiwassertauchg\u00e4nge mit Nitrox (optional)<\/div>\n<div><b>Dauer:<\/b> 1-2 Tage<\/div>\n<div><b>Standort:<\/b> Koh Tao, Thailand<\/div>\n<div><b>Max. Tiefe:<\/b> Abh\u00e4ngig von deiner aktuellen Zertifizierungsstufe<\/div>\n<div><b>Mindestalter:<\/b> 12 Jahre alt<\/div>\n<div><b>Vorkenntnisse:<\/b> PADI Open Water Diver (oder \u00e4quivalentes Brevet)<\/div>\n<p>&nbsp;<\/p>\n<h2>Was ist der gr\u00f6\u00dfte Vorteil einer Nitrox-Flasche beim Tauchen?<\/h2>\n<p>Eines vorweg: Mit Enriched Air Nitrox tauchst du nicht tiefer, sondern deutlich l\u00e4nger! Der Hauptvorteil liegt in der <strong>l\u00e4ngeren Nullzeit (No-Decompression Limit, NDL)<\/strong>. Das bedeutet, du kannst deine Zeit unter Wasser maximal ausreizen, solange dein Luftvorrat es zul\u00e4sst. Ein weiterer gro\u00dfer Pluspunkt ist die reduzierte Stickstoffaufnahme im K\u00f6rper, was zu k\u00fcrzeren Oberfl\u00e4chenpausen f\u00fchrt. Gerade bei mehreren Tauchg\u00e4ngen am Tag kommst du schneller wieder ins Wasser und beh\u00e4ltst trotzdem l\u00e4ngere Nullzeiten als Taucher mit normaler Luft. F\u00fcr <strong>Tauchsafaris (Liveaboards) ist Nitrox daher ein unverzichtbarer 'Dive Hack'<\/strong>, da hier oft drei oder mehr Tauchg\u00e4nge pro Tag anstehen. Erlebe die Effizienz und genie\u00dfe ein entspannteres Taucherlebnis mit mehr Zeit am Riff.<\/p>\n<h2>Was ist in unserem PADI Nitrox Kurs enthalten?<\/h2>\n<ul>\n<li>PADI Certified Instructor und Lernmaterialien (mehrere Sprachen)<\/li>\n<li>PADI EANX Zertifizierung (e-card)<\/li>\n<li><b>Top-Ausr\u00fcstung<\/b>: Komplette, hochwertige Tauchausr\u00fcstung f\u00fcr dein gesamtes Erlebnis<\/li>\n<li><b>Maximale Sicherheit<\/b>: Eine umfassende Tauchversicherung ist f\u00fcr dich bereits inklusive<\/li>\n<li>Mittagessen (am Tauchtag)<\/li>\n<li>Abholservice von der Hauptstra\u00dfe (nur auf Koh Tao)<\/li>\n<li>Kostenloses 1-st\u00fcndiges Kajak oder Paddelboard von <a href=\"https:\/\/www.navascuba.com\/de\/about-us\/\" target=\"_blank\" rel=\"noopener\">unsere Tauchbasis<\/a><\/li>\n<\/ul>\n<p>&nbsp;<\/p>\n<h2>Unser Enriched Air Nitrox Zeitplan<\/h2>\n<div>\n<div><strong>Tag 1 Neue Skills &amp; deine ersten Abenteuer<\/strong><\/div>\n<div><strong>13.00<\/strong> Entspannte Theorie-Wiederholung mit deinem Tauchlehrer<\/div>\n<div><strong>16.00\u00a0<\/strong>Analysieren Sie Ihre Nitrox-Flasche f\u00fcr Ihren Tauchgang (wenn Sie sich daf\u00fcr entscheiden)<\/div>\n<div><strong>17.00<\/strong> Komm zur\u00fcck zur Tauchbasis und beende den Tag<\/div>\n<\/div>\n<div>\n<div><strong>Tag 2<\/strong><\/div>\n<div><strong>07.00<\/strong> Deine 2 optionalen Tauchg\u00e4nge mit Nitroxflaschen w\u00e4hrend der Erkundung der Tauchpl\u00e4tze von Koh Tao<\/div>\n<div><strong>11.00<\/strong> Wohlverdientes Mittagessen, Logbuch schreiben und deine Zertifizierung feiern!<\/div>\n<\/div>\n<p><em>Gut zu wissen: Dieser Zeitplan gibt dir eine tolle Orientierung, kann sich aber je nach Wetter, Wellen und Laune der Natur leicht anpassen.<\/em><\/p>\n<h2>Anforderungen f\u00fcr den PADI Enriched Air Nitrox Kurs<\/h2>\n<ul>\n<li>Der Teilnehmer ist zum Zeitpunkt des Erlebnisses mindestens 12 Jahre alt.<\/li>\n<li>Der Teilnehmer hat mindestens ein PADI Open Water Brevet (oder gleichwertig)<\/li>\n<li>Der Teilnehmer ist k\u00f6rperlich und geistig gesund. Zum besseren Verst\u00e4ndnis sollte er\/sie sich zuerst das PADI Medical Form ansehen.<\/li>\n<\/ul>\n<p><em>*Hast du noch Fragen zu den Voraussetzungen oder dem Ablauf? Z\u00f6gere nicht und <a href=\"https:\/\/www.navascuba.com\/de\/contact-us\/\" target=\"_blank\" rel=\"noopener\">schreib unseren Tauchprofis ganz entspannt per WhatsApp!<\/a> f\u00fcr weitere Einzelheiten.<\/em><\/p>\n<h2>Bedingungen und Konditionen<\/h2>\n<ul>\n<li>Unser Nitrox-Kurs findet t\u00e4glich statt. Bitte gib uns nach dem Checkout bis zu 24 Stunden Zeit, um dich zu kontaktieren und dein gew\u00fcnschtes Tauchdatum final zu best\u00e4tigen.<\/li>\n<li>Transparenz ist uns wichtig. Daher sind unsere Online-Buchungen grunds\u00e4tzlich nicht erstattungsf\u00e4hig. Ausnahmen machen wir selbstverst\u00e4ndlich bei medizinischen Gr\u00fcnden (z. B. wenn du nicht tauchtauglich bist) oder in dem seltenen Fall, dass wir deinen Wunschtermin nicht realisieren k\u00f6nnen.<\/li>\n<\/ul>\n<p><em>*Bitte lesen Sie unsere vollst\u00e4ndigen Bedingungen und Konditionen <a href=\"https:\/\/www.navascuba.com\/de\/terms-conditions\/\" target=\"_blank\" rel=\"noopener\">vollst\u00e4ndigen Allgemeinen Gesch\u00e4ftsbedingungen durch<\/a>.<\/em><\/p>","protected":false},"excerpt":{"rendered":"<p>Verl\u00e4ngere deine Grundzeit und verk\u00fcrze Oberfl\u00e4chenpausen mit PADI Enriched Air Nitrox. Profitiere von maximaler Effizienz und intensiveren Unterwasser-Erlebnissen durch optimierte Nullzeiten.<\/p>","protected":false},"featured_media":2953,"template":"","meta":[],"product_brand":[],"product_cat":[24],"product_tag":[],"class_list":{"0":"post-1680","1":"product","2":"type-product","3":"status-publish","4":"has-post-thumbnail","6":"product_cat-cont-ed","8":"first","9":"instock","10":"sale","11":"taxable","12":"shipping-taxable","13":"purchasable","14":"product-type-variable"},"_links":{"self":[{"href":"https:\/\/www.navascuba.com\/de\/wp-json\/wp\/v2\/product\/1680","targetHints":{"allow":["GET"]}}],"collection":[{"href":"https:\/\/www.navascuba.com\/de\/wp-json\/wp\/v2\/product"}],"about":[{"href":"https:\/\/www.navascuba.com\/de\/wp-json\/wp\/v2\/types\/product"}],"version-history":[{"count":0,"href":"https:\/\/www.navascuba.com\/de\/wp-json\/wp\/v2\/product\/1680\/revisions"}],"wp:featuredmedia":[{"embeddable":true,"href":"https:\/\/www.navascuba.com\/de\/wp-json\/wp\/v2\/media\/2953"}],"wp:attachment":[{"href":"https:\/\/www.navascuba.com\/de\/wp-json\/wp\/v2\/media?parent=1680"}],"wp:term":[{"taxonomy":"product_brand","embeddable":true,"href":"https:\/\/www.navascuba.com\/de\/wp-json\/wp\/v2\/product_brand?post=1680"},{"taxonomy":"product_cat","embeddable":true,"href":"https:\/\/www.navascuba.com\/de\/wp-json\/wp\/v2\/product_cat?post=1680"},{"taxonomy":"product_tag","embeddable":true,"href":"https:\/\/www.navascuba.com\/de\/wp-json\/wp\/v2\/product_tag?post=1680"}],"curies":[{"name":"wp","href":"https:\/\/api.w.org\/{rel}","templated":true}]}}