{"id":1175,"date":"2023-08-11T19:04:21","date_gmt":"2023-08-11T12:04:21","guid":{"rendered":"https:\/\/navascuba.com\/?post_type=product&#038;p=1175"},"modified":"2026-03-28T15:06:50","modified_gmt":"2026-03-28T08:06:50","slug":"pool-refresher","status":"publish","type":"product","link":"https:\/\/www.navascuba.com\/de\/certified-diver\/pool-refresher\/","title":{"rendered":"Pool Refresher - Erneuern Sie Ihre F\u00e4higkeiten"},"content":{"rendered":"<div><b>Dein Kurs:<\/b>\u00a0Pool-Auffrischung<\/div>\n<div><b>Tauchg\u00e4nge:<\/b> 1 Tauchgang im begrenzten Wasser<\/div>\n<div><b>Dauer:<\/b> 09.00 - 12.00 oder 13.00 - 16.00<\/div>\n<div><b>Standort:<\/b> Koh Tao, Thailand<\/div>\n<div><b>Max. Tiefe:<\/b>\u00a05 Meter<\/div>\n<div><b>Mindestalter:<\/b> ab 10 Jahren<\/div>\n<div><b>Vorkenntnisse:<\/b>\u00a0Tauchschein ist erforderlich<\/div>\n<h2>Brauche ich eine Auffrischung, wenn mein letzter Tauchgang schon Jahre her ist?<\/h2>\n<p>Wir bieten zwar eine <a href=\"https:\/\/www.navascuba.com\/de\/certified-diver\/refresher\/\" target=\"_blank\" rel=\"noopener\">Auffrischung mit Spa\u00df-Tauchgang<\/a> f\u00fcr Taucher, die ihr Selbstvertrauen zur\u00fcckgewinnen m\u00f6chten, bevor sie sich ins Meer wagen. F\u00fcr Taucher, die lange nicht mehr getaucht sind, ist es manchmal besser, es langsam anzugehen. Es ist nicht n\u00f6tig, den Open Water Kurs noch einmal zu wiederholen, denn du kannst auch einen Pool Refresher machen!<\/p>\n<p>Ein Refresher im Schwimmbad (Pool Refresher) ist ideal f\u00fcr die meisten Open Water Taucher, die im Laufe der Jahre nur noch selten tauchen. Es erm\u00f6glicht Ihnen, die grundlegenden Tauchfertigkeiten in einer vollkommen ruhigen Umgebung ohne jegliche Ablenkung langsam wieder zu erlernen. Wir betonen <strong>einen Pool-Auffrischungskurs f\u00fcr alle zu empfehlen, die l\u00e4nger als 1 Jahr nicht getaucht haben <\/strong>und hat nur wenige geloggte Tauchg\u00e4nge.<\/p>\n<p>Sie m\u00fcssen auch einen Nachweis \u00fcber ein Tauchzertifikat mitbringen, entweder eine physische oder eine elektronische Version. <strong>Die Mindestanforderung f\u00fcr Koh Tao ist eine Open Water Zertifizierung<\/strong>. Wenn Sie kein PADI-zertifizierter Taucher sind, k\u00f6nnen wir Sie in der Datenbank nachschlagen.<\/p>\n<p>Wenn Sie nach der Sitzung tauchen m\u00f6chten, k\u00f6nnen Sie einen zus\u00e4tzlichen Tauchausflug buchen. Wenn Sie jedoch keinen Tauchschein haben, k\u00f6nnen Sie den Tauchplatz jederzeit erkunden, indem Sie einen <strong><a href=\"https:\/\/www.navascuba.com\/de\/diving-courses\/beginner\/discover-scuba-diving\/\" target=\"_blank\" rel=\"noopener\">Schnuppertauchen (Discover Scuba Diving)<\/a><\/strong>. Unser sehr erfahrener Tauchlehrer wird Sie jederzeit unter Wasser begleiten.<\/p>\n<h2>Was beinhaltet unser Auffrischungskurs?<\/h2>\n<ul>\n<li>PADI zertifizierter Divemaster\/Instructor<\/li>\n<li><b>Top-Ausr\u00fcstung<\/b>: Komplette, hochwertige Tauchausr\u00fcstung f\u00fcr dein gesamtes Erlebnis<\/li>\n<li><b>Maximale Sicherheit<\/b>: Eine umfassende Tauchversicherung ist f\u00fcr dich bereits inklusive<\/li>\n<li>Mittagessen<\/li>\n<li>Abholservice von der Hauptstra\u00dfe (nur auf Koh Tao)<\/li>\n<li>Kostenloses 1-st\u00fcndiges Kajak oder Paddelboard von <a href=\"https:\/\/www.navascuba.com\/de\/about-us\/\" target=\"_blank\" rel=\"noopener\">unsere Tauchbasis<\/a><\/li>\n<\/ul>\n<h2>Unser Sitzungsplan<\/h2>\n<div>\n<div>Wir haben t\u00e4glich zwei Sitzungen: Morgens und nachmittags.<\/div>\n<div><strong>Vormittagssitzung (09.00 - 12.00 Uhr)<\/strong><\/div>\n<div><strong>09.00<\/strong>\u00a0Theorie\u00fcberpr\u00fcfung im Klassenzimmer<\/div>\n<div><strong>10.00 <\/strong>Gehen Sie ins Schwimmbad f\u00fcr eine Sitzung im Wasser<\/div>\n<div><strong>12.00<\/strong>\u00a0Nachbesprechung mit Mittagessen in unserer Tauchbasis am Strand<\/div>\n<div><\/div>\n<div><strong>Nachmittagssitzung (01.00 - 04.00 PM)<\/strong><\/div>\n<div><strong>13.00<\/strong> Wiederholung der Theorie im Klassenzimmer mit unserem inklusiven Mittagessen<\/div>\n<div><strong>14.45<\/strong>\u00a0Gehen Sie ins Schwimmbad f\u00fcr eine Sitzung im Wasser<\/div>\n<div><strong>16.00<\/strong>\u00a0Nachbesprechung in unserer Tauchbasis am Strand<\/div>\n<p><em>Gut zu wissen: Dieser Zeitplan gibt dir eine tolle Orientierung, kann sich aber je nach Wetter, Wellen und Laune der Natur leicht anpassen.<\/em><\/p>\n<\/div>\n<h2>Anforderungen an die Reise<\/h2>\n<ul>\n<li><b>Mindestalter:<\/b> Du (oder dein Kind) bist am ersten Tag des Kurses mindestens 10 Jahre alt.<\/li>\n<li>Der Teilnehmer ist k\u00f6rperlich und geistig gesund. Zum besseren Verst\u00e4ndnis sollte er\/sie sich zuerst das PADI Medical Form ansehen.<\/li>\n<li>Der Teilnehmer verf\u00fcgt \u00fcber einen Tauchschein, der mindestens einem PADI Open Water Diver entspricht.<\/li>\n<\/ul>\n<p><em>*Hast du noch Fragen zu den Voraussetzungen oder dem Ablauf? Z\u00f6gere nicht und <a href=\"https:\/\/www.navascuba.com\/de\/contact-us\/\" target=\"_blank\" rel=\"noopener\">schreib unseren Tauchprofis ganz entspannt per WhatsApp!<\/a> f\u00fcr weitere Einzelheiten.<\/em><\/p>\n<h2>Bedingungen und Konditionen<\/h2>\n<ul>\n<li>Unsere Tauchausfl\u00fcge k\u00f6nnen t\u00e4glich geplant werden. Bitte geben Sie uns 24 Stunden Zeit, Sie zu kontaktieren, um das von Ihnen gew\u00fcnschte Tauchdatum nach dem Auschecken zu best\u00e4tigen.<\/li>\n<li>Unsere Online-Buchung ist nicht erstattungsf\u00e4hig, au\u00dfer aus medizinischen Gr\u00fcnden und unter dem Umstand, dass es uns nicht gelingt, einen Termin f\u00fcr Sie aus der Online-Buchung zu buchen.<\/li>\n<\/ul>\n<p><em>*Bitte lesen Sie unsere vollst\u00e4ndigen Bedingungen und Konditionen <a href=\"https:\/\/www.navascuba.com\/de\/terms-conditions\/\" target=\"_blank\" rel=\"noopener\">vollst\u00e4ndigen Allgemeinen Gesch\u00e4ftsbedingungen durch<\/a>.<\/em><\/p>","protected":false},"excerpt":{"rendered":"<p>Bringen Sie Ihre Tauchfertigkeiten mit einem Pool-Refresher langsam wieder auf Vordermann. \u00dcben Sie in Ihrem eigenen Tempo in einer ruhigen Umgebung mit enger Betreuung durch unsere Tauchlehrer.<\/p>","protected":false},"featured_media":2979,"template":"","meta":[],"product_brand":[],"product_cat":[25],"product_tag":[],"class_list":{"0":"post-1175","1":"product","2":"type-product","3":"status-publish","4":"has-post-thumbnail","6":"product_cat-certified-diver","8":"first","9":"instock","10":"sale","11":"taxable","12":"shipping-taxable","13":"purchasable","14":"product-type-variable"},"_links":{"self":[{"href":"https:\/\/www.navascuba.com\/de\/wp-json\/wp\/v2\/product\/1175","targetHints":{"allow":["GET"]}}],"collection":[{"href":"https:\/\/www.navascuba.com\/de\/wp-json\/wp\/v2\/product"}],"about":[{"href":"https:\/\/www.navascuba.com\/de\/wp-json\/wp\/v2\/types\/product"}],"version-history":[{"count":0,"href":"https:\/\/www.navascuba.com\/de\/wp-json\/wp\/v2\/product\/1175\/revisions"}],"wp:featuredmedia":[{"embeddable":true,"href":"https:\/\/www.navascuba.com\/de\/wp-json\/wp\/v2\/media\/2979"}],"wp:attachment":[{"href":"https:\/\/www.navascuba.com\/de\/wp-json\/wp\/v2\/media?parent=1175"}],"wp:term":[{"taxonomy":"product_brand","embeddable":true,"href":"https:\/\/www.navascuba.com\/de\/wp-json\/wp\/v2\/product_brand?post=1175"},{"taxonomy":"product_cat","embeddable":true,"href":"https:\/\/www.navascuba.com\/de\/wp-json\/wp\/v2\/product_cat?post=1175"},{"taxonomy":"product_tag","embeddable":true,"href":"https:\/\/www.navascuba.com\/de\/wp-json\/wp\/v2\/product_tag?post=1175"}],"curies":[{"name":"wp","href":"https:\/\/api.w.org\/{rel}","templated":true}]}}